{"id":26606,"date":"2022-03-09T11:56:16","date_gmt":"2022-03-09T09:56:16","guid":{"rendered":"https:\/\/www.cerdanya.org\/recetas\/arroz-de-montana\/"},"modified":"2022-04-28T13:52:38","modified_gmt":"2022-04-28T11:52:38","slug":"arroz-de-montana","status":"publish","type":"page","link":"https:\/\/test393.ergatesweb7.ovh\/es\/gastronomia\/recetas\/arroz-de-montana\/","title":{"rendered":"Arroz de monta\u00f1a"},"content":{"rendered":"<div id='av_section_1'  class='avia-section av-hcg34-dbb0092a76b1e9b02c598c8889c3246c main_color avia-section-default avia-no-border-styling  avia-builder-el-0  avia-builder-el-no-sibling  avia-bg-style-scroll container_wrap fullsize'  ><div class='container av-section-cont-open' ><main  role=\"main\" itemprop=\"mainContentOfPage\"  class='template-page content  av-content-full alpha units'><div class='post-entry post-entry-type-page post-entry-26606'><div class='entry-content-wrapper clearfix'>\n\n<style type=\"text\/css\" data-created_by=\"avia_inline_auto\" id=\"style-css-av-d62i8-e1b62b7dc067bcf2940624526674b441\">\n.flex_column.av-d62i8-e1b62b7dc067bcf2940624526674b441{\nborder-radius:0px 0px 0px 0px;\npadding:0px 0px 0px 0px;\n}\n<\/style>\n<div  class='flex_column av-d62i8-e1b62b7dc067bcf2940624526674b441 av_one_third  avia-builder-el-1  el_before_av_two_third  avia-builder-el-first  first flex_column_div av-zero-column-padding  '     ><p>\n<style type=\"text\/css\" data-created_by=\"avia_inline_auto\" id=\"style-css-av-l2isxcpe-50e3c580c641c40b8be8c23ed686e2cc\">\n#top .av-special-heading.av-l2isxcpe-50e3c580c641c40b8be8c23ed686e2cc{\npadding-bottom:20px;\n}\nbody .av-special-heading.av-l2isxcpe-50e3c580c641c40b8be8c23ed686e2cc .av-special-heading-tag .heading-char{\nfont-size:25px;\n}\n.av-special-heading.av-l2isxcpe-50e3c580c641c40b8be8c23ed686e2cc .av-subheading{\nfont-size:15px;\n}\n<\/style>\n<div  class='av-special-heading av-l2isxcpe-50e3c580c641c40b8be8c23ed686e2cc av-special-heading-h2 blockquote modern-quote  avia-builder-el-2  el_before_av_image  avia-builder-el-first  av-linked-heading'><h2 class='av-special-heading-tag '  itemprop=\"headline\"  >Arroz de monta\u00f1a<\/h2><div class=\"special-heading-border\"><div class=\"special-heading-inner-border\"><\/div><\/div><\/div><br \/>\n\n<style type=\"text\/css\" data-created_by=\"avia_inline_auto\" id=\"style-css-av-jvc89ocd-e1161db993388eaba89b89a529cebf21\">\n.avia-image-container.av-jvc89ocd-e1161db993388eaba89b89a529cebf21 img.avia_image{\nbox-shadow:none;\n}\n.avia-image-container.av-jvc89ocd-e1161db993388eaba89b89a529cebf21 .av-image-caption-overlay-center{\ncolor:#ffffff;\n}\n<\/style>\n<div  class='avia-image-container av-jvc89ocd-e1161db993388eaba89b89a529cebf21 av-styling- avia-align-center  avia-builder-el-3  el_after_av_heading  el_before_av_textblock '   itemprop=\"image\" itemscope=\"itemscope\" itemtype=\"https:\/\/schema.org\/ImageObject\" ><div class=\"avia-image-container-inner\"><div class=\"avia-image-overlay-wrap\"><img decoding=\"async\" fetchpriority=\"high\" class='wp-image-16503 avia-img-lazy-loading-not-16503 avia_image ' src=\"https:\/\/test393.ergatesweb7.ovh\/wp-content\/uploads\/2019\/05\/arros_muntanya-1030x688.jpg\" alt='' title='arros_muntanya'  height=\"688\" width=\"1030\"  itemprop=\"thumbnailUrl\" srcset=\"https:\/\/test393.ergatesweb7.ovh\/wp-content\/uploads\/2019\/05\/arros_muntanya-1030x688.jpg 1030w, https:\/\/test393.ergatesweb7.ovh\/wp-content\/uploads\/2019\/05\/arros_muntanya-300x200.jpg 300w, https:\/\/test393.ergatesweb7.ovh\/wp-content\/uploads\/2019\/05\/arros_muntanya-768x513.jpg 768w, https:\/\/test393.ergatesweb7.ovh\/wp-content\/uploads\/2019\/05\/arros_muntanya-1500x1001.jpg 1500w, https:\/\/test393.ergatesweb7.ovh\/wp-content\/uploads\/2019\/05\/arros_muntanya-705x471.jpg 705w, https:\/\/test393.ergatesweb7.ovh\/wp-content\/uploads\/2019\/05\/arros_muntanya-450x300.jpg 450w, https:\/\/test393.ergatesweb7.ovh\/wp-content\/uploads\/2019\/05\/arros_muntanya.jpg 1718w\" sizes=\"(max-width: 1030px) 100vw, 1030px\" \/><\/div><\/div><\/div><br \/>\n<section  class='av_textblock_section av-jvc87pz8-24e22b4bdaf5d3db5e617461c51bdbd2 '   itemscope=\"itemscope\" itemtype=\"https:\/\/schema.org\/CreativeWork\" ><div class='avia_textblock'  itemprop=\"text\" ><p><strong>Autor<\/strong><\/p>\n<p><a href=\"http:\/\/www.cuinacatalana.eu\/\" target=\"_blank\" rel=\"noopener noreferrer\">Fundaci\u00f3n Instituto Catal\u00e1n de la Cocina y la Cultura Gastron\u00f3mica<\/a><\/p>\n<\/div><\/section><\/p><\/div>\n<style type=\"text\/css\" data-created_by=\"avia_inline_auto\" id=\"style-css-av-8udkg-49e0a2a8e2ba57ff1decc227e1ecf295\">\n.flex_column.av-8udkg-49e0a2a8e2ba57ff1decc227e1ecf295{\nborder-radius:0px 0px 0px 0px;\npadding:0px 0px 0px 0px;\n}\n<\/style>\n<div  class='flex_column av-8udkg-49e0a2a8e2ba57ff1decc227e1ecf295 av_two_third  avia-builder-el-5  el_after_av_one_third  avia-builder-el-last  flex_column_div av-zero-column-padding  '     ><p>\n<style type=\"text\/css\" data-created_by=\"avia_inline_auto\" id=\"style-css-av-jvc8k2v5-b530ae9fea88d9b2892306e99c5cd481\">\n#top .hr.hr-invisible.av-jvc8k2v5-b530ae9fea88d9b2892306e99c5cd481{\nheight:30px;\n}\n<\/style>\n<div  class='hr av-jvc8k2v5-b530ae9fea88d9b2892306e99c5cd481 hr-invisible  avia-builder-el-6  el_before_av_textblock  avia-builder-el-first '><span class='hr-inner '><span class=\"hr-inner-style\"><\/span><\/span><\/div><br \/>\n<section  class='av_textblock_section av-jvc87pz8-24e22b4bdaf5d3db5e617461c51bdbd2 '   itemscope=\"itemscope\" itemtype=\"https:\/\/schema.org\/CreativeWork\" ><div class='avia_textblock'  itemprop=\"text\" ><p><strong>Ingredientes<\/strong><\/p>\n<ul>\n<li>Medio conejo cortado en trozos<\/li>\n<li>400 g de arroz<\/li>\n<li>200 g de chuleta de cerdo en trozos peque\u00f1os<\/li>\n<li>100 g de guisantes.<\/li>\n<li>2 cebollas picadas<\/li>\n<li>2 dientes de ajo picados<\/li>\n<li>2 tomates maduros rallados<\/li>\n<li>Hierbas arom\u00e1ticas<\/li>\n<li>Setas (seg\u00fan temporada)<\/li>\n<li>1 litro de agua<\/li>\n<li>Sal<\/li>\n<li>Aceite<\/li>\n<li>Para hacer la picada:<\/li>\n<li>1 diente de ajo<\/li>\n<li>Unas hebras de azafr\u00e1n<\/li>\n<li>Perejil<\/li>\n<\/ul>\n<p><strong>Elaboraci\u00f3n<\/strong><\/p>\n<p>En una cazuela con aceite fre\u00edr los trozos de conejo y de chuleta de cerdo hasta que est\u00e9n bien dorados y retirar. En el mismo aceite que ha quedado haced un sofrito con la cebolla, el ajo y el tomate. Cuando el sofrito est\u00e9 oscuro, reincorporad los trozos de carne y removedlo todo bien. Agregar el arroz, mezclar con el sofrito removiendo un par de minutos y echar el agua hirviendo. Al cabo de un momento, a\u00f1adir los guisantes y la picada mezclada con un poco de caldo de la cocci\u00f3n. Dejar hervir 15 minutos aproximadamente. Si a medio cocer veis que falta agua, se puede a\u00f1adir un poco m\u00e1s, siempre hirviendo.<\/p>\n<\/div><\/section><br \/>\n\n<style type=\"text\/css\" data-created_by=\"avia_inline_auto\" id=\"style-css-av-k9l2qpaw-354664a65f3744c6fb6e45545f8b9820\">\n#top .hr.hr-invisible.av-k9l2qpaw-354664a65f3744c6fb6e45545f8b9820{\nheight:20px;\n}\n<\/style>\n<div  class='hr av-k9l2qpaw-354664a65f3744c6fb6e45545f8b9820 hr-invisible  avia-builder-el-8  el_after_av_textblock  el_before_av_button '><span class='hr-inner '><span class=\"hr-inner-style\"><\/span><\/span><\/div><br \/>\n<div  class='avia-button-wrap av-k9l2roil-c0556c29f272160245281ee5e020e7f0-wrap avia-button-center  avia-builder-el-9  el_after_av_hr  avia-builder-el-last '>\n<style type=\"text\/css\" data-created_by=\"avia_inline_auto\" id=\"style-css-av-k9l2roil-c0556c29f272160245281ee5e020e7f0\">\n#top #wrap_all .avia-button.av-k9l2roil-c0556c29f272160245281ee5e020e7f0{\nbackground-color:#9e9e9e;\nborder-color:#9e9e9e;\ncolor:#ffffff;\ntransition:all 0.4s ease-in-out;\n}\n#top #wrap_all .avia-button.av-k9l2roil-c0556c29f272160245281ee5e020e7f0 .avia-svg-icon svg:first-child{\nfill:#ffffff;\nstroke:#ffffff;\n}\n<\/style>\n<a href='http:\/\/www.cerdanya.org\/wp-content\/uploads\/2020\/04\/recepta-arrosdemuntanya-cerdanya.pdf'  class='avia-button av-k9l2roil-c0556c29f272160245281ee5e020e7f0 av-link-btn avia-icon_select-yes-right-icon avia-size-large avia-position-center'  target=\"_blank\"  rel=\"noopener noreferrer\"  aria-label=\"Desc\u00e1rgate la receta\"><span class='avia_iconbox_title' >Desc\u00e1rgate la receta<\/span><span class='avia_button_icon avia_button_icon_right avia-iconfont avia-font-entypo-fontello' data-av_icon='\ue838' data-av_iconfont='entypo-fontello' ><\/span><\/a><\/div><\/p><\/div>\n","protected":false},"excerpt":{"rendered":"","protected":false},"author":1,"featured_media":16503,"parent":26477,"menu_order":10,"comment_status":"closed","ping_status":"closed","template":"","meta":{"footnotes":""},"class_list":["post-26606","page","type-page","status-publish","has-post-thumbnail","hentry"],"_links":{"self":[{"href":"https:\/\/test393.ergatesweb7.ovh\/es\/wp-json\/wp\/v2\/pages\/26606","targetHints":{"allow":["GET"]}}],"collection":[{"href":"https:\/\/test393.ergatesweb7.ovh\/es\/wp-json\/wp\/v2\/pages"}],"about":[{"href":"https:\/\/test393.ergatesweb7.ovh\/es\/wp-json\/wp\/v2\/types\/page"}],"author":[{"embeddable":true,"href":"https:\/\/test393.ergatesweb7.ovh\/es\/wp-json\/wp\/v2\/users\/1"}],"replies":[{"embeddable":true,"href":"https:\/\/test393.ergatesweb7.ovh\/es\/wp-json\/wp\/v2\/comments?post=26606"}],"version-history":[{"count":2,"href":"https:\/\/test393.ergatesweb7.ovh\/es\/wp-json\/wp\/v2\/pages\/26606\/revisions"}],"predecessor-version":[{"id":32462,"href":"https:\/\/test393.ergatesweb7.ovh\/es\/wp-json\/wp\/v2\/pages\/26606\/revisions\/32462"}],"up":[{"embeddable":true,"href":"https:\/\/test393.ergatesweb7.ovh\/es\/wp-json\/wp\/v2\/pages\/26477"}],"wp:featuredmedia":[{"embeddable":true,"href":"https:\/\/test393.ergatesweb7.ovh\/es\/wp-json\/wp\/v2\/media\/16503"}],"wp:attachment":[{"href":"https:\/\/test393.ergatesweb7.ovh\/es\/wp-json\/wp\/v2\/media?parent=26606"}],"curies":[{"name":"wp","href":"https:\/\/api.w.org\/{rel}","templated":true}]}}