{"id":26601,"date":"2022-03-09T11:41:49","date_gmt":"2022-03-09T09:41:49","guid":{"rendered":"https:\/\/www.cerdanya.org\/descubre\/cultura\/leyendas\/la-leyenda-del-demonio\/"},"modified":"2022-04-28T13:58:07","modified_gmt":"2022-04-28T11:58:07","slug":"la-leyenda-del-demonio","status":"publish","type":"page","link":"https:\/\/test393.ergatesweb7.ovh\/es\/descubre\/cultura\/leyendas\/la-leyenda-del-demonio\/","title":{"rendered":"La leyenda del demonio"},"content":{"rendered":"\n<style type=\"text\/css\" data-created_by=\"avia_inline_auto\" id=\"style-css-av-36rb4oj-ba4d95154227ed0d8a771e7152bf9e9e\">\n.flex_column.av-36rb4oj-ba4d95154227ed0d8a771e7152bf9e9e{\nborder-radius:0px 0px 0px 0px;\npadding:0px 0px 0px 0px;\n}\n<\/style>\n<div  class='flex_column av-36rb4oj-ba4d95154227ed0d8a771e7152bf9e9e av_one_half  avia-builder-el-0  el_before_av_one_half  avia-builder-el-first  first flex_column_div av-zero-column-padding  '     ><section  class='av_textblock_section av-ksyomoyl-25f1f3c8b1a0a9b03a6473be4799410f '   itemscope=\"itemscope\" itemtype=\"https:\/\/schema.org\/CreativeWork\" ><div class='avia_textblock'  itemprop=\"text\" ><p>Una de las leyendas m\u00e1s bonitas de la noche de san Juan, y en la que est\u00e1 involucrado el demonio, es la que nos cuenta que un a\u00f1o, en aquella misma noche, el demonio pasaba corriendo por la comarca de la Cerdanya, mirando los tesoros y las almas que le pertenec\u00edan y que ten\u00eda esparcidas por todo el mundo. Mientras corr\u00eda perdi\u00f3 el sombrero que llevaba, y que le serv\u00eda para recordar d\u00f3nde ten\u00eda los tesoros y las almas. Por mucho que lo busc\u00f3 no le encontr\u00f3, y por eso se dice que si alguien lo encuentra y se le pone descubrir\u00e1 todos los lugares donde el demonio hab\u00eda escondido sus tesoros. Al mismo tiempo, hay que decir que mientras no encuentre el sombrero, el demonio no podr\u00e1 llevarse ninguna alma m\u00e1s hacia el infierno, ya que, sin el sombrero, no puede reconocer cu\u00e1les son las que le pertenecen.<\/p>\n<p>Ser\u00e1 cuesti\u00f3n de buscar el sombrero, pero sin devolv\u00e9rselo.<\/p>\n<\/div><\/section><\/div>\n<style type=\"text\/css\" data-created_by=\"avia_inline_auto\" id=\"style-css-av-1ng0qsz-23c1aa3b7ae50c716d5e85aa47409484\">\n.flex_column.av-1ng0qsz-23c1aa3b7ae50c716d5e85aa47409484{\nborder-radius:0px 0px 0px 0px;\npadding:0px 0px 0px 0px;\n}\n<\/style>\n<div  class='flex_column av-1ng0qsz-23c1aa3b7ae50c716d5e85aa47409484 av_one_half  avia-builder-el-2  el_after_av_one_half  avia-builder-el-last  flex_column_div av-zero-column-padding  '     ><p>\n<style type=\"text\/css\" data-created_by=\"avia_inline_auto\" id=\"style-css-av-2ezdofo-498669feda80b32896c09c62858790cd\">\n#top .av-special-heading.av-2ezdofo-498669feda80b32896c09c62858790cd{\npadding-bottom:10px;\n}\nbody .av-special-heading.av-2ezdofo-498669feda80b32896c09c62858790cd .av-special-heading-tag .heading-char{\nfont-size:25px;\n}\n.av-special-heading.av-2ezdofo-498669feda80b32896c09c62858790cd .av-subheading{\nfont-size:15px;\n}\n<\/style>\n<div  class='av-special-heading av-2ezdofo-498669feda80b32896c09c62858790cd av-special-heading-h3  avia-builder-el-3  el_before_av_player  avia-builder-el-first '><h3 class='av-special-heading-tag '  itemprop=\"headline\"  >Escucha la leyenda<\/h3><div class=\"special-heading-border\"><div class=\"special-heading-inner-border\"><\/div><\/div><\/div><br \/>\n<div id=\"av_player-1\" class=\"av-player av-player-container av-kwp1gaol-fc6c4040781e7dae89e9de85a5eabb3b avia-playerstyle-classic av_player-1  avia-builder-el-4  el_after_av_heading  el_before_av_player  first avia-playlist-no-loop avia-playlist-hide-cover\"><div class=\"av-player-player-container\"><!--[if lt IE 9]><script>document.createElement('audio');<\/script><![endif]-->\n\t<div class=\"wp-playlist wp-audio-playlist wp-playlist-light\">\n\t\t\t<div class=\"wp-playlist-current-item\"><\/div>\n\t\t<audio controls=\"controls\" preload=\"none\" width=\"1478\"\n\t\t\t><\/audio>\n\t<div class=\"wp-playlist-next\"><\/div>\n\t<div class=\"wp-playlist-prev\"><\/div>\n\t<noscript>\n\t<ol>\n\t\t<li><a href='https:\/\/test393.ergatesweb7.ovh\/wp-content\/uploads\/2022\/01\/la-llegenda-del-dimoni-CAT.mp3'>CATAL\u00c0<\/a><\/li>\t<\/ol>\n\t<\/noscript>\n\t<script type=\"application\/json\" class=\"wp-playlist-script\">{\"type\":\"audio\",\"tracklist\":true,\"tracknumbers\":true,\"images\":true,\"artists\":true,\"tracks\":[{\"src\":\"https:\\\/\\\/test393.ergatesweb7.ovh\\\/wp-content\\\/uploads\\\/2022\\\/01\\\/la-llegenda-del-dimoni-CAT.mp3\",\"type\":\"audio\\\/mpeg\",\"title\":\"CATAL\\u00c0\",\"caption\":\"La llegenda del dimoni\",\"description\":\"\\\"CAT LA LLEGENDA DEL DIMONI\\\". Any de publicaci\\u00f3: 2021. \\u00c0udio 1.\",\"meta\":{\"album\":\"La llegenda del dimoni\",\"year\":\"2021\",\"length_formatted\":\"0:51\"},\"image\":{\"src\":\"https:\\\/\\\/test393.ergatesweb7.ovh\\\/wp-includes\\\/images\\\/media\\\/audio.svg\",\"width\":48,\"height\":64},\"thumb\":{\"src\":\"https:\\\/\\\/test393.ergatesweb7.ovh\\\/wp-includes\\\/images\\\/media\\\/audio.svg\",\"width\":48,\"height\":64}}]}<\/script>\n<\/div>\n\t<\/div><\/div><br \/>\n<div id=\"av_player-2\" class=\"av-player av-player-container av-kwp1gaol-fc6c4040781e7dae89e9de85a5eabb3b avia-playerstyle-classic av_player-2  avia-builder-el-5  el_after_av_player  el_before_av_player  avia-playlist-no-loop avia-playlist-hide-cover\"><div class=\"av-player-player-container\"><div class=\"wp-playlist wp-audio-playlist wp-playlist-light\">\n\t\t\t<div class=\"wp-playlist-current-item\"><\/div>\n\t\t<audio controls=\"controls\" preload=\"none\" width=\"1478\"\n\t\t\t><\/audio>\n\t<div class=\"wp-playlist-next\"><\/div>\n\t<div class=\"wp-playlist-prev\"><\/div>\n\t<noscript>\n\t<ol>\n\t\t<li><a href='https:\/\/test393.ergatesweb7.ovh\/wp-content\/uploads\/2022\/01\/la-llegenda-del-dimoni-ES.mp3'>CASTELL\u00c0<\/a><\/li>\t<\/ol>\n\t<\/noscript>\n\t<script type=\"application\/json\" class=\"wp-playlist-script\">{\"type\":\"audio\",\"tracklist\":true,\"tracknumbers\":true,\"images\":true,\"artists\":true,\"tracks\":[{\"src\":\"https:\\\/\\\/test393.ergatesweb7.ovh\\\/wp-content\\\/uploads\\\/2022\\\/01\\\/la-llegenda-del-dimoni-ES.mp3\",\"type\":\"audio\\\/mpeg\",\"title\":\"CASTELL\\u00c0\",\"caption\":\"La leyenda del demonio\",\"description\":\"\",\"meta\":{\"album\":\"La leyenda del demonio\",\"year\":\"2021\",\"length_formatted\":\"0:53\"},\"image\":{\"src\":\"https:\\\/\\\/test393.ergatesweb7.ovh\\\/wp-includes\\\/images\\\/media\\\/audio.svg\",\"width\":48,\"height\":64},\"thumb\":{\"src\":\"https:\\\/\\\/test393.ergatesweb7.ovh\\\/wp-includes\\\/images\\\/media\\\/audio.svg\",\"width\":48,\"height\":64}}]}<\/script>\n<\/div>\n\t<\/div><\/div><br \/>\n<div id=\"av_player-3\" class=\"av-player av-player-container av-kwp1gaol-fc6c4040781e7dae89e9de85a5eabb3b avia-playerstyle-classic av_player-3  avia-builder-el-6  el_after_av_player  el_before_av_player  avia-playlist-no-loop avia-playlist-hide-cover\"><div class=\"av-player-player-container\"><div class=\"wp-playlist wp-audio-playlist wp-playlist-light\">\n\t\t\t<div class=\"wp-playlist-current-item\"><\/div>\n\t\t<audio controls=\"controls\" preload=\"none\" width=\"1478\"\n\t\t\t><\/audio>\n\t<div class=\"wp-playlist-next\"><\/div>\n\t<div class=\"wp-playlist-prev\"><\/div>\n\t<noscript>\n\t<ol>\n\t\t<li><a href='https:\/\/test393.ergatesweb7.ovh\/wp-content\/uploads\/2022\/01\/la-llegenda-del-dimoni-ENG.mp3'>ANGL\u00c8S<\/a><\/li>\t<\/ol>\n\t<\/noscript>\n\t<script type=\"application\/json\" class=\"wp-playlist-script\">{\"type\":\"audio\",\"tracklist\":true,\"tracknumbers\":true,\"images\":true,\"artists\":true,\"tracks\":[{\"src\":\"https:\\\/\\\/test393.ergatesweb7.ovh\\\/wp-content\\\/uploads\\\/2022\\\/01\\\/la-llegenda-del-dimoni-ENG.mp3\",\"type\":\"audio\\\/mpeg\",\"title\":\"ANGL\\u00c8S\",\"caption\":\"The legend of the devil\",\"description\":\"\",\"meta\":{\"album\":\"The legend of the devil\",\"year\":\"2021\",\"length_formatted\":\"0:55\"},\"image\":{\"src\":\"https:\\\/\\\/test393.ergatesweb7.ovh\\\/wp-includes\\\/images\\\/media\\\/audio.svg\",\"width\":48,\"height\":64},\"thumb\":{\"src\":\"https:\\\/\\\/test393.ergatesweb7.ovh\\\/wp-includes\\\/images\\\/media\\\/audio.svg\",\"width\":48,\"height\":64}}]}<\/script>\n<\/div>\n\t<\/div><\/div><br \/>\n<div id=\"av_player-4\" class=\"av-player av-player-container av-kwp1gaol-fc6c4040781e7dae89e9de85a5eabb3b avia-playerstyle-classic av_player-4  avia-builder-el-7  el_after_av_player  avia-builder-el-last  avia-playlist-no-loop avia-playlist-hide-cover\"><div class=\"av-player-player-container\"><div class=\"wp-playlist wp-audio-playlist wp-playlist-light\">\n\t\t\t<div class=\"wp-playlist-current-item\"><\/div>\n\t\t<audio controls=\"controls\" preload=\"none\" width=\"1478\"\n\t\t\t><\/audio>\n\t<div class=\"wp-playlist-next\"><\/div>\n\t<div class=\"wp-playlist-prev\"><\/div>\n\t<noscript>\n\t<ol>\n\t\t<li><a href='https:\/\/test393.ergatesweb7.ovh\/wp-content\/uploads\/2022\/01\/la-llegenda-del-dimoni-FR.mp3'>FRANC\u00c8S<\/a><\/li>\t<\/ol>\n\t<\/noscript>\n\t<script type=\"application\/json\" class=\"wp-playlist-script\">{\"type\":\"audio\",\"tracklist\":true,\"tracknumbers\":true,\"images\":true,\"artists\":true,\"tracks\":[{\"src\":\"https:\\\/\\\/test393.ergatesweb7.ovh\\\/wp-content\\\/uploads\\\/2022\\\/01\\\/la-llegenda-del-dimoni-FR.mp3\",\"type\":\"audio\\\/mpeg\",\"title\":\"FRANC\\u00c8S\",\"caption\":\"La l\\u00e9gende du diable\",\"description\":\"\",\"meta\":{\"album\":\"La l\\u00e9gende du diable\",\"year\":\"2021\",\"length_formatted\":\"0:53\"},\"image\":{\"src\":\"https:\\\/\\\/test393.ergatesweb7.ovh\\\/wp-includes\\\/images\\\/media\\\/audio.svg\",\"width\":48,\"height\":64},\"thumb\":{\"src\":\"https:\\\/\\\/test393.ergatesweb7.ovh\\\/wp-includes\\\/images\\\/media\\\/audio.svg\",\"width\":48,\"height\":64}}]}<\/script>\n<\/div>\n\t<\/div><\/div><\/p><\/div><\/p>\n","protected":false},"excerpt":{"rendered":"","protected":false},"author":3,"featured_media":19170,"parent":26468,"menu_order":100,"comment_status":"closed","ping_status":"closed","template":"","meta":{"footnotes":""},"class_list":["post-26601","page","type-page","status-publish","has-post-thumbnail","hentry"],"_links":{"self":[{"href":"https:\/\/test393.ergatesweb7.ovh\/es\/wp-json\/wp\/v2\/pages\/26601"}],"collection":[{"href":"https:\/\/test393.ergatesweb7.ovh\/es\/wp-json\/wp\/v2\/pages"}],"about":[{"href":"https:\/\/test393.ergatesweb7.ovh\/es\/wp-json\/wp\/v2\/types\/page"}],"author":[{"embeddable":true,"href":"https:\/\/test393.ergatesweb7.ovh\/es\/wp-json\/wp\/v2\/users\/3"}],"replies":[{"embeddable":true,"href":"https:\/\/test393.ergatesweb7.ovh\/es\/wp-json\/wp\/v2\/comments?post=26601"}],"version-history":[{"count":10,"href":"https:\/\/test393.ergatesweb7.ovh\/es\/wp-json\/wp\/v2\/pages\/26601\/revisions"}],"predecessor-version":[{"id":32887,"href":"https:\/\/test393.ergatesweb7.ovh\/es\/wp-json\/wp\/v2\/pages\/26601\/revisions\/32887"}],"up":[{"embeddable":true,"href":"https:\/\/test393.ergatesweb7.ovh\/es\/wp-json\/wp\/v2\/pages\/26468"}],"wp:featuredmedia":[{"embeddable":true,"href":"https:\/\/test393.ergatesweb7.ovh\/es\/wp-json\/wp\/v2\/media\/19170"}],"wp:attachment":[{"href":"https:\/\/test393.ergatesweb7.ovh\/es\/wp-json\/wp\/v2\/media?parent=26601"}],"curies":[{"name":"wp","href":"https:\/\/api.w.org\/{rel}","templated":true}]}}