{"id":26576,"date":"2022-03-09T10:39:56","date_gmt":"2022-03-09T08:39:56","guid":{"rendered":"https:\/\/www.cerdanya.org\/descubre\/cultura\/leyendas\/kerresetcaps\/"},"modified":"2023-02-13T15:11:56","modified_gmt":"2023-02-13T14:11:56","slug":"kerresetcaps","status":"publish","type":"page","link":"https:\/\/test393.ergatesweb7.ovh\/es\/descubre\/cultura\/leyendas\/kerresetcaps\/","title":{"rendered":"Kerresetcaps"},"content":{"rendered":"\n<style type=\"text\/css\" data-created_by=\"avia_inline_auto\" id=\"style-css-av-36rb4oj-ba4d95154227ed0d8a771e7152bf9e9e\">\n.flex_column.av-36rb4oj-ba4d95154227ed0d8a771e7152bf9e9e{\nborder-radius:0px 0px 0px 0px;\npadding:0px 0px 0px 0px;\n}\n<\/style>\n<div  class='flex_column av-36rb4oj-ba4d95154227ed0d8a771e7152bf9e9e av_one_half  avia-builder-el-0  el_before_av_one_half  avia-builder-el-first  first flex_column_div av-zero-column-padding  '     ><section  class='av_textblock_section av-ksyomoyl-25f1f3c8b1a0a9b03a6473be4799410f '   itemscope=\"itemscope\" itemtype=\"https:\/\/schema.org\/CreativeWork\" ><div class='avia_textblock'  itemprop=\"text\" ><p>Era mediados del siglo XVII cuando muchos cerdanos, atemorizados por un posible monstruo, no se atrev\u00edan a ir al bosque ni a le\u00f1ar, ni a buscar setas ni siquiera, a ir de cacer\u00eda. Muchos eran quienes afirmaban haberlo visto, otros ya se lo cre\u00edan despu\u00e9s de haberlo escuchado a los primeros.<\/p>\n<p>Un buen d\u00eda, un puigcerdano se vio con la necesidad de ir a hacer un poco de le\u00f1a y decidi\u00f3 acercarse a los primeros pinos de Salt\u00e8guet, no sin llevarse a su hijo para que estuviera al acecho y le avisara en caso de peligro. No llevaban mucho rato cuando de repente se escuch\u00f3 un berrido. Las piernas del buen hombre iniciaron una r\u00e1pida carrera hacia el lugar donde se encontraba su hijo. \u00a1No estaba! Lo vio un poco m\u00e1s all\u00e1 con un&#8230; \u00a1un extra\u00f1o ser, un terrible monstruo! Le grit\u00f3 angustiado, pero el ni\u00f1o le respondi\u00f3 que era un ser bueno. Sin escucharlo y fuera de s\u00ed, el padre cogi\u00f3 la escopeta que llevaba para hacer frente a la bestia, la cual, despu\u00e9s de un fuerte bramido, desapareci\u00f3 adentr\u00e1ndose en el bosque.<\/p>\n<p>Al llegar al pueblo, despu\u00e9s de haber rega\u00f1ado fuertemente al ni\u00f1o y haberlo encerrado en una habitaci\u00f3n de la casa, sali\u00f3 para contarlo a los amigos y al veguer, en aquellos tiempos la m\u00e1xima autoridad de la comarca. \u00ab\u00a1Ya basta de esta historia que nos tiene asustados a todos los cerdanos!\u00bb, pens\u00f3. Entonces decidi\u00f3 hacer una badida por el lugar donde el monstruo hab\u00eda aparecido. Mientrastanto, en casa, el ni\u00f1o no dejaba de decirle a su madre que aquel ser no era malo. Con todo, el grupo que hab\u00eda salido a buscarlo lo pudo cogerlo vivo, no sin temor y grandes esfuerzos, y lo llev\u00f3 a la prisi\u00f3n. El ni\u00f1o, al enterarse, llor\u00f3 desconsolado. Al d\u00eda siguiente, al exhibirlo enjaulado y bien encadenado en la plaza Mayor, al chico le falt\u00f3 tiempo para escaparse e ir a verle. Se escurri\u00f3 entre la multitud y lleg\u00f3 l c\u00edrculo de personas que se hab\u00eda formado a una distancia prudencial marcada por los soldados. El chico, con un \u00e1gil movimiento, se acerc\u00f3. Todo el mundo gritaba con terror pero nadie se atrev\u00eda a acercarse. La bestia dej\u00f3 de berrear y le dio una de sus manos. Instintivamente, otros muchachos hicieron lo mismo: el monstruo comprendi\u00f3 aquel calor inocente de los ni\u00f1os. Al quererse acercar el padre de uno de los muchachos para apartarle, la fiera repiti\u00f3, de nuevo, un fuerte berreo de pocos amigos. En \u00e9l no notaba el cari\u00f1o. En los dos d\u00edas siguientes, las conversaciones de toda la poblaci\u00f3n y de toda la Cerdanya no era otras que el tema del monstruo, por lo que casi todos los cerdanos se acercaron hacia Puigcerd\u00e0 para verlo antes de que las autoridades lo enviaran a la corte real, como se comentaba.<\/p>\n<p>La gran alegr\u00eda de aquellos cari\u00f1osos muchachos fue la de enterarse de que aquel ser, el<strong>Kerresetcaps<\/strong>, hab\u00eda conseguido escapar. Ellos sab\u00edan que le volver\u00edan a ver por tierras cerdanas juegando con ellos y huyendo de los de coraz\u00f3n duro, los verdaderos monstruos.<\/p>\n<p><em>Sebasti\u00e0 Bosom, archivero comarcal, se inspir\u00f3 en un documento de 1654 localizado en la Biblioteca Nacional de Madrid, donde se menciona la existencia del \u00abKerresetcaps\u00bb. Gracias a su iniciativa, a la ayuda de la Colla de diables y a la del Ayuntamiento del pueblo, la fant\u00e1stica criatura existe hoy para reencontrarse a\u00f1o tras a\u00f1o con los ni\u00f1os de Puigcerd\u00e0 la noche de Sant Joan.<\/em><\/p>\n<\/div><\/section><\/div>\n<style type=\"text\/css\" data-created_by=\"avia_inline_auto\" id=\"style-css-av-1ng0qsz-23c1aa3b7ae50c716d5e85aa47409484\">\n.flex_column.av-1ng0qsz-23c1aa3b7ae50c716d5e85aa47409484{\nborder-radius:0px 0px 0px 0px;\npadding:0px 0px 0px 0px;\n}\n<\/style>\n<div  class='flex_column av-1ng0qsz-23c1aa3b7ae50c716d5e85aa47409484 av_one_half  avia-builder-el-2  el_after_av_one_half  avia-builder-el-last  flex_column_div av-zero-column-padding  '     ><p>\n<style type=\"text\/css\" data-created_by=\"avia_inline_auto\" id=\"style-css-av-936171-75d641a1233b970494a4509180036d55\">\n#top .av-special-heading.av-936171-75d641a1233b970494a4509180036d55{\npadding-bottom:10px;\n}\nbody .av-special-heading.av-936171-75d641a1233b970494a4509180036d55 .av-special-heading-tag .heading-char{\nfont-size:25px;\n}\n.av-special-heading.av-936171-75d641a1233b970494a4509180036d55 .av-subheading{\nfont-size:15px;\n}\n<\/style>\n<div  class='av-special-heading av-936171-75d641a1233b970494a4509180036d55 av-special-heading-h3  avia-builder-el-3  el_before_av_player  avia-builder-el-first '><h3 class='av-special-heading-tag '  itemprop=\"headline\"  >Escucha la leyenda<\/h3><div class=\"special-heading-border\"><div class=\"special-heading-inner-border\"><\/div><\/div><\/div><br \/>\n<div id=\"av_player-1\" class=\"av-player av-player-container av-kwp1gaol-fc6c4040781e7dae89e9de85a5eabb3b avia-playerstyle-classic av_player-1  avia-builder-el-4  el_after_av_heading  el_before_av_player  first avia-playlist-no-loop avia-playlist-hide-cover\"><div class=\"av-player-player-container\"><div class=\"wp-playlist wp-audio-playlist wp-playlist-light\">\n\t\t\t<div class=\"wp-playlist-current-item\"><\/div>\n\t\t<audio controls=\"controls\" preload=\"none\" width=\"1478\"\n\t\t\t><\/audio>\n\t<div class=\"wp-playlist-next\"><\/div>\n\t<div class=\"wp-playlist-prev\"><\/div>\n\t<noscript>\n\t<ol>\n\t\t<li><a href='https:\/\/test393.ergatesweb7.ovh\/wp-content\/uploads\/2022\/01\/kerresetcaps-CAT.mp3'>CATAL\u00c0<\/a><\/li>\t<\/ol>\n\t<\/noscript>\n\t<script type=\"application\/json\" class=\"wp-playlist-script\">{\"type\":\"audio\",\"tracklist\":true,\"tracknumbers\":true,\"images\":true,\"artists\":true,\"tracks\":[{\"src\":\"https:\/\/test393.ergatesweb7.ovh\/wp-content\/uploads\/2022\/01\/kerresetcaps-CAT.mp3\",\"type\":\"audio\/mpeg\",\"title\":\"CATAL\\u00c0\",\"caption\":\"Kerresetcaps\",\"description\":\"\",\"meta\":{\"album\":\"Kerresetcaps\",\"year\":\"2021\",\"length_formatted\":\"2:59\"},\"image\":{\"src\":\"https:\/\/test393.ergatesweb7.ovh\/wp-includes\/images\/media\/audio.svg\",\"width\":48,\"height\":64},\"thumb\":{\"src\":\"https:\/\/test393.ergatesweb7.ovh\/wp-includes\/images\/media\/audio.svg\",\"width\":48,\"height\":64}}]}<\/script>\n<\/div>\n\t<\/div><\/div><br \/>\n<div id=\"av_player-2\" class=\"av-player av-player-container av-kwp1gaol-fc6c4040781e7dae89e9de85a5eabb3b avia-playerstyle-classic av_player-2  avia-builder-el-5  el_after_av_player  el_before_av_player  avia-playlist-no-loop avia-playlist-hide-cover\"><div class=\"av-player-player-container\"><div class=\"wp-playlist wp-audio-playlist wp-playlist-light\">\n\t\t\t<div class=\"wp-playlist-current-item\"><\/div>\n\t\t<audio controls=\"controls\" preload=\"none\" width=\"1478\"\n\t\t\t><\/audio>\n\t<div class=\"wp-playlist-next\"><\/div>\n\t<div class=\"wp-playlist-prev\"><\/div>\n\t<noscript>\n\t<ol>\n\t\t<li><a href='https:\/\/test393.ergatesweb7.ovh\/wp-content\/uploads\/2022\/01\/kerresetcaps-ES.mp3'>CASTELL\u00c0<\/a><\/li>\t<\/ol>\n\t<\/noscript>\n\t<script type=\"application\/json\" class=\"wp-playlist-script\">{\"type\":\"audio\",\"tracklist\":true,\"tracknumbers\":true,\"images\":true,\"artists\":true,\"tracks\":[{\"src\":\"https:\/\/test393.ergatesweb7.ovh\/wp-content\/uploads\/2022\/01\/kerresetcaps-ES.mp3\",\"type\":\"audio\/mpeg\",\"title\":\"CASTELL\\u00c0\",\"caption\":\"Kerresetcaps\",\"description\":\"\",\"meta\":{\"album\":\"Kerresetcaps\",\"year\":\"2021\",\"length_formatted\":\"2:55\"},\"image\":{\"src\":\"https:\/\/test393.ergatesweb7.ovh\/wp-includes\/images\/media\/audio.svg\",\"width\":48,\"height\":64},\"thumb\":{\"src\":\"https:\/\/test393.ergatesweb7.ovh\/wp-includes\/images\/media\/audio.svg\",\"width\":48,\"height\":64}}]}<\/script>\n<\/div>\n\t<\/div><\/div><br \/>\n<div id=\"av_player-3\" class=\"av-player av-player-container av-kwp1gaol-fc6c4040781e7dae89e9de85a5eabb3b avia-playerstyle-classic av_player-3  avia-builder-el-6  el_after_av_player  el_before_av_player  avia-playlist-no-loop avia-playlist-hide-cover\"><div class=\"av-player-player-container\"><div class=\"wp-playlist wp-audio-playlist wp-playlist-light\">\n\t\t\t<div class=\"wp-playlist-current-item\"><\/div>\n\t\t<audio controls=\"controls\" preload=\"none\" width=\"1478\"\n\t\t\t><\/audio>\n\t<div class=\"wp-playlist-next\"><\/div>\n\t<div class=\"wp-playlist-prev\"><\/div>\n\t<noscript>\n\t<ol>\n\t\t<li><a href='https:\/\/test393.ergatesweb7.ovh\/wp-content\/uploads\/2022\/01\/kerresetcaps-ENG.mp3'>ANGL\u00c8S<\/a><\/li>\t<\/ol>\n\t<\/noscript>\n\t<script type=\"application\/json\" class=\"wp-playlist-script\">{\"type\":\"audio\",\"tracklist\":true,\"tracknumbers\":true,\"images\":true,\"artists\":true,\"tracks\":[{\"src\":\"https:\/\/test393.ergatesweb7.ovh\/wp-content\/uploads\/2022\/01\/kerresetcaps-ENG.mp3\",\"type\":\"audio\/mpeg\",\"title\":\"ANGL\\u00c8S\",\"caption\":\"Kerresetcaps\",\"description\":\"\",\"meta\":{\"album\":\"Kerresetcaps\",\"year\":\"2021\",\"length_formatted\":\"3:01\"},\"image\":{\"src\":\"https:\/\/test393.ergatesweb7.ovh\/wp-includes\/images\/media\/audio.svg\",\"width\":48,\"height\":64},\"thumb\":{\"src\":\"https:\/\/test393.ergatesweb7.ovh\/wp-includes\/images\/media\/audio.svg\",\"width\":48,\"height\":64}}]}<\/script>\n<\/div>\n\t<\/div><\/div><br \/>\n<div id=\"av_player-4\" class=\"av-player av-player-container av-kwp1gaol-fc6c4040781e7dae89e9de85a5eabb3b avia-playerstyle-classic av_player-4  avia-builder-el-7  el_after_av_player  avia-builder-el-last  avia-playlist-no-loop avia-playlist-hide-cover\"><div class=\"av-player-player-container\"><div class=\"wp-playlist wp-audio-playlist wp-playlist-light\">\n\t\t\t<div class=\"wp-playlist-current-item\"><\/div>\n\t\t<audio controls=\"controls\" preload=\"none\" width=\"1478\"\n\t\t\t><\/audio>\n\t<div class=\"wp-playlist-next\"><\/div>\n\t<div class=\"wp-playlist-prev\"><\/div>\n\t<noscript>\n\t<ol>\n\t\t<li><a href='https:\/\/test393.ergatesweb7.ovh\/wp-content\/uploads\/2022\/01\/kerresetcaps-FR.mp3'>FRANC\u00c8S<\/a><\/li>\t<\/ol>\n\t<\/noscript>\n\t<script type=\"application\/json\" class=\"wp-playlist-script\">{\"type\":\"audio\",\"tracklist\":true,\"tracknumbers\":true,\"images\":true,\"artists\":true,\"tracks\":[{\"src\":\"https:\/\/test393.ergatesweb7.ovh\/wp-content\/uploads\/2022\/01\/kerresetcaps-FR.mp3\",\"type\":\"audio\/mpeg\",\"title\":\"FRANC\\u00c8S\",\"caption\":\"Kerresetcaps\",\"description\":\"\",\"meta\":{\"album\":\"Kerresetcaps\",\"year\":\"2021\",\"length_formatted\":\"2:53\"},\"image\":{\"src\":\"https:\/\/test393.ergatesweb7.ovh\/wp-includes\/images\/media\/audio.svg\",\"width\":48,\"height\":64},\"thumb\":{\"src\":\"https:\/\/test393.ergatesweb7.ovh\/wp-includes\/images\/media\/audio.svg\",\"width\":48,\"height\":64}}]}<\/script>\n<\/div>\n\t<\/div><\/div><\/p><\/div><\/p>\n","protected":false},"excerpt":{"rendered":"","protected":false},"author":1,"featured_media":19185,"parent":26468,"menu_order":80,"comment_status":"closed","ping_status":"closed","template":"","meta":{"footnotes":""},"class_list":["post-26576","page","type-page","status-publish","has-post-thumbnail","hentry"],"_links":{"self":[{"href":"https:\/\/test393.ergatesweb7.ovh\/es\/wp-json\/wp\/v2\/pages\/26576","targetHints":{"allow":["GET"]}}],"collection":[{"href":"https:\/\/test393.ergatesweb7.ovh\/es\/wp-json\/wp\/v2\/pages"}],"about":[{"href":"https:\/\/test393.ergatesweb7.ovh\/es\/wp-json\/wp\/v2\/types\/page"}],"author":[{"embeddable":true,"href":"https:\/\/test393.ergatesweb7.ovh\/es\/wp-json\/wp\/v2\/users\/1"}],"replies":[{"embeddable":true,"href":"https:\/\/test393.ergatesweb7.ovh\/es\/wp-json\/wp\/v2\/comments?post=26576"}],"version-history":[{"count":3,"href":"https:\/\/test393.ergatesweb7.ovh\/es\/wp-json\/wp\/v2\/pages\/26576\/revisions"}],"predecessor-version":[{"id":42162,"href":"https:\/\/test393.ergatesweb7.ovh\/es\/wp-json\/wp\/v2\/pages\/26576\/revisions\/42162"}],"up":[{"embeddable":true,"href":"https:\/\/test393.ergatesweb7.ovh\/es\/wp-json\/wp\/v2\/pages\/26468"}],"wp:featuredmedia":[{"embeddable":true,"href":"https:\/\/test393.ergatesweb7.ovh\/es\/wp-json\/wp\/v2\/media\/19185"}],"wp:attachment":[{"href":"https:\/\/test393.ergatesweb7.ovh\/es\/wp-json\/wp\/v2\/media?parent=26576"}],"curies":[{"name":"wp","href":"https:\/\/api.w.org\/{rel}","templated":true}]}}