{"id":26573,"date":"2022-03-09T10:28:30","date_gmt":"2022-03-09T08:28:30","guid":{"rendered":"https:\/\/www.cerdanya.org\/descubre\/cultura\/leyendas\/el-acebo-de-boscalt\/"},"modified":"2022-04-28T13:47:02","modified_gmt":"2022-04-28T11:47:02","slug":"el-acebo-de-boscalt","status":"publish","type":"page","link":"https:\/\/test393.ergatesweb7.ovh\/es\/descubre\/cultura\/leyendas\/el-acebo-de-boscalt\/","title":{"rendered":"El acebo de Boscalt"},"content":{"rendered":"\n<style type=\"text\/css\" data-created_by=\"avia_inline_auto\" id=\"style-css-av-36rb4oj-ba4d95154227ed0d8a771e7152bf9e9e\">\n.flex_column.av-36rb4oj-ba4d95154227ed0d8a771e7152bf9e9e{\nborder-radius:0px 0px 0px 0px;\npadding:0px 0px 0px 0px;\n}\n<\/style>\n<div  class='flex_column av-36rb4oj-ba4d95154227ed0d8a771e7152bf9e9e av_one_half  avia-builder-el-0  el_before_av_one_half  avia-builder-el-first  first flex_column_div av-zero-column-padding  '     ><section  class='av_textblock_section av-ksyomoyl-25f1f3c8b1a0a9b03a6473be4799410f '   itemscope=\"itemscope\" itemtype=\"https:\/\/schema.org\/CreativeWork\" ><div class='avia_textblock'  itemprop=\"text\" ><p>Una de las plantas caracter\u00edsticas de la Cerdanya es el acebo que, en realidad, es un \u00e1rbol y no un arbusto, aunque generalmente suele encontrarse en forma arbustiva. Pero si el terreno es el adecuado y esperamos bastantes a\u00f1os, llega a alcanzar la forma arb\u00f3rea, como podemos ver en el acebo del <strong>Santuario de Boscalt<\/strong>, en el Barid\u00e0 (Cava, Alt Urgell). Seg\u00fan la leyenda, si alguien le quiere hacer da\u00f1o, le caer\u00e1 un rayo del cielo para castigarle.<\/p>\n<\/div><\/section><\/div>\n<style type=\"text\/css\" data-created_by=\"avia_inline_auto\" id=\"style-css-av-1ng0qsz-23c1aa3b7ae50c716d5e85aa47409484\">\n.flex_column.av-1ng0qsz-23c1aa3b7ae50c716d5e85aa47409484{\nborder-radius:0px 0px 0px 0px;\npadding:0px 0px 0px 0px;\n}\n<\/style>\n<div  class='flex_column av-1ng0qsz-23c1aa3b7ae50c716d5e85aa47409484 av_one_half  avia-builder-el-2  el_after_av_one_half  avia-builder-el-last  flex_column_div av-zero-column-padding  '     ><p>\n<style type=\"text\/css\" data-created_by=\"avia_inline_auto\" id=\"style-css-av-2oio7tn-fb80036ca4c1b37c0e10aae56e68a085\">\n#top .av-special-heading.av-2oio7tn-fb80036ca4c1b37c0e10aae56e68a085{\npadding-bottom:10px;\n}\nbody .av-special-heading.av-2oio7tn-fb80036ca4c1b37c0e10aae56e68a085 .av-special-heading-tag .heading-char{\nfont-size:25px;\n}\n.av-special-heading.av-2oio7tn-fb80036ca4c1b37c0e10aae56e68a085 .av-subheading{\nfont-size:15px;\n}\n<\/style>\n<div  class='av-special-heading av-2oio7tn-fb80036ca4c1b37c0e10aae56e68a085 av-special-heading-h3  avia-builder-el-3  el_before_av_player  avia-builder-el-first '><h3 class='av-special-heading-tag '  itemprop=\"headline\"  >Escucha la leyenda<\/h3><div class=\"special-heading-border\"><div class=\"special-heading-inner-border\"><\/div><\/div><\/div><br \/>\n<div id=\"av_player-1\" class=\"av-player av-player-container av-kwp1gaol-fc6c4040781e7dae89e9de85a5eabb3b avia-playerstyle-classic av_player-1  avia-builder-el-4  el_after_av_heading  el_before_av_player  first avia-playlist-no-loop avia-playlist-hide-cover\"><div class=\"av-player-player-container\"><div class=\"wp-playlist wp-audio-playlist wp-playlist-light\">\n\t\t\t<div class=\"wp-playlist-current-item\"><\/div>\n\t\t<audio controls=\"controls\" preload=\"none\" width=\"1478\"\n\t\t\t><\/audio>\n\t<div class=\"wp-playlist-next\"><\/div>\n\t<div class=\"wp-playlist-prev\"><\/div>\n\t<noscript>\n\t<ol>\n\t\t<li><a href='https:\/\/test393.ergatesweb7.ovh\/wp-content\/uploads\/2022\/01\/el-boix-de-boscalt-CAT.mp3'>CATAL\u00c0<\/a><\/li>\t<\/ol>\n\t<\/noscript>\n\t<script type=\"application\/json\" class=\"wp-playlist-script\">{\"type\":\"audio\",\"tracklist\":true,\"tracknumbers\":true,\"images\":true,\"artists\":true,\"tracks\":[{\"src\":\"https:\/\/test393.ergatesweb7.ovh\/wp-content\/uploads\/2022\/01\/el-boix-de-boscalt-CAT.mp3\",\"type\":\"audio\/mpeg\",\"title\":\"CATAL\\u00c0\",\"caption\":\"El boix de Boscalt\",\"description\":\"\\\"EL BOIX DE BOSCALT\\\". Any de publicaci\\u00f3: 2021. \\u00c0udio 1.\",\"meta\":{\"album\":\"El boix de Boscalt\",\"year\":\"2021\",\"length_formatted\":\"0:25\"},\"image\":{\"src\":\"https:\/\/test393.ergatesweb7.ovh\/wp-includes\/images\/media\/audio.svg\",\"width\":48,\"height\":64},\"thumb\":{\"src\":\"https:\/\/test393.ergatesweb7.ovh\/wp-includes\/images\/media\/audio.svg\",\"width\":48,\"height\":64}}]}<\/script>\n<\/div>\n\t<\/div><\/div><br \/>\n<div id=\"av_player-2\" class=\"av-player av-player-container av-kwp1gaol-fc6c4040781e7dae89e9de85a5eabb3b avia-playerstyle-classic av_player-2  avia-builder-el-5  el_after_av_player  el_before_av_player  avia-playlist-no-loop avia-playlist-hide-cover\"><div class=\"av-player-player-container\"><div class=\"wp-playlist wp-audio-playlist wp-playlist-light\">\n\t\t\t<div class=\"wp-playlist-current-item\"><\/div>\n\t\t<audio controls=\"controls\" preload=\"none\" width=\"1478\"\n\t\t\t><\/audio>\n\t<div class=\"wp-playlist-next\"><\/div>\n\t<div class=\"wp-playlist-prev\"><\/div>\n\t<noscript>\n\t<ol>\n\t\t<li><a href='https:\/\/test393.ergatesweb7.ovh\/wp-content\/uploads\/2022\/01\/el-boix-de-boscalt-ES.mp3'>CASTELL\u00c0<\/a><\/li>\t<\/ol>\n\t<\/noscript>\n\t<script type=\"application\/json\" class=\"wp-playlist-script\">{\"type\":\"audio\",\"tracklist\":true,\"tracknumbers\":true,\"images\":true,\"artists\":true,\"tracks\":[{\"src\":\"https:\/\/test393.ergatesweb7.ovh\/wp-content\/uploads\/2022\/01\/el-boix-de-boscalt-ES.mp3\",\"type\":\"audio\/mpeg\",\"title\":\"CASTELL\\u00c0\",\"caption\":\"El acebo de Boscalt\",\"description\":\"\",\"meta\":{\"album\":\"El acebo de Boscalt\",\"year\":\"2021\",\"length_formatted\":\"0:26\"},\"image\":{\"src\":\"https:\/\/test393.ergatesweb7.ovh\/wp-includes\/images\/media\/audio.svg\",\"width\":48,\"height\":64},\"thumb\":{\"src\":\"https:\/\/test393.ergatesweb7.ovh\/wp-includes\/images\/media\/audio.svg\",\"width\":48,\"height\":64}}]}<\/script>\n<\/div>\n\t<\/div><\/div><br \/>\n<div id=\"av_player-3\" class=\"av-player av-player-container av-kwp1gaol-fc6c4040781e7dae89e9de85a5eabb3b avia-playerstyle-classic av_player-3  avia-builder-el-6  el_after_av_player  el_before_av_player  avia-playlist-no-loop avia-playlist-hide-cover\"><div class=\"av-player-player-container\"><div class=\"wp-playlist wp-audio-playlist wp-playlist-light\">\n\t\t\t<div class=\"wp-playlist-current-item\"><\/div>\n\t\t<audio controls=\"controls\" preload=\"none\" width=\"1478\"\n\t\t\t><\/audio>\n\t<div class=\"wp-playlist-next\"><\/div>\n\t<div class=\"wp-playlist-prev\"><\/div>\n\t<noscript>\n\t<ol>\n\t\t<li><a href='https:\/\/test393.ergatesweb7.ovh\/wp-content\/uploads\/2022\/01\/el-boix-de-boscalt-ENG.mp3'>ANGL\u00c8S<\/a><\/li>\t<\/ol>\n\t<\/noscript>\n\t<script type=\"application\/json\" class=\"wp-playlist-script\">{\"type\":\"audio\",\"tracklist\":true,\"tracknumbers\":true,\"images\":true,\"artists\":true,\"tracks\":[{\"src\":\"https:\/\/test393.ergatesweb7.ovh\/wp-content\/uploads\/2022\/01\/el-boix-de-boscalt-ENG.mp3\",\"type\":\"audio\/mpeg\",\"title\":\"ANGL\\u00c8S\",\"caption\":\"The holly tree in Boscalt\",\"description\":\"\",\"meta\":{\"album\":\"The holly tree in Boscalt\",\"year\":\"2021\",\"length_formatted\":\"0:29\"},\"image\":{\"src\":\"https:\/\/test393.ergatesweb7.ovh\/wp-includes\/images\/media\/audio.svg\",\"width\":48,\"height\":64},\"thumb\":{\"src\":\"https:\/\/test393.ergatesweb7.ovh\/wp-includes\/images\/media\/audio.svg\",\"width\":48,\"height\":64}}]}<\/script>\n<\/div>\n\t<\/div><\/div><br \/>\n<div id=\"av_player-4\" class=\"av-player av-player-container av-kwp1gaol-fc6c4040781e7dae89e9de85a5eabb3b avia-playerstyle-classic av_player-4  avia-builder-el-7  el_after_av_player  avia-builder-el-last  avia-playlist-no-loop avia-playlist-hide-cover\"><div class=\"av-player-player-container\"><div class=\"wp-playlist wp-audio-playlist wp-playlist-light\">\n\t\t\t<div class=\"wp-playlist-current-item\"><\/div>\n\t\t<audio controls=\"controls\" preload=\"none\" width=\"1478\"\n\t\t\t><\/audio>\n\t<div class=\"wp-playlist-next\"><\/div>\n\t<div class=\"wp-playlist-prev\"><\/div>\n\t<noscript>\n\t<ol>\n\t\t<li><a href='https:\/\/test393.ergatesweb7.ovh\/wp-content\/uploads\/2022\/01\/el-boix-de-boscalt-FR.mp3'>FRANC\u00c8S<\/a><\/li>\t<\/ol>\n\t<\/noscript>\n\t<script type=\"application\/json\" class=\"wp-playlist-script\">{\"type\":\"audio\",\"tracklist\":true,\"tracknumbers\":true,\"images\":true,\"artists\":true,\"tracks\":[{\"src\":\"https:\/\/test393.ergatesweb7.ovh\/wp-content\/uploads\/2022\/01\/el-boix-de-boscalt-FR.mp3\",\"type\":\"audio\/mpeg\",\"title\":\"FRANC\\u00c8S\",\"caption\":\"Le buis du Boscalt\",\"description\":\"\",\"meta\":{\"album\":\"Le buis du Boscalt\",\"year\":\"2021\",\"length_formatted\":\"0:26\"},\"image\":{\"src\":\"https:\/\/test393.ergatesweb7.ovh\/wp-includes\/images\/media\/audio.svg\",\"width\":48,\"height\":64},\"thumb\":{\"src\":\"https:\/\/test393.ergatesweb7.ovh\/wp-includes\/images\/media\/audio.svg\",\"width\":48,\"height\":64}}]}<\/script>\n<\/div>\n\t<\/div><\/div><\/p><\/div><\/p>\n","protected":false},"excerpt":{"rendered":"","protected":false},"author":1,"featured_media":19155,"parent":26468,"menu_order":30,"comment_status":"closed","ping_status":"closed","template":"","meta":{"footnotes":""},"class_list":["post-26573","page","type-page","status-publish","has-post-thumbnail","hentry"],"_links":{"self":[{"href":"https:\/\/test393.ergatesweb7.ovh\/es\/wp-json\/wp\/v2\/pages\/26573","targetHints":{"allow":["GET"]}}],"collection":[{"href":"https:\/\/test393.ergatesweb7.ovh\/es\/wp-json\/wp\/v2\/pages"}],"about":[{"href":"https:\/\/test393.ergatesweb7.ovh\/es\/wp-json\/wp\/v2\/types\/page"}],"author":[{"embeddable":true,"href":"https:\/\/test393.ergatesweb7.ovh\/es\/wp-json\/wp\/v2\/users\/1"}],"replies":[{"embeddable":true,"href":"https:\/\/test393.ergatesweb7.ovh\/es\/wp-json\/wp\/v2\/comments?post=26573"}],"version-history":[{"count":2,"href":"https:\/\/test393.ergatesweb7.ovh\/es\/wp-json\/wp\/v2\/pages\/26573\/revisions"}],"predecessor-version":[{"id":32789,"href":"https:\/\/test393.ergatesweb7.ovh\/es\/wp-json\/wp\/v2\/pages\/26573\/revisions\/32789"}],"up":[{"embeddable":true,"href":"https:\/\/test393.ergatesweb7.ovh\/es\/wp-json\/wp\/v2\/pages\/26468"}],"wp:featuredmedia":[{"embeddable":true,"href":"https:\/\/test393.ergatesweb7.ovh\/es\/wp-json\/wp\/v2\/media\/19155"}],"wp:attachment":[{"href":"https:\/\/test393.ergatesweb7.ovh\/es\/wp-json\/wp\/v2\/media?parent=26573"}],"curies":[{"name":"wp","href":"https:\/\/api.w.org\/{rel}","templated":true}]}}