{"id":26498,"date":"2022-03-09T01:24:04","date_gmt":"2022-03-08T23:24:04","guid":{"rendered":"https:\/\/www.cerdanya.org\/que-hacer\/turismo-activo\/nieve\/"},"modified":"2022-04-28T21:57:23","modified_gmt":"2022-04-28T19:57:23","slug":"nieve","status":"publish","type":"page","link":"https:\/\/test393.ergatesweb7.ovh\/es\/que-hacer\/turismo-activo\/nieve\/","title":{"rendered":"Nieve"},"content":{"rendered":"<section  class='av_textblock_section av-k6m0wljw-a0bc2189291d55c28be6e0bf5554b3ec '   itemscope=\"itemscope\" itemtype=\"https:\/\/schema.org\/CreativeWork\" ><div class='avia_textblock'  itemprop=\"text\" ><blockquote>\n<p>Durante la temporada de invierno se puede disfrutar de la nieve en las magn\u00edficas instalaciones de nuestras estaciones de esqu\u00ed alpino y n\u00f3rdico, o bien realizar excursiones con raquetas de nieve o esqu\u00ed de monta\u00f1a, as\u00ed como muchas actividades m\u00e1s para disfrutar de la nieve . A continuaci\u00f3n encontrar\u00e1s todas las empresas de Cerdanya que ofrecen distintas opciones para disfrutar de la nieve.<\/p>\n<\/blockquote>\n<\/div><\/section>\n\n<style type=\"text\/css\" data-created_by=\"avia_inline_auto\" id=\"style-css-av-9ysbg-9dd3335eaa57baa20e41d526b95cdb9f\">\n.flex_column.av-9ysbg-9dd3335eaa57baa20e41d526b95cdb9f{\nborder-radius:0px 0px 0px 0px;\npadding:0px 0px 0px 0px;\n}\n<\/style>\n<div  class='flex_column av-9ysbg-9dd3335eaa57baa20e41d526b95cdb9f av_one_full  avia-builder-el-1  el_after_av_textblock  el_before_av_hr  first flex_column_div av-zero-column-padding  column-top-margin'     ><\/div>\n\n<style type=\"text\/css\" data-created_by=\"avia_inline_auto\" id=\"style-css-av-jt4shrnp-8d0404110a69708f8eba6c1d7c638c65\">\n#top .hr.hr-invisible.av-jt4shrnp-8d0404110a69708f8eba6c1d7c638c65{\nheight:20px;\n}\n<\/style>\n<div  class='hr av-jt4shrnp-8d0404110a69708f8eba6c1d7c638c65 hr-invisible  avia-builder-el-3  el_after_av_one_full  el_before_av_section  avia-builder-el-last '><span class='hr-inner '><span class=\"hr-inner-style\"><\/span><\/span><\/div>\n<\/div><\/div><\/div><!-- close content main div --><\/div><\/div><div id='av_section_1'  class='avia-section av-8npvg-d05b26e560b2b71d74938a3b374c5c5b main_color avia-section-default avia-no-border-styling  avia-builder-el-4  el_after_av_hr  avia-builder-el-last  avia-bg-style-scroll container_wrap fullsize'  ><div class='container av-section-cont-open' ><div class='template-page content  av-content-full alpha units'><div class='post-entry post-entry-type-page post-entry-26498'><div class='entry-content-wrapper clearfix'>\n\n<style type=\"text\/css\" data-created_by=\"avia_inline_auto\" id=\"style-css-av-2hpeym-6d4e357229310061560ce3fbb53e57ed\">\n.flex_column.av-2hpeym-6d4e357229310061560ce3fbb53e57ed{\nborder-radius:0px 0px 0px 0px;\npadding:0px 0px 0px 0px;\n}\n<\/style>\n<div  class='flex_column av-2hpeym-6d4e357229310061560ce3fbb53e57ed av_one_fourth  avia-builder-el-5  el_before_av_one_half  avia-builder-el-first  first flex_column_div av-zero-column-padding  '     ><\/div>\n<style type=\"text\/css\" data-created_by=\"avia_inline_auto\" id=\"style-css-av-2hpeym-5e09124b11f2b290a1d439151aa0ea74\">\n.flex_column.av-2hpeym-5e09124b11f2b290a1d439151aa0ea74{\nborder-radius:0px 0px 0px 0px;\npadding:0px 0px 0px 0px;\n}\n<\/style>\n<div  class='flex_column av-2hpeym-5e09124b11f2b290a1d439151aa0ea74 av_one_half  avia-builder-el-6  el_after_av_one_fourth  avia-builder-el-last  flex_column_div av-zero-column-padding  '     ><div  class='av_promobox av-k74ecqi6-f765316c1635b128deb9d1ff5a9cdf05 avia-button-no  avia-builder-el-7  avia-builder-el-no-sibling '><div class='avia-promocontent'><\/p>\n<p style=\"text-align: center;\">Si tienes una empresa de actividades de nieve con sede en la Cerdanya y no apareces en la web, por favor, <a href=\"https:\/\/www.cerdanya.org\/es\/informacion-util\/contacto\/\">ponte en contacto con nosotros<\/a>.<\/p>\n<p>\n<\/div><\/div><\/div>\n","protected":false},"excerpt":{"rendered":"","protected":false},"author":3,"featured_media":16582,"parent":26455,"menu_order":30,"comment_status":"closed","ping_status":"closed","template":"","meta":{"footnotes":""},"class_list":["post-26498","page","type-page","status-publish","has-post-thumbnail","hentry"],"_links":{"self":[{"href":"https:\/\/test393.ergatesweb7.ovh\/es\/wp-json\/wp\/v2\/pages\/26498","targetHints":{"allow":["GET"]}}],"collection":[{"href":"https:\/\/test393.ergatesweb7.ovh\/es\/wp-json\/wp\/v2\/pages"}],"about":[{"href":"https:\/\/test393.ergatesweb7.ovh\/es\/wp-json\/wp\/v2\/types\/page"}],"author":[{"embeddable":true,"href":"https:\/\/test393.ergatesweb7.ovh\/es\/wp-json\/wp\/v2\/users\/3"}],"replies":[{"embeddable":true,"href":"https:\/\/test393.ergatesweb7.ovh\/es\/wp-json\/wp\/v2\/comments?post=26498"}],"version-history":[{"count":4,"href":"https:\/\/test393.ergatesweb7.ovh\/es\/wp-json\/wp\/v2\/pages\/26498\/revisions"}],"predecessor-version":[{"id":33729,"href":"https:\/\/test393.ergatesweb7.ovh\/es\/wp-json\/wp\/v2\/pages\/26498\/revisions\/33729"}],"up":[{"embeddable":true,"href":"https:\/\/test393.ergatesweb7.ovh\/es\/wp-json\/wp\/v2\/pages\/26455"}],"wp:featuredmedia":[{"embeddable":true,"href":"https:\/\/test393.ergatesweb7.ovh\/es\/wp-json\/wp\/v2\/media\/16582"}],"wp:attachment":[{"href":"https:\/\/test393.ergatesweb7.ovh\/es\/wp-json\/wp\/v2\/media?parent=26498"}],"curies":[{"name":"wp","href":"https:\/\/api.w.org\/{rel}","templated":true}]}}