{"id":26486,"date":"2022-03-09T01:20:23","date_gmt":"2022-03-08T23:20:23","guid":{"rendered":"https:\/\/www.cerdanya.org\/informacion-util\/otras-webs-de-interes\/"},"modified":"2022-04-28T21:33:03","modified_gmt":"2022-04-28T19:33:03","slug":"otras-webs-de-interes","status":"publish","type":"page","link":"https:\/\/test393.ergatesweb7.ovh\/es\/informacion-util\/otras-webs-de-interes\/","title":{"rendered":"Otras webs de inter\u00e9s"},"content":{"rendered":"\n<style type=\"text\/css\" data-created_by=\"avia_inline_auto\" id=\"style-css-av-m4phr-a4df0e235885dee41ff9ac5c4d732c39\">\n.flex_column.av-m4phr-a4df0e235885dee41ff9ac5c4d732c39{\nborder-radius:0px 0px 0px 0px;\npadding:0px 0px 0px 0px;\n}\n<\/style>\n<div  class='flex_column av-m4phr-a4df0e235885dee41ff9ac5c4d732c39 av_one_full  avia-builder-el-0  el_before_av_one_fourth  avia-builder-el-first  first flex_column_div av-zero-column-padding  '     ><section  class='av_textblock_section av-jr1u4iop-f068843515469e3b44e5d17fd3268e66 '   itemscope=\"itemscope\" itemtype=\"https:\/\/schema.org\/CreativeWork\" ><div class='avia_textblock'  itemprop=\"text\" ><p>A continuaci\u00f3n, encontrar\u00e1s los enlaces a otras webs que pueden ser de tu inter\u00e9s.<\/p>\n<\/div><\/section><\/div>\n\n<style type=\"text\/css\" data-created_by=\"avia_inline_auto\" id=\"style-css-av-h3cxz-c62746a99c8deb9fe98bbe58ab2131bf\">\n.flex_column.av-h3cxz-c62746a99c8deb9fe98bbe58ab2131bf{\nborder-radius:0px 0px 0px 0px;\npadding:0px 0px 0px 0px;\n}\n<\/style>\n<div  class='flex_column av-h3cxz-c62746a99c8deb9fe98bbe58ab2131bf av_one_fourth  avia-builder-el-2  el_after_av_one_full  el_before_av_one_fourth  first flex_column_div av-zero-column-padding  column-top-margin'     ><p>\n<style type=\"text\/css\" data-created_by=\"avia_inline_auto\" id=\"style-css-av-jr1udhqp-0a30475b243ca26e3010770f34eddd9c\">\n.avia-image-container.av-jr1udhqp-0a30475b243ca26e3010770f34eddd9c img.avia_image{\nbox-shadow:none;\n}\n.avia-image-container.av-jr1udhqp-0a30475b243ca26e3010770f34eddd9c .av-image-caption-overlay-center{\ncolor:#ffffff;\n}\n<\/style>\n<div  class='avia-image-container av-jr1udhqp-0a30475b243ca26e3010770f34eddd9c av-styling- av-img-linked avia-align-center  avia-builder-el-3  el_before_av_textblock  avia-builder-el-first '   itemprop=\"image\" itemscope=\"itemscope\" itemtype=\"https:\/\/schema.org\/ImageObject\" ><div class=\"avia-image-container-inner\"><div class=\"avia-image-overlay-wrap\"><a href=\"https:\/\/ca.costabrava.org\/\" class='avia_image '  target=\"_blank\"  rel=\"noopener noreferrer\" aria-label='costa-brava-pirineu-girona'><img decoding=\"async\" fetchpriority=\"high\" class='wp-image-17294 avia-img-lazy-loading-not-17294 avia_image ' src=\"https:\/\/test393.ergatesweb7.ovh\/wp-content\/uploads\/2020\/07\/costa-brava-pirineu-girona-300x188.jpg\" alt='' title='costa-brava-pirineu-girona'  height=\"188\" width=\"300\"  itemprop=\"thumbnailUrl\" srcset=\"https:\/\/test393.ergatesweb7.ovh\/wp-content\/uploads\/2020\/07\/costa-brava-pirineu-girona-300x188.jpg 300w, https:\/\/test393.ergatesweb7.ovh\/wp-content\/uploads\/2020\/07\/costa-brava-pirineu-girona-768x480.jpg 768w, https:\/\/test393.ergatesweb7.ovh\/wp-content\/uploads\/2020\/07\/costa-brava-pirineu-girona-705x441.jpg 705w, https:\/\/test393.ergatesweb7.ovh\/wp-content\/uploads\/2020\/07\/costa-brava-pirineu-girona.jpg 800w\" sizes=\"(max-width: 300px) 100vw, 300px\" \/><\/a><\/div><\/div><\/div><br \/>\n<section  class='av_textblock_section av-jr1u7jdf-6880d37cfbdfe00ab2a42ae3d6f811d2 '   itemscope=\"itemscope\" itemtype=\"https:\/\/schema.org\/CreativeWork\" ><div class='avia_textblock'  itemprop=\"text\" ><p style=\"text-align: center;\"><a href=\"https:\/\/ca.costabrava.org\/\" target=\"_blank\" rel=\"noopener\">Patronat de Turisme Costa Brava &#8211; Pirineu de Girona<\/a><\/p>\n<\/div><\/section><\/p><\/div>\n<style type=\"text\/css\" data-created_by=\"avia_inline_auto\" id=\"style-css-av-ba2zr-876d852d1432a93312db9a0a6d2d736e\">\n.flex_column.av-ba2zr-876d852d1432a93312db9a0a6d2d736e{\nborder-radius:0px 0px 0px 0px;\npadding:0px 0px 0px 0px;\n}\n<\/style>\n<div  class='flex_column av-ba2zr-876d852d1432a93312db9a0a6d2d736e av_one_fourth  avia-builder-el-5  el_after_av_one_fourth  el_before_av_one_fourth  flex_column_div av-zero-column-padding  column-top-margin'     ><p>\n<style type=\"text\/css\" data-created_by=\"avia_inline_auto\" id=\"style-css-av-jr1udhqp-37ed4e935daf0ab1c5370c1363904dbd\">\n.avia-image-container.av-jr1udhqp-37ed4e935daf0ab1c5370c1363904dbd img.avia_image{\nbox-shadow:none;\n}\n.avia-image-container.av-jr1udhqp-37ed4e935daf0ab1c5370c1363904dbd .av-image-caption-overlay-center{\ncolor:#ffffff;\n}\n<\/style>\n<div  class='avia-image-container av-jr1udhqp-37ed4e935daf0ab1c5370c1363904dbd av-styling- av-img-linked avia-align-center  avia-builder-el-6  el_before_av_textblock  avia-builder-el-first '   itemprop=\"image\" itemscope=\"itemscope\" itemtype=\"https:\/\/schema.org\/ImageObject\" ><div class=\"avia-image-container-inner\"><div class=\"avia-image-overlay-wrap\"><a href=\"http:\/\/www.aralleida.cat\/\" class='avia_image '  target=\"_blank\"  rel=\"noopener noreferrer\" aria-label='Logotip-ara-lleida'><img decoding=\"async\" fetchpriority=\"high\" class='wp-image-16314 avia-img-lazy-loading-not-16314 avia_image ' src=\"https:\/\/test393.ergatesweb7.ovh\/wp-content\/uploads\/2019\/01\/Logotip-ara-lleida-300x200.jpg\" alt='' title='Logotip-ara-lleida'  height=\"200\" width=\"300\"  itemprop=\"thumbnailUrl\"  \/><\/a><\/div><\/div><\/div><br \/>\n<section  class='av_textblock_section av-jr1u7jdf-6880d37cfbdfe00ab2a42ae3d6f811d2 '   itemscope=\"itemscope\" itemtype=\"https:\/\/schema.org\/CreativeWork\" ><div class='avia_textblock'  itemprop=\"text\" ><p style=\"text-align: center;\"><a href=\"http:\/\/www.aralleida.cat\/\" target=\"_blank\" rel=\"noopener\">Patronat de Turisme de Lleida<\/a><\/p>\n<\/div><\/section><\/p><\/div>\n<style type=\"text\/css\" data-created_by=\"avia_inline_auto\" id=\"style-css-av-ba2zr-876d852d1432a93312db9a0a6d2d736e\">\n.flex_column.av-ba2zr-876d852d1432a93312db9a0a6d2d736e{\nborder-radius:0px 0px 0px 0px;\npadding:0px 0px 0px 0px;\n}\n<\/style>\n<div  class='flex_column av-ba2zr-876d852d1432a93312db9a0a6d2d736e av_one_fourth  avia-builder-el-8  el_after_av_one_fourth  el_before_av_one_fourth  flex_column_div av-zero-column-padding  column-top-margin'     ><p>\n<style type=\"text\/css\" data-created_by=\"avia_inline_auto\" id=\"style-css-av-jr1udhqp-8c593a27d910a192a9ca80d01cf0ad60\">\n.avia-image-container.av-jr1udhqp-8c593a27d910a192a9ca80d01cf0ad60 img.avia_image{\nbox-shadow:none;\n}\n.avia-image-container.av-jr1udhqp-8c593a27d910a192a9ca80d01cf0ad60 .av-image-caption-overlay-center{\ncolor:#ffffff;\n}\n<\/style>\n<div  class='avia-image-container av-jr1udhqp-8c593a27d910a192a9ca80d01cf0ad60 av-styling- av-img-linked avia-align-center  avia-builder-el-9  el_before_av_textblock  avia-builder-el-first '   itemprop=\"image\" itemscope=\"itemscope\" itemtype=\"https:\/\/schema.org\/ImageObject\" ><div class=\"avia-image-container-inner\"><div class=\"avia-image-overlay-wrap\"><a href=\"http:\/\/www.catalunya.com\/\" class='avia_image '  target=\"_blank\"  rel=\"noopener noreferrer\" aria-label='Logotip-catalunya-turisme'><img decoding=\"async\" fetchpriority=\"high\" class='wp-image-16315 avia-img-lazy-loading-not-16315 avia_image ' src=\"https:\/\/test393.ergatesweb7.ovh\/wp-content\/uploads\/2019\/01\/Logotip-catalunya-turisme-300x200.jpg\" alt='' title='Logotip-catalunya-turisme'  height=\"200\" width=\"300\"  itemprop=\"thumbnailUrl\"  \/><\/a><\/div><\/div><\/div><br \/>\n<section  class='av_textblock_section av-jr1u7jdf-6880d37cfbdfe00ab2a42ae3d6f811d2 '   itemscope=\"itemscope\" itemtype=\"https:\/\/schema.org\/CreativeWork\" ><div class='avia_textblock'  itemprop=\"text\" ><p style=\"text-align: center;\"><a href=\"http:\/\/www.catalunya.com\/\" target=\"_blank\" rel=\"noopener\">Turismo de Catalunya<\/a><\/p>\n<\/div><\/section><\/p><\/div>\n<style type=\"text\/css\" data-created_by=\"avia_inline_auto\" id=\"style-css-av-ba2zr-876d852d1432a93312db9a0a6d2d736e\">\n.flex_column.av-ba2zr-876d852d1432a93312db9a0a6d2d736e{\nborder-radius:0px 0px 0px 0px;\npadding:0px 0px 0px 0px;\n}\n<\/style>\n<div  class='flex_column av-ba2zr-876d852d1432a93312db9a0a6d2d736e av_one_fourth  avia-builder-el-11  el_after_av_one_fourth  el_before_av_one_fourth  flex_column_div av-zero-column-padding  column-top-margin'     ><p>\n<style type=\"text\/css\" data-created_by=\"avia_inline_auto\" id=\"style-css-av-jr1udhqp-098172f5e4982e4aba1f1548d68fc58c\">\n.avia-image-container.av-jr1udhqp-098172f5e4982e4aba1f1548d68fc58c img.avia_image{\nbox-shadow:none;\n}\n.avia-image-container.av-jr1udhqp-098172f5e4982e4aba1f1548d68fc58c .av-image-caption-overlay-center{\ncolor:#ffffff;\n}\n<\/style>\n<div  class='avia-image-container av-jr1udhqp-098172f5e4982e4aba1f1548d68fc58c av-styling- av-img-linked avia-align-center  avia-builder-el-12  el_before_av_textblock  avia-builder-el-first '   itemprop=\"image\" itemscope=\"itemscope\" itemtype=\"https:\/\/schema.org\/ImageObject\" ><div class=\"avia-image-container-inner\"><div class=\"avia-image-overlay-wrap\"><a href=\"http:\/\/www.visitpirineus.com\/ca\" class='avia_image '  target=\"_blank\"  rel=\"noopener noreferrer\" aria-label='Logotip-visitpirineus'><img decoding=\"async\" fetchpriority=\"high\" class='wp-image-16316 avia-img-lazy-loading-not-16316 avia_image ' src=\"https:\/\/test393.ergatesweb7.ovh\/wp-content\/uploads\/2019\/01\/Logotip-visitpirineus-300x200.jpg\" alt='' title='Logotip-visitpirineus'  height=\"200\" width=\"300\"  itemprop=\"thumbnailUrl\"  \/><\/a><\/div><\/div><\/div><br \/>\n<section  class='av_textblock_section av-jr1u7jdf-6880d37cfbdfe00ab2a42ae3d6f811d2 '   itemscope=\"itemscope\" itemtype=\"https:\/\/schema.org\/CreativeWork\" ><div class='avia_textblock'  itemprop=\"text\" ><p style=\"text-align: center;\"><a href=\"http:\/\/www.visitpirineus.com\/ca\" target=\"_blank\" rel=\"noopener\">Pirineus<\/a><\/p>\n<\/div><\/section><\/p><\/div>\n<style type=\"text\/css\" data-created_by=\"avia_inline_auto\" id=\"style-css-av-ba2zr-67992f05f4af4f60c836981a2bb2b707\">\n.flex_column.av-ba2zr-67992f05f4af4f60c836981a2bb2b707{\nborder-radius:0px 0px 0px 0px;\npadding:0px 0px 0px 0px;\n}\n<\/style>\n<div  class='flex_column av-ba2zr-67992f05f4af4f60c836981a2bb2b707 av_one_fourth  avia-builder-el-14  el_after_av_one_fourth  el_before_av_one_fourth  first flex_column_div av-zero-column-padding  column-top-margin'     ><p>\n<style type=\"text\/css\" data-created_by=\"avia_inline_auto\" id=\"style-css-av-jr1udhqp-46a77cdb7e1412ab28f0a104f4a47399\">\n.avia-image-container.av-jr1udhqp-46a77cdb7e1412ab28f0a104f4a47399 img.avia_image{\nbox-shadow:none;\n}\n.avia-image-container.av-jr1udhqp-46a77cdb7e1412ab28f0a104f4a47399 .av-image-caption-overlay-center{\ncolor:#ffffff;\n}\n<\/style>\n<div  class='avia-image-container av-jr1udhqp-46a77cdb7e1412ab28f0a104f4a47399 av-styling- av-img-linked avia-align-center  avia-builder-el-15  el_before_av_textblock  avia-builder-el-first '   itemprop=\"image\" itemscope=\"itemscope\" itemtype=\"https:\/\/schema.org\/ImageObject\" ><div class=\"avia-image-container-inner\"><div class=\"avia-image-overlay-wrap\"><a href=\"http:\/\/www.cerdanya.cat\/\" class='avia_image '  target=\"_blank\"  rel=\"noopener noreferrer\" aria-label='Logotip-Consell-Comarcal-Cerdanya'><img decoding=\"async\" fetchpriority=\"high\" class='wp-image-16317 avia-img-lazy-loading-not-16317 avia_image ' src=\"https:\/\/test393.ergatesweb7.ovh\/wp-content\/uploads\/2019\/01\/Logotip-Consell-Comarcal-Cerdanya-300x200.jpg\" alt='' title='Logotip-Consell-Comarcal-Cerdanya'  height=\"200\" width=\"300\"  itemprop=\"thumbnailUrl\"  \/><\/a><\/div><\/div><\/div><br \/>\n<section  class='av_textblock_section av-jr1u7jdf-6880d37cfbdfe00ab2a42ae3d6f811d2 '   itemscope=\"itemscope\" itemtype=\"https:\/\/schema.org\/CreativeWork\" ><div class='avia_textblock'  itemprop=\"text\" ><p style=\"text-align: center;\"><a href=\"http:\/\/www.cerdanya.cat\/\" target=\"_blank\" rel=\"noopener\">Consell Comarcal de la Cerdanya<\/a><\/p>\n<\/div><\/section><\/p><\/div>\n<style type=\"text\/css\" data-created_by=\"avia_inline_auto\" id=\"style-css-av-ba2zr-876d852d1432a93312db9a0a6d2d736e\">\n.flex_column.av-ba2zr-876d852d1432a93312db9a0a6d2d736e{\nborder-radius:0px 0px 0px 0px;\npadding:0px 0px 0px 0px;\n}\n<\/style>\n<div  class='flex_column av-ba2zr-876d852d1432a93312db9a0a6d2d736e av_one_fourth  avia-builder-el-17  el_after_av_one_fourth  el_before_av_one_fourth  flex_column_div av-zero-column-padding  column-top-margin'     ><p>\n<style type=\"text\/css\" data-created_by=\"avia_inline_auto\" id=\"style-css-av-jr1udhqp-783a41dd03a7b782590904001a3943a8\">\n.avia-image-container.av-jr1udhqp-783a41dd03a7b782590904001a3943a8 img.avia_image{\nbox-shadow:none;\n}\n.avia-image-container.av-jr1udhqp-783a41dd03a7b782590904001a3943a8 .av-image-caption-overlay-center{\ncolor:#ffffff;\n}\n<\/style>\n<div  class='avia-image-container av-jr1udhqp-783a41dd03a7b782590904001a3943a8 av-styling- av-img-linked avia-align-center  avia-builder-el-18  el_before_av_textblock  avia-builder-el-first '   itemprop=\"image\" itemscope=\"itemscope\" itemtype=\"https:\/\/schema.org\/ImageObject\" ><div class=\"avia-image-container-inner\"><div class=\"avia-image-overlay-wrap\"><a href=\"http:\/\/territori.gencat.cat\/ca\/06_territori_i_urbanisme\/idapa\/\" class='avia_image '  target=\"_blank\"  rel=\"noopener noreferrer\" aria-label='IDAPA-Logotip'><img decoding=\"async\" fetchpriority=\"high\" class='wp-image-16318 avia-img-lazy-loading-not-16318 avia_image ' src=\"https:\/\/test393.ergatesweb7.ovh\/wp-content\/uploads\/2019\/01\/IDAPA-Logotip-300x200.jpg\" alt='' title='IDAPA-Logotip'  height=\"200\" width=\"300\"  itemprop=\"thumbnailUrl\"  \/><\/a><\/div><\/div><\/div><br \/>\n<section  class='av_textblock_section av-jr1u7jdf-6880d37cfbdfe00ab2a42ae3d6f811d2 '   itemscope=\"itemscope\" itemtype=\"https:\/\/schema.org\/CreativeWork\" ><div class='avia_textblock'  itemprop=\"text\" ><p style=\"text-align: center;\"><a href=\"http:\/\/territori.gencat.cat\/ca\/06_territori_i_urbanisme\/idapa\/\" target=\"_blank\" rel=\"noopener\">IDAPA<\/a><\/p>\n<\/div><\/section><\/p><\/div>\n<style type=\"text\/css\" data-created_by=\"avia_inline_auto\" id=\"style-css-av-ba2zr-876d852d1432a93312db9a0a6d2d736e\">\n.flex_column.av-ba2zr-876d852d1432a93312db9a0a6d2d736e{\nborder-radius:0px 0px 0px 0px;\npadding:0px 0px 0px 0px;\n}\n<\/style>\n<div  class='flex_column av-ba2zr-876d852d1432a93312db9a0a6d2d736e av_one_fourth  avia-builder-el-20  el_after_av_one_fourth  el_before_av_one_fourth  flex_column_div av-zero-column-padding  column-top-margin'     ><p>\n<style type=\"text\/css\" data-created_by=\"avia_inline_auto\" id=\"style-css-av-jr1udhqp-fdf869e8647491a397013d530f852040\">\n.avia-image-container.av-jr1udhqp-fdf869e8647491a397013d530f852040 img.avia_image{\nbox-shadow:none;\n}\n.avia-image-container.av-jr1udhqp-fdf869e8647491a397013d530f852040 .av-image-caption-overlay-center{\ncolor:#ffffff;\n}\n<\/style>\n<div  class='avia-image-container av-jr1udhqp-fdf869e8647491a397013d530f852040 av-styling- av-img-linked avia-align-center  avia-builder-el-21  el_before_av_textblock  avia-builder-el-first '   itemprop=\"image\" itemscope=\"itemscope\" itemtype=\"https:\/\/schema.org\/ImageObject\" ><div class=\"avia-image-container-inner\"><div class=\"avia-image-overlay-wrap\"><a href=\"https:\/\/www.sompirineu.cat\" class='avia_image '  target=\"_blank\"  rel=\"noopener noreferrer\" aria-label='logo_sompirineu'><img decoding=\"async\" fetchpriority=\"high\" class='wp-image-16693 avia-img-lazy-loading-not-16693 avia_image ' src=\"https:\/\/test393.ergatesweb7.ovh\/wp-content\/uploads\/2020\/04\/logo_sompirineu.png\" alt='' title='logo_sompirineu'  height=\"200\" width=\"300\"  itemprop=\"thumbnailUrl\"  \/><\/a><\/div><\/div><\/div><br \/>\n<section  class='av_textblock_section av-jr1u7jdf-6c5c3b2be9e57ee5ee88e17314ed1859 '   itemscope=\"itemscope\" itemtype=\"https:\/\/schema.org\/CreativeWork\" ><div class='avia_textblock'  itemprop=\"text\" ><p style=\"text-align: center;\"><a href=\"https:\/\/www.sompirineu.cat\" target=\"_blank\" rel=\"noopener\">SOMPirineu<\/a><\/p>\n<\/div><\/section><\/p><\/div>\n<style type=\"text\/css\" data-created_by=\"avia_inline_auto\" id=\"style-css-av-ba2zr-876d852d1432a93312db9a0a6d2d736e\">\n.flex_column.av-ba2zr-876d852d1432a93312db9a0a6d2d736e{\nborder-radius:0px 0px 0px 0px;\npadding:0px 0px 0px 0px;\n}\n<\/style>\n<div  class='flex_column av-ba2zr-876d852d1432a93312db9a0a6d2d736e av_one_fourth  avia-builder-el-23  el_after_av_one_fourth  el_before_av_one_fourth  flex_column_div av-zero-column-padding  column-top-margin'     ><p>\n<style type=\"text\/css\" data-created_by=\"avia_inline_auto\" id=\"style-css-av-jr1udhqp-1cd27fa759a925386eb406458770379f\">\n.avia-image-container.av-jr1udhqp-1cd27fa759a925386eb406458770379f img.avia_image{\nbox-shadow:none;\n}\n.avia-image-container.av-jr1udhqp-1cd27fa759a925386eb406458770379f .av-image-caption-overlay-center{\ncolor:#ffffff;\n}\n<\/style>\n<div  class='avia-image-container av-jr1udhqp-1cd27fa759a925386eb406458770379f av-styling- av-img-linked avia-align-center  avia-builder-el-24  el_before_av_textblock  avia-builder-el-first '   itemprop=\"image\" itemscope=\"itemscope\" itemtype=\"https:\/\/schema.org\/ImageObject\" ><div class=\"avia-image-container-inner\"><div class=\"avia-image-overlay-wrap\"><a href=\"http:\/\/parcsnaturals.gencat.cat\/ca\/cadi\/\" class='avia_image '  target=\"_blank\"  rel=\"noopener noreferrer\" aria-label='logo_cadi_moixero'><img decoding=\"async\" fetchpriority=\"high\" class='wp-image-16692 avia-img-lazy-loading-not-16692 avia_image ' src=\"https:\/\/test393.ergatesweb7.ovh\/wp-content\/uploads\/2020\/04\/logo_cadi_moixero-300x200.png\" alt='' title='logo_cadi_moixero'  height=\"200\" width=\"300\"  itemprop=\"thumbnailUrl\" srcset=\"https:\/\/test393.ergatesweb7.ovh\/wp-content\/uploads\/2020\/04\/logo_cadi_moixero-300x200.png 300w, https:\/\/test393.ergatesweb7.ovh\/wp-content\/uploads\/2020\/04\/logo_cadi_moixero.png 600w\" sizes=\"(max-width: 300px) 100vw, 300px\" \/><\/a><\/div><\/div><\/div><br \/>\n<section  class='av_textblock_section av-jr1u7jdf-6c5c3b2be9e57ee5ee88e17314ed1859 '   itemscope=\"itemscope\" itemtype=\"https:\/\/schema.org\/CreativeWork\" ><div class='avia_textblock'  itemprop=\"text\" ><p style=\"text-align: center;\"><a href=\"http:\/\/parcsnaturals.gencat.cat\/ca\/cadi\/\" target=\"_blank\" rel=\"noopener\">Parque Natural Cad\u00ed-Moixer\u00f3<\/a><\/p>\n<\/div><\/section><\/p><\/div>\n<style type=\"text\/css\" data-created_by=\"avia_inline_auto\" id=\"style-css-av-ba2zr-67992f05f4af4f60c836981a2bb2b707\">\n.flex_column.av-ba2zr-67992f05f4af4f60c836981a2bb2b707{\nborder-radius:0px 0px 0px 0px;\npadding:0px 0px 0px 0px;\n}\n<\/style>\n<div  class='flex_column av-ba2zr-67992f05f4af4f60c836981a2bb2b707 av_one_fourth  avia-builder-el-26  el_after_av_one_fourth  avia-builder-el-last  first flex_column_div av-zero-column-padding  column-top-margin'     ><p>\n<style type=\"text\/css\" data-created_by=\"avia_inline_auto\" id=\"style-css-av-jr1udhqp-1cc14c3952b97b3f3af40cd8e2e2c60e\">\n.avia-image-container.av-jr1udhqp-1cc14c3952b97b3f3af40cd8e2e2c60e img.avia_image{\nbox-shadow:none;\n}\n.avia-image-container.av-jr1udhqp-1cc14c3952b97b3f3af40cd8e2e2c60e .av-image-caption-overlay-center{\ncolor:#ffffff;\n}\n<\/style>\n<div  class='avia-image-container av-jr1udhqp-1cc14c3952b97b3f3af40cd8e2e2c60e av-styling- av-img-linked avia-align-center  avia-builder-el-27  el_before_av_textblock  avia-builder-el-first '   itemprop=\"image\" itemscope=\"itemscope\" itemtype=\"https:\/\/schema.org\/ImageObject\" ><div class=\"avia-image-container-inner\"><div class=\"avia-image-overlay-wrap\"><a href=\"https:\/\/ca.wikiloc.com\/\" class='avia_image '  target=\"_blank\"  rel=\"noopener noreferrer\" aria-label='Logotip-wikiloc'><img decoding=\"async\" fetchpriority=\"high\" class='wp-image-16320 avia-img-lazy-loading-not-16320 avia_image ' src=\"https:\/\/test393.ergatesweb7.ovh\/wp-content\/uploads\/2019\/01\/Logotip-wikiloc-300x200.jpg\" alt='' title='Logotip-wikiloc'  height=\"200\" width=\"300\"  itemprop=\"thumbnailUrl\"  \/><\/a><\/div><\/div><\/div><br \/>\n<section  class='av_textblock_section av-jr1u7jdf-6880d37cfbdfe00ab2a42ae3d6f811d2 '   itemscope=\"itemscope\" itemtype=\"https:\/\/schema.org\/CreativeWork\" ><div class='avia_textblock'  itemprop=\"text\" ><p style=\"text-align: center;\"><a href=\"https:\/\/ca.wikiloc.com\/\" target=\"_blank\" rel=\"noopener\">Wikiloc<\/a><\/p>\n<\/div><\/section><\/p><\/div><\/p>\n","protected":false},"excerpt":{"rendered":"","protected":false},"author":3,"featured_media":16544,"parent":26478,"menu_order":90,"comment_status":"closed","ping_status":"closed","template":"","meta":{"footnotes":""},"class_list":["post-26486","page","type-page","status-publish","has-post-thumbnail","hentry"],"_links":{"self":[{"href":"https:\/\/test393.ergatesweb7.ovh\/es\/wp-json\/wp\/v2\/pages\/26486","targetHints":{"allow":["GET"]}}],"collection":[{"href":"https:\/\/test393.ergatesweb7.ovh\/es\/wp-json\/wp\/v2\/pages"}],"about":[{"href":"https:\/\/test393.ergatesweb7.ovh\/es\/wp-json\/wp\/v2\/types\/page"}],"author":[{"embeddable":true,"href":"https:\/\/test393.ergatesweb7.ovh\/es\/wp-json\/wp\/v2\/users\/3"}],"replies":[{"embeddable":true,"href":"https:\/\/test393.ergatesweb7.ovh\/es\/wp-json\/wp\/v2\/comments?post=26486"}],"version-history":[{"count":5,"href":"https:\/\/test393.ergatesweb7.ovh\/es\/wp-json\/wp\/v2\/pages\/26486\/revisions"}],"predecessor-version":[{"id":33296,"href":"https:\/\/test393.ergatesweb7.ovh\/es\/wp-json\/wp\/v2\/pages\/26486\/revisions\/33296"}],"up":[{"embeddable":true,"href":"https:\/\/test393.ergatesweb7.ovh\/es\/wp-json\/wp\/v2\/pages\/26478"}],"wp:featuredmedia":[{"embeddable":true,"href":"https:\/\/test393.ergatesweb7.ovh\/es\/wp-json\/wp\/v2\/media\/16544"}],"wp:attachment":[{"href":"https:\/\/test393.ergatesweb7.ovh\/es\/wp-json\/wp\/v2\/media?parent=26486"}],"curies":[{"name":"wp","href":"https:\/\/api.w.org\/{rel}","templated":true}]}}