{"id":26481,"date":"2022-03-09T01:16:36","date_gmt":"2022-03-08T23:16:36","guid":{"rendered":"https:\/\/www.cerdanya.org\/gastronomia\/"},"modified":"2022-04-28T13:52:37","modified_gmt":"2022-04-28T11:52:37","slug":"gastronomia","status":"publish","type":"page","link":"https:\/\/test393.ergatesweb7.ovh\/es\/gastronomia\/","title":{"rendered":"Gastronom\u00eda"},"content":{"rendered":"\n<style type=\"text\/css\" data-created_by=\"avia_inline_auto\" id=\"style-css-av-92oy6-106c8891d2d0c345a28d6d8475941110\">\n.flex_column.av-92oy6-106c8891d2d0c345a28d6d8475941110{\nborder-radius:0px 0px 0px 0px;\npadding:0px 0px 0px 0px;\n}\n<\/style>\n<div  class='flex_column av-92oy6-106c8891d2d0c345a28d6d8475941110 av_one_full  avia-builder-el-0  el_before_av_one_full  avia-builder-el-first  first flex_column_div av-zero-column-padding  '     ><section  class='av_textblock_section av-jr6i0xh3-4a05bf1b109c325ef35838e88f33576a '   itemscope=\"itemscope\" itemtype=\"https:\/\/schema.org\/CreativeWork\" ><div class='avia_textblock'  itemprop=\"text\" ><blockquote>\n<p>Cerdanya se caracteriza por la gran abundancia de productos aut\u00f3ctonos, gracias a su privilegiada situaci\u00f3n geogr\u00e1fica. La cocina de la regi\u00f3n es variada, rica y \u00fanica, con platos t\u00edpicos y tradicionales provenientes de la huerta, las aves de corral, la ganader\u00eda, la pesca y la caza, propios de cada \u00e9poca del a\u00f1o.<\/p>\n<p>Entre la oferta gastron\u00f3mica destaca principalmente el Trinxat, el Tir\u00f3 (pato) con nabos, la ensalada de Xicoies (diente de le\u00f3n)&#8230; platos que identifican una cocina natural y personalizada, exclusiva de este valle y elogiada por los gourmets que buscan la originalidad de una cocina aut\u00f3ctona.<\/p>\n<p>En este sentido Cerdanya es conocida como comarca gastron\u00f3mica y, por eso, es el escenario de numerosas jornadas que giran entorno a la gastronom\u00eda: Ger (<strong>Muestra gastron\u00f3mica con nabos<\/strong>), Puigcerd\u00e0 (<strong>Fiesta del Trinxat<\/strong>), Prullans (\u00ab<strong>Dijous Gras<\/strong>\u00bb con la tradicional <strong>tortilla de embutidos<\/strong>)&#8230;, etc.<\/p>\n<\/blockquote>\n<\/div><\/section><\/div>\n<style type=\"text\/css\" data-created_by=\"avia_inline_auto\" id=\"style-css-av-aduha-28007720c80d63d952163d0757aa8fed\">\n.flex_column.av-aduha-28007720c80d63d952163d0757aa8fed{\nborder-radius:0px 0px 0px 0px;\npadding:0px 0px 0px 0px;\n}\n<\/style>\n<div  class='flex_column av-aduha-28007720c80d63d952163d0757aa8fed av_one_full  avia-builder-el-2  el_after_av_one_full  avia-builder-el-last  first flex_column_div av-zero-column-padding  column-top-margin'     ><\/div><\/p>\n","protected":false},"excerpt":{"rendered":"","protected":false},"author":1,"featured_media":16305,"parent":0,"menu_order":0,"comment_status":"closed","ping_status":"closed","template":"","meta":{"footnotes":""},"class_list":["post-26481","page","type-page","status-publish","has-post-thumbnail","hentry"],"_links":{"self":[{"href":"https:\/\/test393.ergatesweb7.ovh\/es\/wp-json\/wp\/v2\/pages\/26481","targetHints":{"allow":["GET"]}}],"collection":[{"href":"https:\/\/test393.ergatesweb7.ovh\/es\/wp-json\/wp\/v2\/pages"}],"about":[{"href":"https:\/\/test393.ergatesweb7.ovh\/es\/wp-json\/wp\/v2\/types\/page"}],"author":[{"embeddable":true,"href":"https:\/\/test393.ergatesweb7.ovh\/es\/wp-json\/wp\/v2\/users\/1"}],"replies":[{"embeddable":true,"href":"https:\/\/test393.ergatesweb7.ovh\/es\/wp-json\/wp\/v2\/comments?post=26481"}],"version-history":[{"count":1,"href":"https:\/\/test393.ergatesweb7.ovh\/es\/wp-json\/wp\/v2\/pages\/26481\/revisions"}],"predecessor-version":[{"id":32824,"href":"https:\/\/test393.ergatesweb7.ovh\/es\/wp-json\/wp\/v2\/pages\/26481\/revisions\/32824"}],"wp:featuredmedia":[{"embeddable":true,"href":"https:\/\/test393.ergatesweb7.ovh\/es\/wp-json\/wp\/v2\/media\/16305"}],"wp:attachment":[{"href":"https:\/\/test393.ergatesweb7.ovh\/es\/wp-json\/wp\/v2\/media?parent=26481"}],"curies":[{"name":"wp","href":"https:\/\/api.w.org\/{rel}","templated":true}]}}