{"id":26480,"date":"2022-03-09T01:16:35","date_gmt":"2022-03-08T23:16:35","guid":{"rendered":"https:\/\/www.cerdanya.org\/restaurantes\/"},"modified":"2022-04-28T13:52:37","modified_gmt":"2022-04-28T11:52:37","slug":"restaurantes","status":"publish","type":"page","link":"https:\/\/test393.ergatesweb7.ovh\/es\/gastronomia\/restaurantes\/","title":{"rendered":"Restaurantes"},"content":{"rendered":"\n<style type=\"text\/css\" data-created_by=\"avia_inline_auto\" id=\"style-css-av-8c2ma-8ad0d8120ff1559a1d76287d0e43a3cd\">\n.flex_column.av-8c2ma-8ad0d8120ff1559a1d76287d0e43a3cd{\nborder-radius:0px 0px 0px 0px;\npadding:0px 0px 0px 0px;\n}\n<\/style>\n<div  class='flex_column av-8c2ma-8ad0d8120ff1559a1d76287d0e43a3cd av_one_full  avia-builder-el-0  el_before_av_hr  avia-builder-el-first  first flex_column_div av-zero-column-padding  '     ><section  class='av_textblock_section av-jvc83ke5-1d10095623bb17950ee30e7bf3fbb427 '   itemscope=\"itemscope\" itemtype=\"https:\/\/schema.org\/CreativeWork\" ><div class='avia_textblock'  itemprop=\"text\" ><blockquote>\n<p>Los restaurantes de la comarca elaboran diferentes cocinas para satisfacer la gran variedad de gustos de todos los visitantes y ofrecen platos que van desde la alta cocina hasta sencillos pero exquisitos, men\u00fas populares cocinados con profesionalidad, cuidado y dedicaci\u00f3n. Tambi\u00e9n tenemos asociaciones como <a href=\"http:\/\/cuinapirinenca.cat\/\" target=\"_blank\" rel=\"noopener noreferrer\">Cuina Pirinenca de Cerdanya<\/a>, la Asociaci\u00f3n de Bares y Restaurantes de la Cerdanya y la <a href=\"https:\/\/origencerdanya.cat\/index.php\" target=\"_blank\" rel=\"noopener noreferrer\">Asociaci\u00f3n Agroalimentaria de Cerdanya<\/a> que trabajan incansablemente para dar a conocer la rica gastronom\u00eda cerdana a todos los que nos visitan.<\/p>\n<p>En el siguiente listado encontrar\u00e1s los restaurantes de toda la Cerdanya.<\/p>\n<\/blockquote>\n<\/div><\/section><\/div>\n<style type=\"text\/css\" data-created_by=\"avia_inline_auto\" id=\"style-css-av-k9jsilbx-da0a7ecb83386b8c185ec7a391b22d8e\">\n#top .hr.hr-invisible.av-k9jsilbx-da0a7ecb83386b8c185ec7a391b22d8e{\nheight:10px;\n}\n<\/style>\n<div  class='hr av-k9jsilbx-da0a7ecb83386b8c185ec7a391b22d8e hr-invisible  avia-builder-el-2  el_after_av_one_full  el_before_av_codeblock '><span class='hr-inner '><span class=\"hr-inner-style\"><\/span><\/span><\/div><\/p>\n\n\n<style type=\"text\/css\" data-created_by=\"avia_inline_auto\" id=\"style-css-av-k9jsilbx-da0a7ecb83386b8c185ec7a391b22d8e\">\n#top .hr.hr-invisible.av-k9jsilbx-da0a7ecb83386b8c185ec7a391b22d8e{\nheight:10px;\n}\n<\/style>\n<div  class='hr av-k9jsilbx-da0a7ecb83386b8c185ec7a391b22d8e hr-invisible  avia-builder-el-4  el_after_av_codeblock  el_before_av_section  avia-builder-el-last '><span class='hr-inner '><span class=\"hr-inner-style\"><\/span><\/span><\/div>\n<\/div><\/div><\/div><!-- close content main div --><\/div><\/div><div id='av_section_1'  class='avia-section av-6vk6q-7a40621402490041bfcf764786ffa843 main_color avia-section-default avia-no-border-styling  avia-builder-el-5  el_after_av_hr  avia-builder-el-last  avia-bg-style-scroll container_wrap fullsize'  ><div class='container av-section-cont-open' ><div class='template-page content  av-content-full alpha units'><div class='post-entry post-entry-type-page post-entry-26480'><div class='entry-content-wrapper clearfix'>\n\n<style type=\"text\/css\" data-created_by=\"avia_inline_auto\" id=\"style-css-av-2hpeym-6d4e357229310061560ce3fbb53e57ed\">\n.flex_column.av-2hpeym-6d4e357229310061560ce3fbb53e57ed{\nborder-radius:0px 0px 0px 0px;\npadding:0px 0px 0px 0px;\n}\n<\/style>\n<div  class='flex_column av-2hpeym-6d4e357229310061560ce3fbb53e57ed av_one_fourth  avia-builder-el-6  el_before_av_one_half  avia-builder-el-first  first flex_column_div av-zero-column-padding  '     ><\/div>\n<style type=\"text\/css\" data-created_by=\"avia_inline_auto\" id=\"style-css-av-2hpeym-5e09124b11f2b290a1d439151aa0ea74\">\n.flex_column.av-2hpeym-5e09124b11f2b290a1d439151aa0ea74{\nborder-radius:0px 0px 0px 0px;\npadding:0px 0px 0px 0px;\n}\n<\/style>\n<div  class='flex_column av-2hpeym-5e09124b11f2b290a1d439151aa0ea74 av_one_half  avia-builder-el-7  el_after_av_one_fourth  avia-builder-el-last  flex_column_div av-zero-column-padding  '     ><div  class='av_promobox av-k74ecqi6-f765316c1635b128deb9d1ff5a9cdf05 avia-button-no  avia-builder-el-8  avia-builder-el-no-sibling '><div class='avia-promocontent'><\/p>\n<p style=\"text-align: center;\">Si tienes un restaurante y no apareces en la web, por favor, <a href=\"http:\/\/www.cerdanya.org\/informacio-util\/contacte\/\">ponte en contacto con nosotros.<\/a><\/p>\n<p>\n<\/div><\/div><\/div>\n\n","protected":false},"excerpt":{"rendered":"","protected":false},"author":1,"featured_media":16500,"parent":26481,"menu_order":10,"comment_status":"closed","ping_status":"closed","template":"","meta":{"footnotes":""},"class_list":["post-26480","page","type-page","status-publish","has-post-thumbnail","hentry"],"_links":{"self":[{"href":"https:\/\/test393.ergatesweb7.ovh\/es\/wp-json\/wp\/v2\/pages\/26480","targetHints":{"allow":["GET"]}}],"collection":[{"href":"https:\/\/test393.ergatesweb7.ovh\/es\/wp-json\/wp\/v2\/pages"}],"about":[{"href":"https:\/\/test393.ergatesweb7.ovh\/es\/wp-json\/wp\/v2\/types\/page"}],"author":[{"embeddable":true,"href":"https:\/\/test393.ergatesweb7.ovh\/es\/wp-json\/wp\/v2\/users\/1"}],"replies":[{"embeddable":true,"href":"https:\/\/test393.ergatesweb7.ovh\/es\/wp-json\/wp\/v2\/comments?post=26480"}],"version-history":[{"count":1,"href":"https:\/\/test393.ergatesweb7.ovh\/es\/wp-json\/wp\/v2\/pages\/26480\/revisions"}],"predecessor-version":[{"id":32825,"href":"https:\/\/test393.ergatesweb7.ovh\/es\/wp-json\/wp\/v2\/pages\/26480\/revisions\/32825"}],"up":[{"embeddable":true,"href":"https:\/\/test393.ergatesweb7.ovh\/es\/wp-json\/wp\/v2\/pages\/26481"}],"wp:featuredmedia":[{"embeddable":true,"href":"https:\/\/test393.ergatesweb7.ovh\/es\/wp-json\/wp\/v2\/media\/16500"}],"wp:attachment":[{"href":"https:\/\/test393.ergatesweb7.ovh\/es\/wp-json\/wp\/v2\/media?parent=26480"}],"curies":[{"name":"wp","href":"https:\/\/api.w.org\/{rel}","templated":true}]}}