{"id":26472,"date":"2022-03-09T01:00:17","date_gmt":"2022-03-08T23:00:17","guid":{"rendered":"https:\/\/www.cerdanya.org\/descubre\/cultura\/"},"modified":"2022-04-28T13:55:19","modified_gmt":"2022-04-28T11:55:19","slug":"cultura","status":"publish","type":"page","link":"https:\/\/test393.ergatesweb7.ovh\/es\/descubre\/cultura\/","title":{"rendered":"Cultura"},"content":{"rendered":"\n<style type=\"text\/css\" data-created_by=\"avia_inline_auto\" id=\"style-css-av-15452-8535d1df0baea41400abb25cc9c2b350\">\n.flex_column.av-15452-8535d1df0baea41400abb25cc9c2b350{\nborder-radius:0px 0px 0px 0px;\npadding:0px 0px 0px 0px;\n}\n<\/style>\n<div  class='flex_column av-15452-8535d1df0baea41400abb25cc9c2b350 av_one_full  avia-builder-el-0  el_before_av_one_full  avia-builder-el-first  first flex_column_div av-zero-column-padding  '     ><section  class='av_textblock_section av-jvmbsvsj-96e1fc2d9bb9a039d5dd10e6bcf0bd10 '   itemscope=\"itemscope\" itemtype=\"https:\/\/schema.org\/CreativeWork\" ><div class='avia_textblock'  itemprop=\"text\" ><blockquote>\n<p>La rica e intensa historia de la Cerdanya ha dotado a la comarca de un rico patrimonio cultural, cuyo exponente m\u00e1s relevante es la arquitectura religiosa rom\u00e1nica, representada en casi todos los n\u00facleos, pero tambi\u00e9n destaca un rico patrimonio cultural y etnogr\u00e1fico que viene dado por un territorio \u00fanico al que a lo largo de los a\u00f1os le ha otorgado una identidad y valores propios que se representan en toda la comarca.<\/p>\n<\/blockquote>\n<\/div><\/section><\/div>\n<style type=\"text\/css\" data-created_by=\"avia_inline_auto\" id=\"style-css-av-x8hy-019c27a6ab049982f3228e233481d3d4\">\n.flex_column.av-x8hy-019c27a6ab049982f3228e233481d3d4{\nborder-radius:0px 0px 0px 0px;\npadding:0px 0px 0px 0px;\n}\n<\/style>\n<div  class='flex_column av-x8hy-019c27a6ab049982f3228e233481d3d4 av_one_full  avia-builder-el-2  el_after_av_one_full  avia-builder-el-last  first flex_column_div av-zero-column-padding  column-top-margin'     ><\/div><\/p>\n","protected":false},"excerpt":{"rendered":"","protected":false},"author":1,"featured_media":16509,"parent":26466,"menu_order":30,"comment_status":"closed","ping_status":"closed","template":"","meta":{"footnotes":""},"class_list":["post-26472","page","type-page","status-publish","has-post-thumbnail","hentry"],"_links":{"self":[{"href":"https:\/\/test393.ergatesweb7.ovh\/es\/wp-json\/wp\/v2\/pages\/26472","targetHints":{"allow":["GET"]}}],"collection":[{"href":"https:\/\/test393.ergatesweb7.ovh\/es\/wp-json\/wp\/v2\/pages"}],"about":[{"href":"https:\/\/test393.ergatesweb7.ovh\/es\/wp-json\/wp\/v2\/types\/page"}],"author":[{"embeddable":true,"href":"https:\/\/test393.ergatesweb7.ovh\/es\/wp-json\/wp\/v2\/users\/1"}],"replies":[{"embeddable":true,"href":"https:\/\/test393.ergatesweb7.ovh\/es\/wp-json\/wp\/v2\/comments?post=26472"}],"version-history":[{"count":4,"href":"https:\/\/test393.ergatesweb7.ovh\/es\/wp-json\/wp\/v2\/pages\/26472\/revisions"}],"predecessor-version":[{"id":32690,"href":"https:\/\/test393.ergatesweb7.ovh\/es\/wp-json\/wp\/v2\/pages\/26472\/revisions\/32690"}],"up":[{"embeddable":true,"href":"https:\/\/test393.ergatesweb7.ovh\/es\/wp-json\/wp\/v2\/pages\/26466"}],"wp:featuredmedia":[{"embeddable":true,"href":"https:\/\/test393.ergatesweb7.ovh\/es\/wp-json\/wp\/v2\/media\/16509"}],"wp:attachment":[{"href":"https:\/\/test393.ergatesweb7.ovh\/es\/wp-json\/wp\/v2\/media?parent=26472"}],"curies":[{"name":"wp","href":"https:\/\/api.w.org\/{rel}","templated":true}]}}