{"id":26470,"date":"2022-03-09T01:00:16","date_gmt":"2022-03-08T23:00:16","guid":{"rendered":"https:\/\/www.cerdanya.org\/leyendas\/aldonca-rossa-la-brujita-de-la-cerdanya\/"},"modified":"2022-04-28T13:42:27","modified_gmt":"2022-04-28T11:42:27","slug":"aldonca-rossa-la-brujita-de-la-cerdanya","status":"publish","type":"page","link":"https:\/\/test393.ergatesweb7.ovh\/es\/descubre\/cultura\/leyendas\/aldonca-rossa-la-brujita-de-la-cerdanya\/","title":{"rendered":"Aldon\u00e7a Rossa, la brujita de la Cerdanya"},"content":{"rendered":"\n<style type=\"text\/css\" data-created_by=\"avia_inline_auto\" id=\"style-css-av-36rb4oj-ba4d95154227ed0d8a771e7152bf9e9e\">\n.flex_column.av-36rb4oj-ba4d95154227ed0d8a771e7152bf9e9e{\nborder-radius:0px 0px 0px 0px;\npadding:0px 0px 0px 0px;\n}\n<\/style>\n<div  class='flex_column av-36rb4oj-ba4d95154227ed0d8a771e7152bf9e9e av_one_half  avia-builder-el-0  el_before_av_one_half  avia-builder-el-first  first flex_column_div av-zero-column-padding  '     ><section  class='av_textblock_section av-ksyomoyl-25f1f3c8b1a0a9b03a6473be4799410f '   itemscope=\"itemscope\" itemtype=\"https:\/\/schema.org\/CreativeWork\" ><div class='avia_textblock'  itemprop=\"text\" ><p>\u00c9rase una vez, en el bonito pueblo de <strong>Bellver de Cerdanya<\/strong> , una ni\u00f1a llamada <strong>Aldon\u00e7a Rossa<\/strong>. A pesar de tener s\u00f3lo doce a\u00f1os, era ya muy valiente y espabilada, y su padre la enviaba a comprar y vender productos para poder traer algunas monedas a casa. En uno de estos viajes, mientras iba hacia Puigcerd\u00e0 para vender una gallina y semillas de c\u00e1\u00f1amo, se encontr\u00f3 a una mujer en mitad del camino. La mujer se present\u00f3 como la <strong>bruja Juanga<\/strong> y le cont\u00f3 las maravillas que hac\u00eda: volaba, creaba pociones, invocaba a seres m\u00e1gicos y maldec\u00eda a quien le hac\u00eda la pu\u00f1eta&#8230; \u00a1Hac\u00eda magia! La ni\u00f1a, embobada, sin pens\u00e1rselo dos veces acept\u00f3 la propuesta de la bruja Juanga: dejar atr\u00e1s su vida triste y humilde para convertirse en una bruja como ella. Aldon\u00e7a lo hizo, s\u00ed, pero sin darse cuenta de que el precio para conseguirlo quiz\u00e1s era demasiado elevado\u2026 Ten\u00eda que renegar de Dios, de la Virgen y de todos los santos para poder vender su alma al mismo diablo.<\/p>\n<p>Una vez convertida en bruja reanud\u00f3 el camino hacia Bellver para empezar su nueva vida. Pero, casualmente o no, se hall\u00f3 con otra mujer. Esta vez era una curandera an\u00f3nima que le ense\u00f1\u00f3 a curar las <strong>paperas.<\/strong> As\u00ed pues, volvi\u00f3 a Bellver y gracias a lo que hab\u00eda aprendido por el camino ejerci\u00f3 de <strong>curandera.<\/strong> Su \u00e9xito era enorme y ven\u00eda gente de todas partes para ver la <strong>brujita de Bellver<\/strong> \u2013nombre con el que se la conoc\u00eda.<\/p>\n<p>Su fortuna fue tan grande como su popularidad, hasta que un vecino la denunci\u00f3 en la <strong>Santa Inquisici\u00f3n<\/strong>. Durante el interrogatorio que se celebr\u00f3 en la <strong>Casa de la Villa de la Plaza Mayor<\/strong>, ella confes\u00f3 ser bruja y explic\u00f3 que sobrevolaba <strong>el estanque del Malniu<\/strong> por las noches con sus compa\u00f1eras y compa\u00f1eros. Finalmente, todo termin\u00f3 m\u00e1s o menos bien. Se le prohibi\u00f3 ejercer de bruja as\u00ed como de curandera si quer\u00eda seguir viva. Aldon\u00e7a sigui\u00f3 viva, s\u00ed, pero perdi\u00f3 la fama, el trabajo y la fortuna.<\/p>\n<\/div><\/section><\/div>\n\n<style type=\"text\/css\" data-created_by=\"avia_inline_auto\" id=\"style-css-av-1ng0qsz-23c1aa3b7ae50c716d5e85aa47409484\">\n.flex_column.av-1ng0qsz-23c1aa3b7ae50c716d5e85aa47409484{\nborder-radius:0px 0px 0px 0px;\npadding:0px 0px 0px 0px;\n}\n<\/style>\n<div  class='flex_column av-1ng0qsz-23c1aa3b7ae50c716d5e85aa47409484 av_one_half  avia-builder-el-2  el_after_av_one_half  avia-builder-el-last  flex_column_div av-zero-column-padding  '     ><p>\n<style type=\"text\/css\" data-created_by=\"avia_inline_auto\" id=\"style-css-av-157fz39-70810cb185f04009c472f27f29b4945a\">\n#top .av-special-heading.av-157fz39-70810cb185f04009c472f27f29b4945a{\npadding-bottom:10px;\n}\nbody .av-special-heading.av-157fz39-70810cb185f04009c472f27f29b4945a .av-special-heading-tag .heading-char{\nfont-size:25px;\n}\n.av-special-heading.av-157fz39-70810cb185f04009c472f27f29b4945a .av-subheading{\nfont-size:15px;\n}\n<\/style>\n<div  class='av-special-heading av-157fz39-70810cb185f04009c472f27f29b4945a av-special-heading-h3  avia-builder-el-3  el_before_av_player  avia-builder-el-first '><h3 class='av-special-heading-tag '  itemprop=\"headline\"  >Escucha la leyenda<\/h3><div class=\"special-heading-border\"><div class=\"special-heading-inner-border\"><\/div><\/div><\/div><br \/>\n<div id=\"av_player-1\" class=\"av-player av-player-container av-kwp1gaol-fc6c4040781e7dae89e9de85a5eabb3b avia-playerstyle-classic av_player-1  avia-builder-el-4  el_after_av_heading  el_before_av_player  first avia-playlist-no-loop avia-playlist-hide-cover\"><div class=\"av-player-player-container\"><div class=\"wp-playlist wp-audio-playlist wp-playlist-light\">\n\t\t\t<div class=\"wp-playlist-current-item\"><\/div>\n\t\t<audio controls=\"controls\" preload=\"none\" width=\"1478\"\n\t\t\t><\/audio>\n\t<div class=\"wp-playlist-next\"><\/div>\n\t<div class=\"wp-playlist-prev\"><\/div>\n\t<noscript>\n\t<ol>\n\t\t<li><a href='https:\/\/test393.ergatesweb7.ovh\/wp-content\/uploads\/2022\/01\/aldonca-rossa-CAT.mp3'>CATAL\u00c0<\/a><\/li>\t<\/ol>\n\t<\/noscript>\n\t<script type=\"application\/json\" class=\"wp-playlist-script\">{\"type\":\"audio\",\"tracklist\":true,\"tracknumbers\":true,\"images\":true,\"artists\":true,\"tracks\":[{\"src\":\"https:\/\/test393.ergatesweb7.ovh\/wp-content\/uploads\/2022\/01\/aldonca-rossa-CAT.mp3\",\"type\":\"audio\/mpeg\",\"title\":\"CATAL\\u00c0\",\"caption\":\"Aldon\\u00e7a Rossa, la bruixeta de la Cerdanya\",\"description\":\"\",\"meta\":{\"album\":\"Aldon\\u00e7a Rossa, la bruixeta de la Cerdanya\",\"year\":\"2021\",\"length_formatted\":\"2:01\"},\"image\":{\"src\":\"https:\/\/test393.ergatesweb7.ovh\/wp-includes\/images\/media\/audio.svg\",\"width\":48,\"height\":64},\"thumb\":{\"src\":\"https:\/\/test393.ergatesweb7.ovh\/wp-includes\/images\/media\/audio.svg\",\"width\":48,\"height\":64}}]}<\/script>\n<\/div>\n\t<\/div><\/div><br \/>\n<div id=\"av_player-2\" class=\"av-player av-player-container av-kwp1gaol-fc6c4040781e7dae89e9de85a5eabb3b avia-playerstyle-classic av_player-2  avia-builder-el-5  el_after_av_player  el_before_av_player  avia-playlist-no-loop avia-playlist-hide-cover\"><div class=\"av-player-player-container\"><div class=\"wp-playlist wp-audio-playlist wp-playlist-light\">\n\t\t\t<div class=\"wp-playlist-current-item\"><\/div>\n\t\t<audio controls=\"controls\" preload=\"none\" width=\"1478\"\n\t\t\t><\/audio>\n\t<div class=\"wp-playlist-next\"><\/div>\n\t<div class=\"wp-playlist-prev\"><\/div>\n\t<noscript>\n\t<ol>\n\t\t<li><a href='https:\/\/test393.ergatesweb7.ovh\/wp-content\/uploads\/2022\/01\/aldonca-rossa-ES.mp3'>CASTELL\u00c0<\/a><\/li>\t<\/ol>\n\t<\/noscript>\n\t<script type=\"application\/json\" class=\"wp-playlist-script\">{\"type\":\"audio\",\"tracklist\":true,\"tracknumbers\":true,\"images\":true,\"artists\":true,\"tracks\":[{\"src\":\"https:\/\/test393.ergatesweb7.ovh\/wp-content\/uploads\/2022\/01\/aldonca-rossa-ES.mp3\",\"type\":\"audio\/mpeg\",\"title\":\"CASTELL\\u00c0\",\"caption\":\"Aldon\\u00e7a Rossa, la brujita de Cerda\\u00f1a\",\"description\":\"\",\"meta\":{\"album\":\"Aldon\\u00e7a Rossa, la brujita de Cerda\\u00f1a\",\"year\":\"2021\",\"length_formatted\":\"2:02\"},\"image\":{\"src\":\"https:\/\/test393.ergatesweb7.ovh\/wp-includes\/images\/media\/audio.svg\",\"width\":48,\"height\":64},\"thumb\":{\"src\":\"https:\/\/test393.ergatesweb7.ovh\/wp-includes\/images\/media\/audio.svg\",\"width\":48,\"height\":64}}]}<\/script>\n<\/div>\n\t<\/div><\/div><br \/>\n<div id=\"av_player-3\" class=\"av-player av-player-container av-kwp1gaol-fc6c4040781e7dae89e9de85a5eabb3b avia-playerstyle-classic av_player-3  avia-builder-el-6  el_after_av_player  el_before_av_player  avia-playlist-no-loop avia-playlist-hide-cover\"><div class=\"av-player-player-container\"><div class=\"wp-playlist wp-audio-playlist wp-playlist-light\">\n\t\t\t<div class=\"wp-playlist-current-item\"><\/div>\n\t\t<audio controls=\"controls\" preload=\"none\" width=\"1478\"\n\t\t\t><\/audio>\n\t<div class=\"wp-playlist-next\"><\/div>\n\t<div class=\"wp-playlist-prev\"><\/div>\n\t<noscript>\n\t<ol>\n\t\t<li><a href='https:\/\/test393.ergatesweb7.ovh\/wp-content\/uploads\/2022\/01\/aldonca-rossa-ENG.mp3'>ANGL\u00c8S<\/a><\/li>\t<\/ol>\n\t<\/noscript>\n\t<script type=\"application\/json\" class=\"wp-playlist-script\">{\"type\":\"audio\",\"tracklist\":true,\"tracknumbers\":true,\"images\":true,\"artists\":true,\"tracks\":[{\"src\":\"https:\/\/test393.ergatesweb7.ovh\/wp-content\/uploads\/2022\/01\/aldonca-rossa-ENG.mp3\",\"type\":\"audio\/mpeg\",\"title\":\"ANGL\\u00c8S\",\"caption\":\"Aldon\\u00e7a Rossa, the witch of Cerdanya\",\"description\":\"\",\"meta\":{\"album\":\"Aldon\\u00e7a Rossa, the witch of Cerdanya\",\"year\":\"2021\",\"length_formatted\":\"2:18\"},\"image\":{\"src\":\"https:\/\/test393.ergatesweb7.ovh\/wp-includes\/images\/media\/audio.svg\",\"width\":48,\"height\":64},\"thumb\":{\"src\":\"https:\/\/test393.ergatesweb7.ovh\/wp-includes\/images\/media\/audio.svg\",\"width\":48,\"height\":64}}]}<\/script>\n<\/div>\n\t<\/div><\/div><br \/>\n<div id=\"av_player-4\" class=\"av-player av-player-container av-kwp1gaol-fc6c4040781e7dae89e9de85a5eabb3b avia-playerstyle-classic av_player-4  avia-builder-el-7  el_after_av_player  avia-builder-el-last  avia-playlist-no-loop avia-playlist-hide-cover\"><div class=\"av-player-player-container\"><div class=\"wp-playlist wp-audio-playlist wp-playlist-light\">\n\t\t\t<div class=\"wp-playlist-current-item\"><\/div>\n\t\t<audio controls=\"controls\" preload=\"none\" width=\"1478\"\n\t\t\t><\/audio>\n\t<div class=\"wp-playlist-next\"><\/div>\n\t<div class=\"wp-playlist-prev\"><\/div>\n\t<noscript>\n\t<ol>\n\t\t<li><a href='https:\/\/test393.ergatesweb7.ovh\/wp-content\/uploads\/2022\/01\/aldonca-rossa-FR.mp3'>FRANC\u00c8S<\/a><\/li>\t<\/ol>\n\t<\/noscript>\n\t<script type=\"application\/json\" class=\"wp-playlist-script\">{\"type\":\"audio\",\"tracklist\":true,\"tracknumbers\":true,\"images\":true,\"artists\":true,\"tracks\":[{\"src\":\"https:\/\/test393.ergatesweb7.ovh\/wp-content\/uploads\/2022\/01\/aldonca-rossa-FR.mp3\",\"type\":\"audio\/mpeg\",\"title\":\"FRANC\\u00c8S\",\"caption\":\"Aldon\\u00e7a Rossa, la petite sorci\\u00e8re de Cerdagne\",\"description\":\"\",\"meta\":{\"album\":\"Aldon\\u00e7a Rossa, la petite sorci\\u00e8re de Cerdagne\",\"year\":\"2021\",\"length_formatted\":\"2:07\"},\"image\":{\"src\":\"https:\/\/test393.ergatesweb7.ovh\/wp-includes\/images\/media\/audio.svg\",\"width\":48,\"height\":64},\"thumb\":{\"src\":\"https:\/\/test393.ergatesweb7.ovh\/wp-includes\/images\/media\/audio.svg\",\"width\":48,\"height\":64}}]}<\/script>\n<\/div>\n\t<\/div><\/div><\/p><\/div>\n","protected":false},"excerpt":{"rendered":"","protected":false},"author":1,"featured_media":19149,"parent":26468,"menu_order":10,"comment_status":"closed","ping_status":"closed","template":"","meta":{"footnotes":""},"class_list":["post-26470","page","type-page","status-publish","has-post-thumbnail","hentry"],"_links":{"self":[{"href":"https:\/\/test393.ergatesweb7.ovh\/es\/wp-json\/wp\/v2\/pages\/26470","targetHints":{"allow":["GET"]}}],"collection":[{"href":"https:\/\/test393.ergatesweb7.ovh\/es\/wp-json\/wp\/v2\/pages"}],"about":[{"href":"https:\/\/test393.ergatesweb7.ovh\/es\/wp-json\/wp\/v2\/types\/page"}],"author":[{"embeddable":true,"href":"https:\/\/test393.ergatesweb7.ovh\/es\/wp-json\/wp\/v2\/users\/1"}],"replies":[{"embeddable":true,"href":"https:\/\/test393.ergatesweb7.ovh\/es\/wp-json\/wp\/v2\/comments?post=26470"}],"version-history":[{"count":3,"href":"https:\/\/test393.ergatesweb7.ovh\/es\/wp-json\/wp\/v2\/pages\/26470\/revisions"}],"predecessor-version":[{"id":32736,"href":"https:\/\/test393.ergatesweb7.ovh\/es\/wp-json\/wp\/v2\/pages\/26470\/revisions\/32736"}],"up":[{"embeddable":true,"href":"https:\/\/test393.ergatesweb7.ovh\/es\/wp-json\/wp\/v2\/pages\/26468"}],"wp:featuredmedia":[{"embeddable":true,"href":"https:\/\/test393.ergatesweb7.ovh\/es\/wp-json\/wp\/v2\/media\/19149"}],"wp:attachment":[{"href":"https:\/\/test393.ergatesweb7.ovh\/es\/wp-json\/wp\/v2\/media?parent=26470"}],"curies":[{"name":"wp","href":"https:\/\/api.w.org\/{rel}","templated":true}]}}