{"id":26469,"date":"2022-03-09T01:00:16","date_gmt":"2022-03-08T23:00:16","guid":{"rendered":"https:\/\/www.cerdanya.org\/fiestas-y-tradiciones\/"},"modified":"2022-04-28T13:41:45","modified_gmt":"2022-04-28T11:41:45","slug":"fiestas-y-tradiciones","status":"publish","type":"page","link":"https:\/\/test393.ergatesweb7.ovh\/es\/descubre\/cultura\/fiestas-y-tradiciones\/","title":{"rendered":"Fiestas y tradiciones"},"content":{"rendered":"\n<style type=\"text\/css\" data-created_by=\"avia_inline_auto\" id=\"style-css-av-1jz6d-7fbb87508e438e6a7f3633735b2e355c\">\n.flex_column.av-1jz6d-7fbb87508e438e6a7f3633735b2e355c{\nborder-radius:0px 0px 0px 0px;\npadding:0px 0px 0px 0px;\n}\n<\/style>\n<div  class='flex_column av-1jz6d-7fbb87508e438e6a7f3633735b2e355c av_one_full  avia-builder-el-0  el_before_av_two_third  avia-builder-el-first  first flex_column_div av-zero-column-padding  '     ><section  class='av_textblock_section av-k7q3q5qc-6d13f86b16fa6c1a9e2b8f0894241733 '   itemscope=\"itemscope\" itemtype=\"https:\/\/schema.org\/CreativeWork\" ><div class='avia_textblock'  itemprop=\"text\" ><blockquote>\n<p>La Cerdanya es sin\u00f3nimo de tradici\u00f3n y fiestas populares. Muchos de los pueblos que se encuentran en la geograf\u00eda cerdana han convertido la celebraci\u00f3n del fin de las cosechas en su Fiesta Mayor, una de las citas m\u00e1s importantes de todo el a\u00f1o que re\u00fane a todos sus habitantes. El valle, adem\u00e1s, acoge a\u00f1o tras a\u00f1o danzas y ancestrales ritos populares que alegran y ponen color las calles de todas las villas y ciudades.<\/p>\n<\/blockquote>\n<\/div><\/section><\/div>\n<style type=\"text\/css\" data-created_by=\"avia_inline_auto\" id=\"style-css-av-1jz6d-7fbb87508e438e6a7f3633735b2e355c\">\n.flex_column.av-1jz6d-7fbb87508e438e6a7f3633735b2e355c{\nborder-radius:0px 0px 0px 0px;\npadding:0px 0px 0px 0px;\n}\n<\/style>\n<div  class='flex_column av-1jz6d-7fbb87508e438e6a7f3633735b2e355c av_two_third  avia-builder-el-2  el_after_av_one_full  el_before_av_one_third  first flex_column_div av-zero-column-padding  column-top-margin'     ><p><section  class='av_textblock_section av-k7q3q5qc-6d13f86b16fa6c1a9e2b8f0894241733 '   itemscope=\"itemscope\" itemtype=\"https:\/\/schema.org\/CreativeWork\" ><div class='avia_textblock'  itemprop=\"text\" ><p>Sin embargo, las actividades no se acaban aqu\u00ed, ya que la comarca tambi\u00e9n es testigo de numerosos ciclos de conciertos de m\u00fasica cl\u00e1sica (en Bellver, Ll\u00edvia, Puigcerd\u00e0, Ix&#8230;); encuentros de acordeonistas, la Fiesta del Estany en Puigcerd\u00e0, los encuentros no religiosos en Fontanera o en Vilallobent, los encuentros y fiestas gastron\u00f3micas, como: la Fiesta del Trinxat en Puigcerd\u00e0, la Fiesta del Nap en Ger, el \u201cDijous Gras\u201d en Prullans con la tradicional tortilla de embutidos y ferias anuales como la Feria de Sant Lloren\u00e7 de Bellver, las ferias del ganado, como la del caballo de Puigcerd\u00e0 o las ferias del deporte, entre otras. Celebraciones que otorgan autenticidad y tradici\u00f3n a la comarca.<\/p>\n<p>En la agenda de nuestra web, encontrar\u00e1s todas las fiestas, conciertos, competiciones deportivas, encuentros, conciertos&#8230;<\/p>\n<\/div><\/section><br \/>\n<div  class='avia-button-wrap av-k7q3r0sg-56cdb21faf6c31aea579cac9fb9d141f-wrap avia-button-center  avia-builder-el-4  el_after_av_textblock  avia-builder-el-last '><a href='\/events'  class='avia-button av-k7q3r0sg-56cdb21faf6c31aea579cac9fb9d141f av-link-btn avia-icon_select-yes-left-icon avia-size-x-large avia-position-center avia-color-theme-color'   aria-label=\"Agenda de la Cerdanya\"><span class='avia_button_icon avia_button_icon_left avia-iconfont avia-font-entypo-fontello' data-av_icon='\ue85b' data-av_iconfont='entypo-fontello' ><\/span><span class='avia_iconbox_title' >Agenda de la Cerdanya<\/span><\/a><\/div><\/p><\/div>\n<style type=\"text\/css\" data-created_by=\"avia_inline_auto\" id=\"style-css-av-12oex-514ab8cc7d720601638b0a8bfccc9e6b\">\n.flex_column.av-12oex-514ab8cc7d720601638b0a8bfccc9e6b{\nborder-radius:0px 0px 0px 0px;\npadding:0px 0px 0px 0px;\n}\n<\/style>\n<div  class='flex_column av-12oex-514ab8cc7d720601638b0a8bfccc9e6b av_one_third  avia-builder-el-5  el_after_av_two_third  avia-builder-el-last  flex_column_div av-zero-column-padding  column-top-margin'     ><style type=\"text\/css\" data-created_by=\"avia_inline_auto\" id=\"style-css-av-k7zzi4av-1e7d3a4906830a626b819341b755560f\">\n.avia-image-container.av-k7zzi4av-1e7d3a4906830a626b819341b755560f img.avia_image{\nbox-shadow:none;\n}\n.avia-image-container.av-k7zzi4av-1e7d3a4906830a626b819341b755560f .av-image-caption-overlay-center{\ncolor:#ffffff;\n}\n<\/style>\n<div  class='avia-image-container av-k7zzi4av-1e7d3a4906830a626b819341b755560f av-styling- avia-align-center  avia-builder-el-6  avia-builder-el-no-sibling '   itemprop=\"image\" itemscope=\"itemscope\" itemtype=\"https:\/\/schema.org\/ImageObject\" ><div class=\"avia-image-container-inner\"><div class=\"avia-image-overlay-wrap\"><img decoding=\"async\" fetchpriority=\"high\" class='wp-image-16601 avia-img-lazy-loading-not-16601 avia_image ' src=\"https:\/\/test393.ergatesweb7.ovh\/wp-content\/uploads\/2020\/03\/foto_festesitradicions-1030x680.jpg\" alt='' title='foto_festesitradicions'  height=\"680\" width=\"1030\"  itemprop=\"thumbnailUrl\" srcset=\"https:\/\/test393.ergatesweb7.ovh\/wp-content\/uploads\/2020\/03\/foto_festesitradicions-1030x680.jpg 1030w, https:\/\/test393.ergatesweb7.ovh\/wp-content\/uploads\/2020\/03\/foto_festesitradicions-300x198.jpg 300w, https:\/\/test393.ergatesweb7.ovh\/wp-content\/uploads\/2020\/03\/foto_festesitradicions-768x507.jpg 768w, https:\/\/test393.ergatesweb7.ovh\/wp-content\/uploads\/2020\/03\/foto_festesitradicions-705x465.jpg 705w, https:\/\/test393.ergatesweb7.ovh\/wp-content\/uploads\/2020\/03\/foto_festesitradicions.jpg 1500w\" sizes=\"(max-width: 1030px) 100vw, 1030px\" \/><\/div><\/div><\/div><\/div><\/p>\n","protected":false},"excerpt":{"rendered":"","protected":false},"author":1,"featured_media":16516,"parent":26472,"menu_order":30,"comment_status":"closed","ping_status":"closed","template":"","meta":{"footnotes":""},"class_list":["post-26469","page","type-page","status-publish","has-post-thumbnail","hentry"],"_links":{"self":[{"href":"https:\/\/test393.ergatesweb7.ovh\/es\/wp-json\/wp\/v2\/pages\/26469","targetHints":{"allow":["GET"]}}],"collection":[{"href":"https:\/\/test393.ergatesweb7.ovh\/es\/wp-json\/wp\/v2\/pages"}],"about":[{"href":"https:\/\/test393.ergatesweb7.ovh\/es\/wp-json\/wp\/v2\/types\/page"}],"author":[{"embeddable":true,"href":"https:\/\/test393.ergatesweb7.ovh\/es\/wp-json\/wp\/v2\/users\/1"}],"replies":[{"embeddable":true,"href":"https:\/\/test393.ergatesweb7.ovh\/es\/wp-json\/wp\/v2\/comments?post=26469"}],"version-history":[{"count":9,"href":"https:\/\/test393.ergatesweb7.ovh\/es\/wp-json\/wp\/v2\/pages\/26469\/revisions"}],"predecessor-version":[{"id":32726,"href":"https:\/\/test393.ergatesweb7.ovh\/es\/wp-json\/wp\/v2\/pages\/26469\/revisions\/32726"}],"up":[{"embeddable":true,"href":"https:\/\/test393.ergatesweb7.ovh\/es\/wp-json\/wp\/v2\/pages\/26472"}],"wp:featuredmedia":[{"embeddable":true,"href":"https:\/\/test393.ergatesweb7.ovh\/es\/wp-json\/wp\/v2\/media\/16516"}],"wp:attachment":[{"href":"https:\/\/test393.ergatesweb7.ovh\/es\/wp-json\/wp\/v2\/media?parent=26469"}],"curies":[{"name":"wp","href":"https:\/\/api.w.org\/{rel}","templated":true}]}}