{"id":26466,"date":"2022-03-09T01:00:15","date_gmt":"2022-03-08T23:00:15","guid":{"rendered":"https:\/\/www.cerdanya.org\/descubre\/"},"modified":"2022-04-28T13:55:18","modified_gmt":"2022-04-28T11:55:18","slug":"descubre","status":"publish","type":"page","link":"https:\/\/test393.ergatesweb7.ovh\/es\/descubre\/","title":{"rendered":"Descubre"},"content":{"rendered":"<section  class='av_textblock_section av-jr0tpmru-9d67a34920d6794228cfb88426230f78 '   itemscope=\"itemscope\" itemtype=\"https:\/\/schema.org\/CreativeWork\" ><div class='avia_textblock'  itemprop=\"text\" ><p><em>La Cerdanya es una de las comarcas m\u00e1s bellas, m\u00e1s finas de Catalu\u00f1a. Es una gran cazuela, estructurada sobre el curso del Segre, con la graciosa particularidad de caer ligeramente, suavemente, de levante a poniente, en plano inclinado. No es un gran valle hundido, sino un valle reclinado. Rodeada de altas monta\u00f1as que rondan los tres mil metros, la Cerdanya no deprime, como tantos lugares pirenaicos; produce, por el contrario, una sensaci\u00f3n de anchura, de elevaci\u00f3n, de luminosidad, de libertad. Sus cielos son espl\u00e9ndidos, su aire es fino, sus paisajes tienen una ternura entra\u00f1able. (&#8230;)<\/em><\/p>\n<p><em>En la Cerdanya, las panor\u00e1micas son extremadamente bellas, pero los detalles las igualan y en ocasiones las superan; son incomparables. Desde cualquier lugar de la periferia del valle -mientras sea un poco alto-, la comarca surge con todo su radiante y luminoso esplendor, as\u00ed como desde cualquier lugar del valle aparece el anfiteatro monta\u00f1oso que la cierra y que forma tres colores superpuestos: la nieve rosada de los altos picos; el verde negruzco de los abetos y de los pinos de media monta\u00f1a y el verde m\u00e1s claro, bru\u00f1ido, alegre, pac\u00edfico, de los prados, de los chopos, de los alisos, de los \u00e1lamos. La composici\u00f3n de estos tres colores crea un paisaje de un orden perfecto, de gran elegancia.<\/em><\/p>\n<p style=\"text-align: right;\"><strong>Josep Pla (1897-1981) Gu\u00eda de Catalu\u00f1a 1972. Editorial Destino.<\/strong><\/p>\n<blockquote>\n<p>De esta forma sencilla y po\u00e9tica, el escritor Josep Pla nos describe uno de los valles m\u00e1s bonitos de Catalunya. En la Cerdanya disfrutar\u00e1s de un paisaje \u00fanico, de un clima perfecto y de un gran n\u00famero de atractivos para disfrutarla. Ven a descubrirlos.<\/p>\n<\/blockquote>\n<\/div><\/section>\n\n<style type=\"text\/css\" data-created_by=\"avia_inline_auto\" id=\"style-css-av-yexl-f51c51ff3d9e9624e302b39d1eca86d2\">\n.flex_column.av-yexl-f51c51ff3d9e9624e302b39d1eca86d2{\nborder-radius:0px 0px 0px 0px;\npadding:0px 0px 0px 0px;\n}\n<\/style>\n<div  class='flex_column av-yexl-f51c51ff3d9e9624e302b39d1eca86d2 av_one_full  avia-builder-el-1  el_after_av_textblock  avia-builder-el-last  first flex_column_div av-zero-column-padding  column-top-margin'     ><\/div>\n","protected":false},"excerpt":{"rendered":"","protected":false},"author":1,"featured_media":16564,"parent":0,"menu_order":0,"comment_status":"closed","ping_status":"closed","template":"","meta":{"footnotes":""},"class_list":["post-26466","page","type-page","status-publish","has-post-thumbnail","hentry"],"_links":{"self":[{"href":"https:\/\/test393.ergatesweb7.ovh\/es\/wp-json\/wp\/v2\/pages\/26466","targetHints":{"allow":["GET"]}}],"collection":[{"href":"https:\/\/test393.ergatesweb7.ovh\/es\/wp-json\/wp\/v2\/pages"}],"about":[{"href":"https:\/\/test393.ergatesweb7.ovh\/es\/wp-json\/wp\/v2\/types\/page"}],"author":[{"embeddable":true,"href":"https:\/\/test393.ergatesweb7.ovh\/es\/wp-json\/wp\/v2\/users\/1"}],"replies":[{"embeddable":true,"href":"https:\/\/test393.ergatesweb7.ovh\/es\/wp-json\/wp\/v2\/comments?post=26466"}],"version-history":[{"count":4,"href":"https:\/\/test393.ergatesweb7.ovh\/es\/wp-json\/wp\/v2\/pages\/26466\/revisions"}],"predecessor-version":[{"id":32682,"href":"https:\/\/test393.ergatesweb7.ovh\/es\/wp-json\/wp\/v2\/pages\/26466\/revisions\/32682"}],"wp:featuredmedia":[{"embeddable":true,"href":"https:\/\/test393.ergatesweb7.ovh\/es\/wp-json\/wp\/v2\/media\/16564"}],"wp:attachment":[{"href":"https:\/\/test393.ergatesweb7.ovh\/es\/wp-json\/wp\/v2\/media?parent=26466"}],"curies":[{"name":"wp","href":"https:\/\/api.w.org\/{rel}","templated":true}]}}