{"id":26455,"date":"2022-03-08T23:56:04","date_gmt":"2022-03-08T21:56:04","guid":{"rendered":"https:\/\/www.cerdanya.org\/que-hacer\/turismo-activo\/"},"modified":"2022-04-28T22:09:00","modified_gmt":"2022-04-28T20:09:00","slug":"turismo-activo","status":"publish","type":"page","link":"https:\/\/test393.ergatesweb7.ovh\/es\/que-hacer\/turismo-activo\/","title":{"rendered":"Turismo activo"},"content":{"rendered":"<section  class='av_textblock_section av-jr0tpmru-9d67a34920d6794228cfb88426230f78 '   itemscope=\"itemscope\" itemtype=\"https:\/\/schema.org\/CreativeWork\" ><div class='avia_textblock'  itemprop=\"text\" ><blockquote>\n<p>La Cerdanya es un lugar ideal para disfrutar del deporte en un entorno \u00fanico, un entorno que nos ofrece un gran abanico de posibilidades para realizar cualquier tipo de deporte, rutas en BTT, senderos de peque\u00f1o y gran recorrido, esqu\u00ed n\u00f3rdico, esqu\u00ed alpino, campos de golf, h\u00edpica, pesca, alpinismo, escalada, raquetas de nieve,\u2026 en la comarca encontrar\u00e1s empresas especializadas en estos deportes, con profesionales que har\u00e1n de estas actividades una aventura segura.<\/p>\n<\/blockquote>\n<\/div><\/section>\n\n<style type=\"text\/css\" data-created_by=\"avia_inline_auto\" id=\"style-css-av-a99mf-81ff8695991c394e9e5df2b56be3457f\">\n.flex_column.av-a99mf-81ff8695991c394e9e5df2b56be3457f{\nborder-radius:0px 0px 0px 0px;\npadding:0px 0px 0px 0px;\n}\n<\/style>\n<div  class='flex_column av-a99mf-81ff8695991c394e9e5df2b56be3457f av_one_full  avia-builder-el-1  el_after_av_textblock  avia-builder-el-last  first flex_column_div av-zero-column-padding  column-top-margin'     ><\/div>\n","protected":false},"excerpt":{"rendered":"","protected":false},"author":3,"featured_media":16525,"parent":26452,"menu_order":20,"comment_status":"closed","ping_status":"closed","template":"","meta":{"footnotes":""},"class_list":["post-26455","page","type-page","status-publish","has-post-thumbnail","hentry"],"_links":{"self":[{"href":"https:\/\/test393.ergatesweb7.ovh\/es\/wp-json\/wp\/v2\/pages\/26455","targetHints":{"allow":["GET"]}}],"collection":[{"href":"https:\/\/test393.ergatesweb7.ovh\/es\/wp-json\/wp\/v2\/pages"}],"about":[{"href":"https:\/\/test393.ergatesweb7.ovh\/es\/wp-json\/wp\/v2\/types\/page"}],"author":[{"embeddable":true,"href":"https:\/\/test393.ergatesweb7.ovh\/es\/wp-json\/wp\/v2\/users\/3"}],"replies":[{"embeddable":true,"href":"https:\/\/test393.ergatesweb7.ovh\/es\/wp-json\/wp\/v2\/comments?post=26455"}],"version-history":[{"count":7,"href":"https:\/\/test393.ergatesweb7.ovh\/es\/wp-json\/wp\/v2\/pages\/26455\/revisions"}],"predecessor-version":[{"id":33476,"href":"https:\/\/test393.ergatesweb7.ovh\/es\/wp-json\/wp\/v2\/pages\/26455\/revisions\/33476"}],"up":[{"embeddable":true,"href":"https:\/\/test393.ergatesweb7.ovh\/es\/wp-json\/wp\/v2\/pages\/26452"}],"wp:featuredmedia":[{"embeddable":true,"href":"https:\/\/test393.ergatesweb7.ovh\/es\/wp-json\/wp\/v2\/media\/16525"}],"wp:attachment":[{"href":"https:\/\/test393.ergatesweb7.ovh\/es\/wp-json\/wp\/v2\/media?parent=26455"}],"curies":[{"name":"wp","href":"https:\/\/api.w.org\/{rel}","templated":true}]}}