{"id":26453,"date":"2022-03-08T23:52:17","date_gmt":"2022-03-08T21:52:17","guid":{"rendered":"https:\/\/www.cerdanya.org\/que-hacer\/actividades-con-ninos\/"},"modified":"2023-02-13T15:31:25","modified_gmt":"2023-02-13T14:31:25","slug":"actividades-con-ninos","status":"publish","type":"page","link":"https:\/\/test393.ergatesweb7.ovh\/es\/que-hacer\/actividades-con-ninos\/","title":{"rendered":"Actividades con ni\u00f1os"},"content":{"rendered":"\n<style type=\"text\/css\" data-created_by=\"avia_inline_auto\" id=\"style-css-av-8wl1a-105a37f589e1803c8793fc637f65ad67\">\n.flex_column.av-8wl1a-105a37f589e1803c8793fc637f65ad67{\nborder-radius:0px 0px 0px 0px;\npadding:0px 0px 0px 0px;\n}\n<\/style>\n<div  class='flex_column av-8wl1a-105a37f589e1803c8793fc637f65ad67 av_one_full  avia-builder-el-0  el_before_av_one_full  avia-builder-el-first  first flex_column_div av-zero-column-padding  '     ><section  class='av_textblock_section av-jvmcec1m-9c3377778631c34ba4276bccbb538222 '   itemscope=\"itemscope\" itemtype=\"https:\/\/schema.org\/CreativeWork\" ><div class='avia_textblock'  itemprop=\"text\" ><blockquote>\n<p>La Cerdanya es un destino id\u00f3neo para realizar actividades con ni\u00f1os durante todo el a\u00f1o. Ya sea disfrutando de la naturaleza y de los paisajes que nos rodean as\u00ed como en instalaciones a cubierto, en la comarca disponemos de una amplia oferta de actividades, donde seguro, disfrutar\u00e1 toda la familia. A continuaci\u00f3n encontrar\u00e9is muchas opciones para elegir.<\/p>\n<\/blockquote>\n<\/div><\/section><\/div>\n<style type=\"text\/css\" data-created_by=\"avia_inline_auto\" id=\"style-css-av-agwta-948db48e29439e8610ae6af7aee4afa7\">\n.flex_column.av-agwta-948db48e29439e8610ae6af7aee4afa7{\nborder-radius:0px 0px 0px 0px;\npadding:0px 0px 0px 0px;\n}\n<\/style>\n<div  class='flex_column av-agwta-948db48e29439e8610ae6af7aee4afa7 av_one_full  avia-builder-el-2  el_after_av_one_full  avia-builder-el-last  first flex_column_div av-zero-column-padding  column-top-margin'     ><\/div><\/p>\n","protected":false},"excerpt":{"rendered":"","protected":false},"author":3,"featured_media":16523,"parent":26452,"menu_order":0,"comment_status":"closed","ping_status":"closed","template":"","meta":{"footnotes":""},"class_list":["post-26453","page","type-page","status-publish","has-post-thumbnail","hentry"],"_links":{"self":[{"href":"https:\/\/test393.ergatesweb7.ovh\/es\/wp-json\/wp\/v2\/pages\/26453","targetHints":{"allow":["GET"]}}],"collection":[{"href":"https:\/\/test393.ergatesweb7.ovh\/es\/wp-json\/wp\/v2\/pages"}],"about":[{"href":"https:\/\/test393.ergatesweb7.ovh\/es\/wp-json\/wp\/v2\/types\/page"}],"author":[{"embeddable":true,"href":"https:\/\/test393.ergatesweb7.ovh\/es\/wp-json\/wp\/v2\/users\/3"}],"replies":[{"embeddable":true,"href":"https:\/\/test393.ergatesweb7.ovh\/es\/wp-json\/wp\/v2\/comments?post=26453"}],"version-history":[{"count":11,"href":"https:\/\/test393.ergatesweb7.ovh\/es\/wp-json\/wp\/v2\/pages\/26453\/revisions"}],"predecessor-version":[{"id":42184,"href":"https:\/\/test393.ergatesweb7.ovh\/es\/wp-json\/wp\/v2\/pages\/26453\/revisions\/42184"}],"up":[{"embeddable":true,"href":"https:\/\/test393.ergatesweb7.ovh\/es\/wp-json\/wp\/v2\/pages\/26452"}],"wp:featuredmedia":[{"embeddable":true,"href":"https:\/\/test393.ergatesweb7.ovh\/es\/wp-json\/wp\/v2\/media\/16523"}],"wp:attachment":[{"href":"https:\/\/test393.ergatesweb7.ovh\/es\/wp-json\/wp\/v2\/media?parent=26453"}],"curies":[{"name":"wp","href":"https:\/\/api.w.org\/{rel}","templated":true}]}}