{"id":32055,"date":"2022-04-25T20:38:37","date_gmt":"2022-04-25T18:38:37","guid":{"rendered":"https:\/\/www.cerdanya.org\/nature\/"},"modified":"2023-03-23T12:21:38","modified_gmt":"2023-03-23T11:21:38","slug":"nature","status":"publish","type":"page","link":"https:\/\/test393.ergatesweb7.ovh\/en\/discover\/nature\/","title":{"rendered":"Nature"},"content":{"rendered":"\n<style type=\"text\/css\" data-created_by=\"avia_inline_auto\" id=\"style-css-av-48lpx-6644dc052a4928df29175a7e964ab29c\">\n.flex_column.av-48lpx-6644dc052a4928df29175a7e964ab29c{\nborder-radius:0px 0px 0px 0px;\npadding:0px 0px 0px 0px;\n}\n<\/style>\n<div  class='flex_column av-48lpx-6644dc052a4928df29175a7e964ab29c av_one_full  avia-builder-el-0  el_before_av_heading  avia-builder-el-first  first flex_column_div av-zero-column-padding  '     ><section  class='av_textblock_section av-jr0w57hn-d71d3a3bdb634ad807b957f82b3221d3 '   itemscope=\"itemscope\" itemtype=\"https:\/\/schema.org\/CreativeWork\" ><div class='avia_textblock'  itemprop=\"text\" ><blockquote>\n<p>La Cerdanya is a Catalan region defined by geographical, climatic and historical features that give it a very particular character. Nestled mainly by the upper Segre Valley, La Cerdanya is one of the widest valleys in Europe, where its altitude and the fact that it has more than three thousand hours of sunshine a year stand out.<\/p>\n<p>Its location, between the Pyrenees and the Cad\u00ed and Moixer\u00f3 mountains, determines its climate, between the Atlantic and the Mediterranean. This means that three natural biogeographical units have been defined: the sunny slope, the plain and the shady slope.<\/p>\n<\/blockquote>\n<\/div><\/section><\/div>\n\n<style type=\"text\/css\" data-created_by=\"avia_inline_auto\" id=\"style-css-av-2xx35-8166655277f03ee40d0d379deaaf22fe\">\n#top .av-special-heading.av-2xx35-8166655277f03ee40d0d379deaaf22fe{\npadding-bottom:10px;\n}\nbody .av-special-heading.av-2xx35-8166655277f03ee40d0d379deaaf22fe .av-special-heading-tag .heading-char{\nfont-size:25px;\n}\n.av-special-heading.av-2xx35-8166655277f03ee40d0d379deaaf22fe .av-subheading{\nfont-size:15px;\n}\n<\/style>\n<div  class='av-special-heading av-2xx35-8166655277f03ee40d0d379deaaf22fe av-special-heading-h2 blockquote modern-quote  avia-builder-el-2  el_after_av_one_full  el_before_av_one_half  av-linked-heading'><h2 class='av-special-heading-tag '  itemprop=\"headline\"  >La Plana<\/h2><div class=\"special-heading-border\"><div class=\"special-heading-inner-border\"><\/div><\/div><\/div>\n\n<style type=\"text\/css\" data-created_by=\"avia_inline_auto\" id=\"style-css-av-3yh7p-585ee9a3c9f6301da7067daff734a4d8\">\n.flex_column.av-3yh7p-585ee9a3c9f6301da7067daff734a4d8{\nborder-radius:0px 0px 0px 0px;\npadding:0px 0px 0px 0px;\n}\n<\/style>\n<div  class='flex_column av-3yh7p-585ee9a3c9f6301da7067daff734a4d8 av_one_half  avia-builder-el-3  el_after_av_heading  el_before_av_one_half  first flex_column_div av-zero-column-padding  '     ><section  class='av_textblock_section av-jr0w5t1u-cae7909b5a99ffca00f5675af84d501d '   itemscope=\"itemscope\" itemtype=\"https:\/\/schema.org\/CreativeWork\" ><div class='avia_textblock'  itemprop=\"text\" ><div class=\"wpb_text_column wpb_content_element \">\n<div class=\"wpb_wrapper\">\n<p>As its name suggests, this geographical unit of La Cerdanya is the flattest of the three, with an average altitude of 1000 meters, it has no appreciable differences in level, its important width of between 6 and 8 km gives it the quality of being one of the widest valleys in Europe. These include traditional agricultural crops, lawn mowing and traditional irrigation systems. The banks of the Segre are populated by a group of vegetation called &#8220;Bosc de Ribera&#8221;, the best preserved in Catalonia and is protected by a PEIN. The presence of the otter stands out in this place.<\/p>\n<p>It is the most populated part of La Cerdanya, where its capital, Puigcerd\u00e0, is located. In the center of the plain there are many of its towns: Puigcerd\u00e0 as the county capital, and also the villages of Ll\u00edvia, Bolvir, Ger, Is\u00f2vol, Bellver, Prullans, Martinet, Prats\u2026<\/p>\n<\/div>\n<\/div>\n<div class=\"wpb_single_image wpb_content_element vc_align_center\"><\/div>\n<\/div><\/section><\/div>\n\n<style type=\"text\/css\" data-created_by=\"avia_inline_auto\" id=\"style-css-av-39nxd-8bd825c609d192ad17e7bb389878092f\">\n.flex_column.av-39nxd-8bd825c609d192ad17e7bb389878092f{\nborder-radius:0px 0px 0px 0px;\npadding:0px 0px 0px 0px;\n}\n<\/style>\n<div  class='flex_column av-39nxd-8bd825c609d192ad17e7bb389878092f av_one_half  avia-builder-el-5  el_after_av_one_half  el_before_av_hr  flex_column_div av-zero-column-padding  '     ><style type=\"text\/css\" data-created_by=\"avia_inline_auto\" id=\"style-css-av-jr0woqfr-71e38254180e63225981dc30ac0c432d\">\n.avia-image-container.av-jr0woqfr-71e38254180e63225981dc30ac0c432d img.avia_image{\nbox-shadow:none;\n}\n.avia-image-container.av-jr0woqfr-71e38254180e63225981dc30ac0c432d .av-image-caption-overlay-center{\ncolor:#ffffff;\n}\n<\/style>\n<div  class='avia-image-container av-jr0woqfr-71e38254180e63225981dc30ac0c432d av-styling- av-hover-grow avia-align-center  avia-builder-el-6  avia-builder-el-no-sibling '   itemprop=\"image\" itemscope=\"itemscope\" itemtype=\"https:\/\/schema.org\/ImageObject\" ><div class=\"avia-image-container-inner\"><div class=\"avia-image-overlay-wrap\"><img decoding=\"async\" fetchpriority=\"high\" class='wp-image-19811 avia-img-lazy-loading-not-19811 avia_image ' src=\"https:\/\/test393.ergatesweb7.ovh\/wp-content\/uploads\/2019\/05\/descobreix_natura_laplana-1030x687.jpg\" alt='' title='descobreix_natura_laplana'  height=\"687\" width=\"1030\"  itemprop=\"thumbnailUrl\" srcset=\"https:\/\/test393.ergatesweb7.ovh\/wp-content\/uploads\/2019\/05\/descobreix_natura_laplana-1030x687.jpg 1030w, https:\/\/test393.ergatesweb7.ovh\/wp-content\/uploads\/2019\/05\/descobreix_natura_laplana-300x200.jpg 300w, https:\/\/test393.ergatesweb7.ovh\/wp-content\/uploads\/2019\/05\/descobreix_natura_laplana-768x512.jpg 768w, https:\/\/test393.ergatesweb7.ovh\/wp-content\/uploads\/2019\/05\/descobreix_natura_laplana.jpg 1500w, https:\/\/test393.ergatesweb7.ovh\/wp-content\/uploads\/2019\/05\/descobreix_natura_laplana-705x470.jpg 705w, https:\/\/test393.ergatesweb7.ovh\/wp-content\/uploads\/2019\/05\/descobreix_natura_laplana-450x300.jpg 450w\" sizes=\"(max-width: 1030px) 100vw, 1030px\" \/><\/div><\/div><\/div><\/div>\n\n<style type=\"text\/css\" data-created_by=\"avia_inline_auto\" id=\"style-css-av-k8fr4wlz-d84e9f7fce7a00eddcce0be5ff922637\">\n#top .hr.hr-invisible.av-k8fr4wlz-d84e9f7fce7a00eddcce0be5ff922637{\nheight:20px;\n}\n<\/style>\n<div  class='hr av-k8fr4wlz-d84e9f7fce7a00eddcce0be5ff922637 hr-invisible  avia-builder-el-7  el_after_av_one_half  el_before_av_heading '><span class='hr-inner '><span class=\"hr-inner-style\"><\/span><\/span><\/div>\n\n<style type=\"text\/css\" data-created_by=\"avia_inline_auto\" id=\"style-css-av-29f7x-7ec28f2304c59d843febb04138a73dd8\">\n#top .av-special-heading.av-29f7x-7ec28f2304c59d843febb04138a73dd8{\npadding-bottom:10px;\n}\nbody .av-special-heading.av-29f7x-7ec28f2304c59d843febb04138a73dd8 .av-special-heading-tag .heading-char{\nfont-size:25px;\n}\n.av-special-heading.av-29f7x-7ec28f2304c59d843febb04138a73dd8 .av-subheading{\nfont-size:15px;\n}\n<\/style>\n<div  class='av-special-heading av-29f7x-7ec28f2304c59d843febb04138a73dd8 av-special-heading-h2 blockquote modern-quote  avia-builder-el-8  el_after_av_hr  el_before_av_one_half  av-linked-heading'><h2 class='av-special-heading-tag '  itemprop=\"headline\"  >La Solana<\/h2><div class=\"special-heading-border\"><div class=\"special-heading-inner-border\"><\/div><\/div><\/div>\n\n<style type=\"text\/css\" data-created_by=\"avia_inline_auto\" id=\"style-css-av-2k2mp-da603a27b7c03f990254cfc21870b6af\">\n.flex_column.av-2k2mp-da603a27b7c03f990254cfc21870b6af{\nborder-radius:0px 0px 0px 0px;\npadding:0px 0px 0px 0px;\n}\n<\/style>\n<div  class='flex_column av-2k2mp-da603a27b7c03f990254cfc21870b6af av_one_half  avia-builder-el-9  el_after_av_heading  el_before_av_one_half  first flex_column_div av-zero-column-padding  '     ><section  class='av_textblock_section av-jr0w5t1u-e13443f4f7ab2e8854a3f02859a75b58 '   itemscope=\"itemscope\" itemtype=\"https:\/\/schema.org\/CreativeWork\" ><div class='avia_textblock'  itemprop=\"text\" ><div class=\"wpb_text_column wpb_content_element \">\n<div class=\"wpb_wrapper\">\n<p>The Sunny slope is part of the Axial Pyrenees and delimits La Cerdanya from west to northeast, diagonally. It is the part of the region closest to the French Pyrenees, also bordering Andorra. The abundant presence of peaks is quite remarkable. It is the area where the most important heights of the region are located, such as the peak of Puigpedr\u00f3s (2914 m.), The highest of La Cerdanya, where you can get there through the tourist route that starts from the town of Meranges; the peak of Envalira (2825 m.); the peaks of Fontnegra (2877, 2830, 2788 m.), or Tossa Plana de Lles (2905 m.), among many others. This is why mountaineering is one of the most popular sports in the area.<\/p>\n<p>La sunny slope has high areas where Mediterranean vegetation and fauna predominate. The abundant presence of medicinal plants and caves in the limestone formations is also one of the characteristics of the sunny slope. The Tossals d&#8217;Is\u00f2vol and Olopte are also a protected area of natural interest (PEIN).<\/p>\n<\/div>\n<\/div>\n<div class=\"wpb_single_image wpb_content_element vc_align_center\"><\/div>\n<\/div><\/section><\/div>\n\n<style type=\"text\/css\" data-created_by=\"avia_inline_auto\" id=\"style-css-av-27dzt-19f83e83d7c7b401911ae7b66ea3cb87\">\n.flex_column.av-27dzt-19f83e83d7c7b401911ae7b66ea3cb87{\nborder-radius:0px 0px 0px 0px;\npadding:0px 0px 0px 0px;\n}\n<\/style>\n<div  class='flex_column av-27dzt-19f83e83d7c7b401911ae7b66ea3cb87 av_one_half  avia-builder-el-11  el_after_av_one_half  el_before_av_hr  flex_column_div av-zero-column-padding  '     ><style type=\"text\/css\" data-created_by=\"avia_inline_auto\" id=\"style-css-av-jr0woqfr-aa0baae21c4bd82d921283abdd3b78c2\">\n.avia-image-container.av-jr0woqfr-aa0baae21c4bd82d921283abdd3b78c2 img.avia_image{\nbox-shadow:none;\n}\n.avia-image-container.av-jr0woqfr-aa0baae21c4bd82d921283abdd3b78c2 .av-image-caption-overlay-center{\ncolor:#ffffff;\n}\n<\/style>\n<div  class='avia-image-container av-jr0woqfr-aa0baae21c4bd82d921283abdd3b78c2 av-styling- av-hover-grow avia-align-center  avia-builder-el-12  avia-builder-el-no-sibling '   itemprop=\"image\" itemscope=\"itemscope\" itemtype=\"https:\/\/schema.org\/ImageObject\" ><div class=\"avia-image-container-inner\"><div class=\"avia-image-overlay-wrap\"><img decoding=\"async\" fetchpriority=\"high\" class='wp-image-19813 avia-img-lazy-loading-not-19813 avia_image ' src=\"https:\/\/test393.ergatesweb7.ovh\/wp-content\/uploads\/2019\/05\/descobreix_natura_lasolana-1030x686.jpg\" alt='' title='descobreix_natura_lasolana'  height=\"686\" width=\"1030\"  itemprop=\"thumbnailUrl\" srcset=\"https:\/\/test393.ergatesweb7.ovh\/wp-content\/uploads\/2019\/05\/descobreix_natura_lasolana-1030x686.jpg 1030w, https:\/\/test393.ergatesweb7.ovh\/wp-content\/uploads\/2019\/05\/descobreix_natura_lasolana-300x200.jpg 300w, https:\/\/test393.ergatesweb7.ovh\/wp-content\/uploads\/2019\/05\/descobreix_natura_lasolana-768x511.jpg 768w, https:\/\/test393.ergatesweb7.ovh\/wp-content\/uploads\/2019\/05\/descobreix_natura_lasolana.jpg 1500w, https:\/\/test393.ergatesweb7.ovh\/wp-content\/uploads\/2019\/05\/descobreix_natura_lasolana-705x470.jpg 705w, https:\/\/test393.ergatesweb7.ovh\/wp-content\/uploads\/2019\/05\/descobreix_natura_lasolana-450x300.jpg 450w\" sizes=\"(max-width: 1030px) 100vw, 1030px\" \/><\/div><\/div><\/div><\/div>\n\n<style type=\"text\/css\" data-created_by=\"avia_inline_auto\" id=\"style-css-av-k8fr4wlz-d84e9f7fce7a00eddcce0be5ff922637\">\n#top .hr.hr-invisible.av-k8fr4wlz-d84e9f7fce7a00eddcce0be5ff922637{\nheight:20px;\n}\n<\/style>\n<div  class='hr av-k8fr4wlz-d84e9f7fce7a00eddcce0be5ff922637 hr-invisible  avia-builder-el-13  el_after_av_one_half  el_before_av_heading '><span class='hr-inner '><span class=\"hr-inner-style\"><\/span><\/span><\/div>\n\n<style type=\"text\/css\" data-created_by=\"avia_inline_auto\" id=\"style-css-av-1bjgt-cf3418472fd67ed7a11e4544a2cdb2c3\">\n#top .av-special-heading.av-1bjgt-cf3418472fd67ed7a11e4544a2cdb2c3{\npadding-bottom:10px;\n}\nbody .av-special-heading.av-1bjgt-cf3418472fd67ed7a11e4544a2cdb2c3 .av-special-heading-tag .heading-char{\nfont-size:25px;\n}\n.av-special-heading.av-1bjgt-cf3418472fd67ed7a11e4544a2cdb2c3 .av-subheading{\nfont-size:15px;\n}\n<\/style>\n<div  class='av-special-heading av-1bjgt-cf3418472fd67ed7a11e4544a2cdb2c3 av-special-heading-h2 blockquote modern-quote  avia-builder-el-14  el_after_av_hr  el_before_av_one_half  av-linked-heading'><h2 class='av-special-heading-tag '  itemprop=\"headline\"  >La Baga<\/h2><div class=\"special-heading-border\"><div class=\"special-heading-inner-border\"><\/div><\/div><\/div>\n\n<style type=\"text\/css\" data-created_by=\"avia_inline_auto\" id=\"style-css-av-19zix-7c33b1ba3fc8421ba98b29983c32faa7\">\n.flex_column.av-19zix-7c33b1ba3fc8421ba98b29983c32faa7{\nborder-radius:0px 0px 0px 0px;\npadding:0px 0px 0px 0px;\n}\n<\/style>\n<div  class='flex_column av-19zix-7c33b1ba3fc8421ba98b29983c32faa7 av_one_half  avia-builder-el-15  el_after_av_heading  el_before_av_one_half  first flex_column_div av-zero-column-padding  '     ><section  class='av_textblock_section av-jr0w5t1u-e13443f4f7ab2e8854a3f02859a75b58 '   itemscope=\"itemscope\" itemtype=\"https:\/\/schema.org\/CreativeWork\" ><div class='avia_textblock'  itemprop=\"text\" ><div class=\"wpb_text_column wpb_content_element \">\n<div class=\"wpb_wrapper\">\n<p>La Baga is a confluence of the Axial Pyrenees and the Pre-Pyrenees in the eastern part, with a number of peaks and mountain ranges, and in the south-western part there is the great Cad\u00ed-Moixer\u00f3 mountain range. A large part is the territory of <a href=\"https:\/\/parcsnaturals.gencat.cat\/ca\/xarxa-de-parcs\/cadi\/inici\/\" target=\"_blank\" rel=\"noopener\">the Cad\u00ed-Moixer\u00f3 Natural Park<\/a> , in this protected area we can find, in addition to the natural beauties that give the rugged orography, the water and the vegetation, a series of places of undoubted interest. and cultural and historical appeal.<\/p>\n<p>La Baga is also an ideal area for sightseeing and hiking trails. You can also go mountaineering along the main peaks, most notably the Puigmal at 2910 m. of altitude, the Tosa d&#8217;Alp (2536 m.), the Penyes Altes del Moixer\u00f3 (2276 m.), or places as beautiful as the Prat de Cad\u00ed.<\/p>\n<\/div>\n<\/div>\n<div class=\"wpb_single_image wpb_content_element vc_align_center\"><\/div>\n<\/div><\/section><\/div>\n\n<style type=\"text\/css\" data-created_by=\"avia_inline_auto\" id=\"style-css-av-yde5-386c320c37abb47a45bcd5bec09706e0\">\n.flex_column.av-yde5-386c320c37abb47a45bcd5bec09706e0{\nborder-radius:0px 0px 0px 0px;\npadding:0px 0px 0px 0px;\n}\n<\/style>\n<div  class='flex_column av-yde5-386c320c37abb47a45bcd5bec09706e0 av_one_half  avia-builder-el-17  el_after_av_one_half  el_before_av_one_full  flex_column_div av-zero-column-padding  '     ><style type=\"text\/css\" data-created_by=\"avia_inline_auto\" id=\"style-css-av-jr0woqfr-8c85d2a4ccef10d638acc41f43b7274b\">\n.avia-image-container.av-jr0woqfr-8c85d2a4ccef10d638acc41f43b7274b img.avia_image{\nbox-shadow:none;\n}\n.avia-image-container.av-jr0woqfr-8c85d2a4ccef10d638acc41f43b7274b .av-image-caption-overlay-center{\ncolor:#ffffff;\n}\n<\/style>\n<div  class='avia-image-container av-jr0woqfr-8c85d2a4ccef10d638acc41f43b7274b av-styling- av-hover-grow avia-align-center  avia-builder-el-18  avia-builder-el-no-sibling '   itemprop=\"image\" itemscope=\"itemscope\" itemtype=\"https:\/\/schema.org\/ImageObject\" ><div class=\"avia-image-container-inner\"><div class=\"avia-image-overlay-wrap\"><img decoding=\"async\" fetchpriority=\"high\" class='wp-image-19809 avia-img-lazy-loading-not-19809 avia_image ' src=\"https:\/\/test393.ergatesweb7.ovh\/wp-content\/uploads\/2019\/05\/descobreix_natura_labaga-1030x687.jpg\" alt='' title='descobreix_natura_labaga'  height=\"687\" width=\"1030\"  itemprop=\"thumbnailUrl\" srcset=\"https:\/\/test393.ergatesweb7.ovh\/wp-content\/uploads\/2019\/05\/descobreix_natura_labaga-1030x687.jpg 1030w, https:\/\/test393.ergatesweb7.ovh\/wp-content\/uploads\/2019\/05\/descobreix_natura_labaga-300x200.jpg 300w, https:\/\/test393.ergatesweb7.ovh\/wp-content\/uploads\/2019\/05\/descobreix_natura_labaga-768x512.jpg 768w, https:\/\/test393.ergatesweb7.ovh\/wp-content\/uploads\/2019\/05\/descobreix_natura_labaga.jpg 1500w, https:\/\/test393.ergatesweb7.ovh\/wp-content\/uploads\/2019\/05\/descobreix_natura_labaga-705x470.jpg 705w, https:\/\/test393.ergatesweb7.ovh\/wp-content\/uploads\/2019\/05\/descobreix_natura_labaga-450x300.jpg 450w\" sizes=\"(max-width: 1030px) 100vw, 1030px\" \/><\/div><\/div><\/div><\/div>\n\n<style type=\"text\/css\" data-created_by=\"avia_inline_auto\" id=\"style-css-av-ql59-7d971edfd3f4267151c626a4db94da4e\">\n.flex_column.av-ql59-7d971edfd3f4267151c626a4db94da4e{\nborder-radius:0px 0px 0px 0px;\npadding:0px 0px 0px 0px;\n}\n<\/style>\n<div  class='flex_column av-ql59-7d971edfd3f4267151c626a4db94da4e av_one_full  avia-builder-el-19  el_after_av_one_half  avia-builder-el-last  first flex_column_div av-zero-column-padding  column-top-margin'     ><div  class='av_promobox av-kyx3k932-bd3b8d13f84e5ae2cf2edfb84dd96595 avia-button-yes  avia-builder-el-20  avia-builder-el-no-sibling '><div class='avia-promocontent'><p>\nDo you want to make the most of the splendid nature of La Cerdanya?<\/p>\n<\/div><div  class='avia-button-wrap av-kyx3k932-6953d55db154774072e6d2fc965685bc-wrap avia-button-right '><a href='https:\/\/www.cerdanya.org\/en\/what-to-do\/routes\/'  class='avia-button av-kyx3k932-6953d55db154774072e6d2fc965685bc av-link-btn avia-icon_select-no avia-size-large avia-position-right avia-color-theme-color'   aria-label=\"Click here\"><span class='avia_iconbox_title' >Click here<\/span><\/a><\/div><\/div><\/div>\n","protected":false},"excerpt":{"rendered":"","protected":false},"author":1,"featured_media":19805,"parent":32057,"menu_order":20,"comment_status":"closed","ping_status":"closed","template":"","meta":{"footnotes":""},"class_list":["post-32055","page","type-page","status-publish","has-post-thumbnail","hentry"],"_links":{"self":[{"href":"https:\/\/test393.ergatesweb7.ovh\/en\/wp-json\/wp\/v2\/pages\/32055","targetHints":{"allow":["GET"]}}],"collection":[{"href":"https:\/\/test393.ergatesweb7.ovh\/en\/wp-json\/wp\/v2\/pages"}],"about":[{"href":"https:\/\/test393.ergatesweb7.ovh\/en\/wp-json\/wp\/v2\/types\/page"}],"author":[{"embeddable":true,"href":"https:\/\/test393.ergatesweb7.ovh\/en\/wp-json\/wp\/v2\/users\/1"}],"replies":[{"embeddable":true,"href":"https:\/\/test393.ergatesweb7.ovh\/en\/wp-json\/wp\/v2\/comments?post=32055"}],"version-history":[{"count":8,"href":"https:\/\/test393.ergatesweb7.ovh\/en\/wp-json\/wp\/v2\/pages\/32055\/revisions"}],"predecessor-version":[{"id":43377,"href":"https:\/\/test393.ergatesweb7.ovh\/en\/wp-json\/wp\/v2\/pages\/32055\/revisions\/43377"}],"up":[{"embeddable":true,"href":"https:\/\/test393.ergatesweb7.ovh\/en\/wp-json\/wp\/v2\/pages\/32057"}],"wp:featuredmedia":[{"embeddable":true,"href":"https:\/\/test393.ergatesweb7.ovh\/en\/wp-json\/wp\/v2\/media\/19805"}],"wp:attachment":[{"href":"https:\/\/test393.ergatesweb7.ovh\/en\/wp-json\/wp\/v2\/media?parent=32055"}],"curies":[{"name":"wp","href":"https:\/\/api.w.org\/{rel}","templated":true}]}}