{"id":32043,"date":"2022-04-25T20:29:00","date_gmt":"2022-04-25T18:29:00","guid":{"rendered":"https:\/\/www.cerdanya.org\/how-to-get-there\/"},"modified":"2022-04-28T13:59:07","modified_gmt":"2022-04-28T11:59:07","slug":"how-to-get-there","status":"publish","type":"page","link":"https:\/\/test393.ergatesweb7.ovh\/en\/discover\/how-to-get-there\/","title":{"rendered":"How to get there?"},"content":{"rendered":"\n<style type=\"text\/css\" data-created_by=\"avia_inline_auto\" id=\"style-css-av-10a86-ebfb8f671655ecf8407363577c92f0b7\">\n#top .av-special-heading.av-10a86-ebfb8f671655ecf8407363577c92f0b7{\npadding-bottom:10px;\n}\nbody .av-special-heading.av-10a86-ebfb8f671655ecf8407363577c92f0b7 .av-special-heading-tag .heading-char{\nfont-size:25px;\n}\n.av-special-heading.av-10a86-ebfb8f671655ecf8407363577c92f0b7 .av-subheading{\nfont-size:15px;\n}\n<\/style>\n<div  class='av-special-heading av-10a86-ebfb8f671655ecf8407363577c92f0b7 av-special-heading-h2 blockquote modern-quote  avia-builder-el-0  el_before_av_hr  avia-builder-el-first  av-linked-heading'><h2 class='av-special-heading-tag '  itemprop=\"headline\"  >Distances in km<\/h2><div class=\"special-heading-border\"><div class=\"special-heading-inner-border\"><\/div><\/div><\/div>\n\n<style type=\"text\/css\" data-created_by=\"avia_inline_auto\" id=\"style-css-av-jr0y59r3-9e63e92d3fabe975f25c924a004dee82\">\n#top .hr.hr-invisible.av-jr0y59r3-9e63e92d3fabe975f25c924a004dee82{\nheight:50px;\n}\n<\/style>\n<div  class='hr av-jr0y59r3-9e63e92d3fabe975f25c924a004dee82 hr-invisible  avia-builder-el-1  el_after_av_heading  el_before_av_one_fourth '><span class='hr-inner '><span class=\"hr-inner-style\"><\/span><\/span><\/div>\n\n<style type=\"text\/css\" data-created_by=\"avia_inline_auto\" id=\"style-css-av-7fca6-ec2f3b7f41173b0cc879974d410e9016\">\n.flex_column.av-7fca6-ec2f3b7f41173b0cc879974d410e9016{\nborder-radius:0px 0px 0px 0px;\npadding:0px 0px 0px 0px;\n}\n<\/style>\n<div  class='flex_column av-7fca6-ec2f3b7f41173b0cc879974d410e9016 av_one_fourth  avia-builder-el-2  el_after_av_hr  el_before_av_one_fourth  first flex_column_div av-zero-column-padding  '     ><section  class='av_textblock_section av-jr0y3dxs-5b9e06720ad51896077224613f3f036c '   itemscope=\"itemscope\" itemtype=\"https:\/\/schema.org\/CreativeWork\" ><div class='avia_textblock'  itemprop=\"text\" ><h3 style=\"text-align: center;\">From Barcelona<\/h3>\n<\/div><\/section><br \/>\n<div  class=\"avia-animated-number av-jr0y4iik-a4a7637ca7192720392b7f33a855ba5f av-force-default-color avia_animate_when_visible  avia-builder-el-4  el_after_av_textblock  avia-builder-el-last  \" data-timer=\"3000\"><strong class=\"heading avia-animated-number-title\"><span class=\"avia-single-number __av-single-number\" data-number_format=\"\" data-number=\"145\" data-start_from=\"0\">145<\/span><\/strong><div class=\"avia-animated-number-content\"><p>kilometers<\/p>\n<\/div><\/div><\/p><\/div>\n\n<style type=\"text\/css\" data-created_by=\"avia_inline_auto\" id=\"style-css-av-2jsq-4686e2780af0239a184a6adcc45dd44b\">\n.flex_column.av-2jsq-4686e2780af0239a184a6adcc45dd44b{\nborder-radius:0px 0px 0px 0px;\npadding:0px 0px 0px 0px;\n}\n<\/style>\n<div  class='flex_column av-2jsq-4686e2780af0239a184a6adcc45dd44b av_one_fourth  avia-builder-el-5  el_after_av_one_fourth  el_before_av_one_fourth  flex_column_div av-zero-column-padding  '     ><section  class='av_textblock_section av-jr0y3dxs-5b9e06720ad51896077224613f3f036c '   itemscope=\"itemscope\" itemtype=\"https:\/\/schema.org\/CreativeWork\" ><div class='avia_textblock'  itemprop=\"text\" ><h3 style=\"text-align: center;\">From Girona<\/h3>\n<\/div><\/section><br \/>\n<div  class=\"avia-animated-number av-jr0y4iik-72c4732b7b2c3d2436da66b22447c411 av-force-default-color avia_animate_when_visible  avia-builder-el-7  el_after_av_textblock  avia-builder-el-last  \" data-timer=\"3000\"><strong class=\"heading avia-animated-number-title\"><span class=\"avia-single-number __av-single-number\" data-number_format=\"\" data-number=\"149\" data-start_from=\"0\">149<\/span><\/strong><div class=\"avia-animated-number-content\"><p>kilometers<\/p>\n<\/div><\/div><\/p><\/div>\n\n<style type=\"text\/css\" data-created_by=\"avia_inline_auto\" id=\"style-css-av-6fkmm-f07dbc5c3354b8ec91f4c0a5a726e051\">\n.flex_column.av-6fkmm-f07dbc5c3354b8ec91f4c0a5a726e051{\nborder-radius:0px 0px 0px 0px;\npadding:0px 0px 0px 0px;\n}\n<\/style>\n<div  class='flex_column av-6fkmm-f07dbc5c3354b8ec91f4c0a5a726e051 av_one_fourth  avia-builder-el-8  el_after_av_one_fourth  el_before_av_one_fourth  flex_column_div av-zero-column-padding  '     ><section  class='av_textblock_section av-jr0y3dxs-5b9e06720ad51896077224613f3f036c '   itemscope=\"itemscope\" itemtype=\"https:\/\/schema.org\/CreativeWork\" ><div class='avia_textblock'  itemprop=\"text\" ><h3 style=\"text-align: center;\">From Madrid<\/h3>\n<\/div><\/section><br \/>\n<div  class=\"avia-animated-number av-jr0y4iik-565b95a751c9c2c51a7d3f870f8cba65 av-force-default-color avia_animate_when_visible  avia-builder-el-10  el_after_av_textblock  avia-builder-el-last  \" data-timer=\"3000\"><strong class=\"heading avia-animated-number-title\"><span class=\"avia-single-number __av-single-number\" data-number_format=\"\" data-number=\"639\" data-start_from=\"0\">639<\/span><\/strong><div class=\"avia-animated-number-content\"><p>kilometers<\/p>\n<\/div><\/div><\/p><\/div>\n\n<style type=\"text\/css\" data-created_by=\"avia_inline_auto\" id=\"style-css-av-jl2i-e79f99a0cd0a42adc4cfe810fe50550c\">\n.flex_column.av-jl2i-e79f99a0cd0a42adc4cfe810fe50550c{\nborder-radius:0px 0px 0px 0px;\npadding:0px 0px 0px 0px;\n}\n<\/style>\n<div  class='flex_column av-jl2i-e79f99a0cd0a42adc4cfe810fe50550c av_one_fourth  avia-builder-el-11  el_after_av_one_fourth  el_before_av_hr  flex_column_div av-zero-column-padding  '     ><section  class='av_textblock_section av-jr0y3dxs-5b9e06720ad51896077224613f3f036c '   itemscope=\"itemscope\" itemtype=\"https:\/\/schema.org\/CreativeWork\" ><div class='avia_textblock'  itemprop=\"text\" ><h3 style=\"text-align: center;\">From Zaragoza<\/h3>\n<\/div><\/section><br \/>\n<div  class=\"avia-animated-number av-jr0y4iik-5e4c77d4a19dbf15e9dcf2b007409b9b av-force-default-color avia_animate_when_visible  avia-builder-el-13  el_after_av_textblock  avia-builder-el-last  \" data-timer=\"3000\"><strong class=\"heading avia-animated-number-title\"><span class=\"avia-single-number __av-single-number\" data-number_format=\"\" data-number=\"326\" data-start_from=\"0\">326<\/span><\/strong><div class=\"avia-animated-number-content\"><p> kilometers<\/p>\n<\/div><\/div><\/p><\/div>\n\n<style type=\"text\/css\" data-created_by=\"avia_inline_auto\" id=\"style-css-av-jr0y59r3-9e63e92d3fabe975f25c924a004dee82\">\n#top .hr.hr-invisible.av-jr0y59r3-9e63e92d3fabe975f25c924a004dee82{\nheight:50px;\n}\n<\/style>\n<div  class='hr av-jr0y59r3-9e63e92d3fabe975f25c924a004dee82 hr-invisible  avia-builder-el-14  el_after_av_one_fourth  el_before_av_one_fourth '><span class='hr-inner '><span class=\"hr-inner-style\"><\/span><\/span><\/div>\n\n<style type=\"text\/css\" data-created_by=\"avia_inline_auto\" id=\"style-css-av-57nx2-7d1a8bb06e99d85d176a934de8a9d738\">\n.flex_column.av-57nx2-7d1a8bb06e99d85d176a934de8a9d738{\nborder-radius:0px 0px 0px 0px;\npadding:0px 0px 0px 0px;\n}\n<\/style>\n<div  class='flex_column av-57nx2-7d1a8bb06e99d85d176a934de8a9d738 av_one_fourth  avia-builder-el-15  el_after_av_hr  el_before_av_one_fourth  first flex_column_div av-zero-column-padding  '     ><section  class='av_textblock_section av-jr0y3dxs-5b9e06720ad51896077224613f3f036c '   itemscope=\"itemscope\" itemtype=\"https:\/\/schema.org\/CreativeWork\" ><div class='avia_textblock'  itemprop=\"text\" ><h3 style=\"text-align: center;\">From Valencia<\/h3>\n<\/div><\/section><br \/>\n<div  class=\"avia-animated-number av-jr0y4iik-cb985ade89c3b38d102bee01b994cf95 av-force-default-color avia_animate_when_visible  avia-builder-el-17  el_after_av_textblock  avia-builder-el-last  \" data-timer=\"3000\"><strong class=\"heading avia-animated-number-title\"><span class=\"avia-single-number __av-single-number\" data-number_format=\"\" data-number=\"460\" data-start_from=\"0\">460<\/span><\/strong><div class=\"avia-animated-number-content\"><p>kilometers<\/p>\n<\/div><\/div><\/p><\/div>\n\n<style type=\"text\/css\" data-created_by=\"avia_inline_auto\" id=\"style-css-av-h3by-61146010d449cd67708d3acc5974b77e\">\n.flex_column.av-h3by-61146010d449cd67708d3acc5974b77e{\nborder-radius:0px 0px 0px 0px;\npadding:0px 0px 0px 0px;\n}\n<\/style>\n<div  class='flex_column av-h3by-61146010d449cd67708d3acc5974b77e av_one_fourth  avia-builder-el-18  el_after_av_one_fourth  el_before_av_one_fourth  flex_column_div av-zero-column-padding  '     ><section  class='av_textblock_section av-jr0y3dxs-5b9e06720ad51896077224613f3f036c '   itemscope=\"itemscope\" itemtype=\"https:\/\/schema.org\/CreativeWork\" ><div class='avia_textblock'  itemprop=\"text\" ><h3 style=\"text-align: center;\">From San Sebasti\u00e1n<\/h3>\n<\/div><\/section><br \/>\n<div  class=\"avia-animated-number av-jr0y4iik-98a39908beaf19b866364e55d618ebc9 av-force-default-color avia_animate_when_visible  avia-builder-el-20  el_after_av_textblock  avia-builder-el-last  \" data-timer=\"3000\"><strong class=\"heading avia-animated-number-title\"><span class=\"avia-single-number __av-single-number\" data-number_format=\"\" data-number=\"432\" data-start_from=\"0\">432<\/span><\/strong><div class=\"avia-animated-number-content\"><p>kilometers<\/p>\n<\/div><\/div><\/p><\/div>\n\n<style type=\"text\/css\" data-created_by=\"avia_inline_auto\" id=\"style-css-av-3vkcy-0ecb902113a5c78d56ee0896ad3e862e\">\n.flex_column.av-3vkcy-0ecb902113a5c78d56ee0896ad3e862e{\nborder-radius:0px 0px 0px 0px;\npadding:0px 0px 0px 0px;\n}\n<\/style>\n<div  class='flex_column av-3vkcy-0ecb902113a5c78d56ee0896ad3e862e av_one_fourth  avia-builder-el-21  el_after_av_one_fourth  el_before_av_one_fourth  flex_column_div av-zero-column-padding  '     ><section  class='av_textblock_section av-jr0y3dxs-5b9e06720ad51896077224613f3f036c '   itemscope=\"itemscope\" itemtype=\"https:\/\/schema.org\/CreativeWork\" ><div class='avia_textblock'  itemprop=\"text\" ><h3 style=\"text-align: center;\">From Perpignan<\/h3>\n<\/div><\/section><br \/>\n<div  class=\"avia-animated-number av-jr0y4iik-802b2f961aa5b56c03fb535f195ca21f av-force-default-color avia_animate_when_visible  avia-builder-el-23  el_after_av_textblock  avia-builder-el-last  \" data-timer=\"3000\"><strong class=\"heading avia-animated-number-title\"><span class=\"avia-single-number __av-single-number\" data-number_format=\"\" data-number=\"103\" data-start_from=\"0\">103<\/span><\/strong><div class=\"avia-animated-number-content\"><p>kilometers<\/p>\n<\/div><\/div><\/p><\/div>\n\n<style type=\"text\/css\" data-created_by=\"avia_inline_auto\" id=\"style-css-av-3ghou-27492843dcdde54e8b15cff836eadade\">\n.flex_column.av-3ghou-27492843dcdde54e8b15cff836eadade{\nborder-radius:0px 0px 0px 0px;\npadding:0px 0px 0px 0px;\n}\n<\/style>\n<div  class='flex_column av-3ghou-27492843dcdde54e8b15cff836eadade av_one_fourth  avia-builder-el-24  el_after_av_one_fourth  el_before_av_hr  flex_column_div av-zero-column-padding  '     ><section  class='av_textblock_section av-jr0y3dxs-5b9e06720ad51896077224613f3f036c '   itemscope=\"itemscope\" itemtype=\"https:\/\/schema.org\/CreativeWork\" ><div class='avia_textblock'  itemprop=\"text\" ><h3 style=\"text-align: center;\">From Toulouse<\/h3>\n<\/div><\/section><br \/>\n<div  class=\"avia-animated-number av-jr0y4iik-4d324cdaa76459f2b12c1790ac13516b av-force-default-color avia_animate_when_visible  avia-builder-el-26  el_after_av_textblock  avia-builder-el-last  \" data-timer=\"3000\"><strong class=\"heading avia-animated-number-title\"><span class=\"avia-single-number __av-single-number\" data-number_format=\"\" data-number=\"170\" data-start_from=\"0\">170<\/span><\/strong><div class=\"avia-animated-number-content\"><p>kilometers<\/p>\n<\/div><\/div><\/p><\/div>\n\n<style type=\"text\/css\" data-created_by=\"avia_inline_auto\" id=\"style-css-av-jr0y59r3-975575e9dbc2dba2c2e8ab348bc3cac9\">\n#top .hr.hr-invisible.av-jr0y59r3-975575e9dbc2dba2c2e8ab348bc3cac9{\nheight:100px;\n}\n<\/style>\n<div  class='hr av-jr0y59r3-975575e9dbc2dba2c2e8ab348bc3cac9 hr-invisible  avia-builder-el-27  el_after_av_one_fourth  el_before_av_one_full '><span class='hr-inner '><span class=\"hr-inner-style\"><\/span><\/span><\/div>\n\n<style type=\"text\/css\" data-created_by=\"avia_inline_auto\" id=\"style-css-av-9hsq-1773d3074817352cc5cd4fbf77e7bba1\">\n.flex_column.av-9hsq-1773d3074817352cc5cd4fbf77e7bba1{\nborder-radius:0px 0px 0px 0px;\npadding:0px 0px 0px 0px;\n}\n<\/style>\n<div  class='flex_column av-9hsq-1773d3074817352cc5cd4fbf77e7bba1 av_one_full  avia-builder-el-28  el_after_av_hr  el_before_av_one_half  first flex_column_div av-zero-column-padding  '     ><style type=\"text\/css\" data-created_by=\"avia_inline_auto\" id=\"style-css-av-k7zzxwee-93950321cef2892c75f0ea21f6e16ad8\">\n#top .av-special-heading.av-k7zzxwee-93950321cef2892c75f0ea21f6e16ad8{\npadding-bottom:10px;\n}\nbody .av-special-heading.av-k7zzxwee-93950321cef2892c75f0ea21f6e16ad8 .av-special-heading-tag .heading-char{\nfont-size:25px;\n}\n.av-special-heading.av-k7zzxwee-93950321cef2892c75f0ea21f6e16ad8 .av-subheading{\nfont-size:15px;\n}\n<\/style>\n<div  class='av-special-heading av-k7zzxwee-93950321cef2892c75f0ea21f6e16ad8 av-special-heading-h2 blockquote modern-quote  avia-builder-el-29  avia-builder-el-no-sibling  av-linked-heading'><h2 class='av-special-heading-tag '  itemprop=\"headline\"  >How to get there?<\/h2><div class=\"special-heading-border\"><div class=\"special-heading-inner-border\"><\/div><\/div><\/div><\/div>\n\n<style type=\"text\/css\" data-created_by=\"avia_inline_auto\" id=\"style-css-av-2ca5q-1d7869746859cdd291b4d90cbe15f282\">\n.flex_column.av-2ca5q-1d7869746859cdd291b4d90cbe15f282{\nborder-radius:0px 0px 0px 0px;\npadding:0px 0px 0px 0px;\n}\n<\/style>\n<div  class='flex_column av-2ca5q-1d7869746859cdd291b4d90cbe15f282 av_one_half  avia-builder-el-30  el_after_av_one_full  el_before_av_one_half  first flex_column_div av-zero-column-padding  column-top-margin'     ><section  class='av_textblock_section av-jr0y3dxs-b0307cb7be1ba28cf1f2363644e6bf56 '   itemscope=\"itemscope\" itemtype=\"https:\/\/schema.org\/CreativeWork\" ><div class='avia_textblock'  itemprop=\"text\" ><div class=\"wpb_text_column wpb_content_element \">\n<div class=\"wpb_wrapper\">\n<h3><strong>By car:<\/strong><\/h3>\n<ul>\n<li><strong>From Barcelona<\/strong> on the C-16 \/ E9 towards Manresa, follow the direction of Berga to Puigcerd\u00e0 via the T\u00fanel del Cad\u00ed. Also on the C-17 Barcelona &#8211; Vic &#8211; Ripoll &#8211; Collada de Toses &#8211; Puigcerd\u00e0.<\/li>\n<li><strong>From Lleida<\/strong> to Adrall on the C-13, C-26 and d&#8217;Adrall &#8211; La Seu d&#8217;Urgell to Puigcerd\u00e0 on the N-260.<\/li>\n<li><strong>From Girona<\/strong> , take the C-25, Prats de Llu\u00e7an\u00e8s and the C-16 \/ E9 T\u00fanel del Cad\u00ed. Also by Olot and Ripoll by the N-260 (Collada de Toses).<\/li>\n<li><strong>From the north of Spain<\/strong> via Ir\u00fan, direction Tarbes, Foix, Ax-Les-Thermes, Pimorent Tunnel to Puigcerd\u00e0.<\/li>\n<\/ul>\n<\/div>\n<\/div>\n<div class=\"wpb_text_column wpb_content_element \">\n<div class=\"wpb_wrapper\">\n<h3><strong>By Train:<\/strong><\/h3>\n<ul>\n<li><strong><a href=\"http:\/\/www.renfe.com\/CA\/viajeros\/cercanias\/barcelona\/\" target=\"_blank\" rel=\"noopener noreferrer\">Renfe<\/a> :<\/strong> from Barcelona &#8211; La Tour de Carol. Tel. 902 240 202<\/li>\n<\/ul>\n<\/div>\n<\/div>\n<div class=\"wpb_text_column wpb_content_element \">\n<div class=\"wpb_wrapper\">\n<h3><strong>By Bus:<\/strong><\/h3>\n<ul>\n<li><strong><a href=\"https:\/\/www.alsa.es\/ca\/\" target=\"_blank\" rel=\"noopener noreferrer\">Alsa<\/a> :<\/strong> from Barcelona or Lleida. Tel. 902 42 22 42<\/li>\n<li><strong><a href=\"http:\/\/www.teisa-bus.com\/\" target=\"_blank\" rel=\"noopener noreferrer\">Teisa<\/a> :<\/strong> from Girona. Tel. 972 20 48 68<\/li>\n<\/ul>\n<\/div>\n<\/div>\n<div class=\"wpb_text_column wpb_content_element \">\n<div class=\"wpb_wrapper\">\n<h3><strong>Airports:<\/strong><\/h3>\n<ul>\n<li>Barcelona, Madrid, Girona, Toulouse and Perpignan.<\/li>\n<\/ul>\n<\/div>\n<\/div>\n<\/div><\/section><\/div>\n<style type=\"text\/css\" data-created_by=\"avia_inline_auto\" id=\"style-css-av-5k1y-d28fe1afcd25458b7c9446cd4203f72d\">\n.flex_column.av-5k1y-d28fe1afcd25458b7c9446cd4203f72d{\nborder-radius:0px 0px 0px 0px;\npadding:0px 0px 0px 0px;\n}\n<\/style>\n<div  class='flex_column av-5k1y-d28fe1afcd25458b7c9446cd4203f72d av_one_half  avia-builder-el-32  el_after_av_one_half  avia-builder-el-last  flex_column_div av-zero-column-padding  column-top-margin'     ><div  class='av_gmaps_sc_main_wrap av_gmaps_main_wrap '><div id='av_gmap_0' class='avia-google-map-container avia-google-map-sc av_gmaps_show_unconditionally av-no-fallback-img ' data-mapid='av_gmap_0'  style='height: 500px;'><a class=\"av_gmaps_browser_disabled av_text_confirm_link av_text_confirm_link_visible\" href=\"https:\/\/www.google.com\/maps\/search\/?api=1&#038;query=Puigcerd\u00e0\" target=\"_blank\">Maps were disabled by the visitor on this site. Click to open the map in a new window.<\/a><\/div><\/div><\/div><\/p>\n","protected":false},"excerpt":{"rendered":"","protected":false},"author":3,"featured_media":19823,"parent":32057,"menu_order":40,"comment_status":"closed","ping_status":"closed","template":"","meta":{"footnotes":""},"class_list":["post-32043","page","type-page","status-publish","has-post-thumbnail","hentry"],"_links":{"self":[{"href":"https:\/\/test393.ergatesweb7.ovh\/en\/wp-json\/wp\/v2\/pages\/32043","targetHints":{"allow":["GET"]}}],"collection":[{"href":"https:\/\/test393.ergatesweb7.ovh\/en\/wp-json\/wp\/v2\/pages"}],"about":[{"href":"https:\/\/test393.ergatesweb7.ovh\/en\/wp-json\/wp\/v2\/types\/page"}],"author":[{"embeddable":true,"href":"https:\/\/test393.ergatesweb7.ovh\/en\/wp-json\/wp\/v2\/users\/3"}],"replies":[{"embeddable":true,"href":"https:\/\/test393.ergatesweb7.ovh\/en\/wp-json\/wp\/v2\/comments?post=32043"}],"version-history":[{"count":5,"href":"https:\/\/test393.ergatesweb7.ovh\/en\/wp-json\/wp\/v2\/pages\/32043\/revisions"}],"predecessor-version":[{"id":32978,"href":"https:\/\/test393.ergatesweb7.ovh\/en\/wp-json\/wp\/v2\/pages\/32043\/revisions\/32978"}],"up":[{"embeddable":true,"href":"https:\/\/test393.ergatesweb7.ovh\/en\/wp-json\/wp\/v2\/pages\/32057"}],"wp:featuredmedia":[{"embeddable":true,"href":"https:\/\/test393.ergatesweb7.ovh\/en\/wp-json\/wp\/v2\/media\/19823"}],"wp:attachment":[{"href":"https:\/\/test393.ergatesweb7.ovh\/en\/wp-json\/wp\/v2\/media?parent=32043"}],"curies":[{"name":"wp","href":"https:\/\/api.w.org\/{rel}","templated":true}]}}