{"id":31974,"date":"2022-04-25T19:17:22","date_gmt":"2022-04-25T17:17:22","guid":{"rendered":"https:\/\/www.cerdanya.org\/the-keys-of-the-churches\/"},"modified":"2022-05-28T16:29:47","modified_gmt":"2022-05-28T14:29:47","slug":"the-keys-of-the-churches","status":"publish","type":"page","link":"https:\/\/test393.ergatesweb7.ovh\/en\/what-to-do\/cultural-tourism\/the-keys-of-the-churches\/","title":{"rendered":"The keys of the churches"},"content":{"rendered":"\n<style type=\"text\/css\" data-created_by=\"avia_inline_auto\" id=\"style-css-av-6tgxn-d84568be9469a5491d043a1552771294\">\n.flex_column.av-6tgxn-d84568be9469a5491d043a1552771294{\nborder-radius:0px 0px 0px 0px;\npadding:0px 0px 0px 0px;\n}\n<\/style>\n<div  class='flex_column av-6tgxn-d84568be9469a5491d043a1552771294 av_one_full  avia-builder-el-0  el_before_av_one_half  avia-builder-el-first  first flex_column_div av-zero-column-padding  '     ><section  class='av_textblock_section av-k7qdwm30-88d7db6711da1162a900ffbaf9c3a2aa '   itemscope=\"itemscope\" itemtype=\"https:\/\/schema.org\/CreativeWork\" ><div class='avia_textblock'  itemprop=\"text\" ><p>The <strong>Keys of the Churches<\/strong> of <strong>La Cerdanya<\/strong> is a project in collaboration with the <a href=\"https:\/\/bisbaturgell.org\/index.php\/ca\/\">Bishop of Urgell<\/a> , which wants to make you aware of the most spectacular interiors of the churches in our region. We suggest 3 itineraries, where you will visit 4 churches in each of them, accompanied by a specialist guide on the heritage of the Pyrenees.<\/p>\n<p>In the <strong>tour of the &#8220;Solana&#8221;<\/strong> you will be able to know the churches of Santa Maria d&#8217;All (Is\u00f2vol), Santa Maria de Quadres (Is\u00f2vol), Santa Cec\u00edlia de Bolvir and Sant Climent de Talltorta (Bolvir), in the <strong>tour of the &#8220;Obaga&#8221;<\/strong> the churches of Santa Maria de Tall\u00f3 (Bellver de Cerdanya), Sant Juli\u00e0 de Pedra (Bellver de Cerdanya), Sant Joan Baptista de Riu de Cerdanya and Sant Pere d&#8217;Alp and in the <strong>tour of the &#8220;Portalades&#8221;<\/strong>\u00a0you will be able to know the churches of Sant Esteve de Guils, Santa Eug\u00e8nia de Saga (Ger), Sant Climent de Gr\u00e9ixer (Ger) and Sant Pere d\u2019Olopte (Is\u00f2vol).<\/p>\n<p>We have prepared a calendar with the visits and you can register from this website.<\/p>\n<p>All this for a price of <strong>12EUR per person<\/strong> from the age of 8.<\/p>\n<\/div><\/section><\/div>\n\n<style type=\"text\/css\" data-created_by=\"avia_inline_auto\" id=\"style-css-av-3y10ez-155973d1a6c7bbfcc72890ccf872edce\">\n.flex_column.av-3y10ez-155973d1a6c7bbfcc72890ccf872edce{\nborder-radius:0px 0px 0px 0px;\npadding:0px 0px 0px 0px;\n}\n<\/style>\n<div  class='flex_column av-3y10ez-155973d1a6c7bbfcc72890ccf872edce av_one_half  avia-builder-el-2  el_after_av_one_full  el_before_av_one_half  first flex_column_div av-zero-column-padding  column-top-margin'     ><\/div>\n\n<style type=\"text\/css\" data-created_by=\"avia_inline_auto\" id=\"style-css-av-6iarqz-7c68fdf657cc3668ffe4feb92fac7732\">\n.flex_column.av-6iarqz-7c68fdf657cc3668ffe4feb92fac7732{\nborder-radius:0px 0px 0px 0px;\npadding:0px 0px 0px 0px;\n}\n<\/style>\n<div  class='flex_column av-6iarqz-7c68fdf657cc3668ffe4feb92fac7732 av_one_half  avia-builder-el-4  el_after_av_one_half  el_before_av_hr  flex_column_div av-zero-column-padding  column-top-margin'     ><p><div  class='avia-button-wrap av-k7qdzt9l-679716033ff91c1011a3400f8c28882b-wrap avia-button-center  avia-builder-el-5  el_before_av_hr  avia-builder-el-first '><a href='https:\/\/forms.gle\/92x1renkkpJNdTq5A'  class='avia-button av-k7qdzt9l-679716033ff91c1011a3400f8c28882b av-link-btn avia-icon_select-yes-left-icon avia-size-x-large avia-position-center avia-color-theme-color'  target=\"_blank\"  rel=\"noopener noreferrer\"  aria-label=\"Click here to sign up for a visit\"><span class='avia_button_icon avia_button_icon_left avia-iconfont avia-font-entypo-fontello' data-av_icon='\ue836' data-av_iconfont='entypo-fontello' ><\/span><span class='avia_iconbox_title' >Click here to sign up for a visit<\/span><\/a><\/div><br \/>\n\n<style type=\"text\/css\" data-created_by=\"avia_inline_auto\" id=\"style-css-av-k7qe0eso-4b9a304f60206b79d256d9ce9c95662e\">\n#top .hr.hr-invisible.av-k7qe0eso-4b9a304f60206b79d256d9ce9c95662e{\nheight:50px;\n}\n<\/style>\n<div  class='hr av-k7qe0eso-4b9a304f60206b79d256d9ce9c95662e hr-invisible  avia-builder-el-6  el_after_av_button  el_before_av_image '><span class='hr-inner '><span class=\"hr-inner-style\"><\/span><\/span><\/div><br \/>\n\n<style type=\"text\/css\" data-created_by=\"avia_inline_auto\" id=\"style-css-av-k7qdxm3b-8a1c4cd6ee08e45afb7106c4272d53e4\">\n.avia-image-container.av-k7qdxm3b-8a1c4cd6ee08e45afb7106c4272d53e4 img.avia_image{\nbox-shadow:none;\n}\n.avia-image-container.av-k7qdxm3b-8a1c4cd6ee08e45afb7106c4272d53e4 .av-image-caption-overlay-center{\ncolor:#ffffff;\n}\n<\/style>\n<div  class='avia-image-container av-k7qdxm3b-8a1c4cd6ee08e45afb7106c4272d53e4 av-styling- avia-align-center  avia-builder-el-7  el_after_av_hr  avia-builder-el-last '   itemprop=\"image\" itemscope=\"itemscope\" itemtype=\"https:\/\/schema.org\/ImageObject\" ><div class=\"avia-image-container-inner\"><div class=\"avia-image-overlay-wrap\"><img decoding=\"async\" fetchpriority=\"high\" class='wp-image-36442 avia-img-lazy-loading-not-36442 avia_image ' src=\"https:\/\/test393.ergatesweb7.ovh\/wp-content\/uploads\/2022\/05\/claus-esglesies-cerdanya-mapa-1030x726.jpg\" alt='' title='claus-esglesies-cerdanya-mapa'  height=\"726\" width=\"1030\"  itemprop=\"thumbnailUrl\" srcset=\"https:\/\/test393.ergatesweb7.ovh\/wp-content\/uploads\/2022\/05\/claus-esglesies-cerdanya-mapa-1030x726.jpg 1030w, https:\/\/test393.ergatesweb7.ovh\/wp-content\/uploads\/2022\/05\/claus-esglesies-cerdanya-mapa-300x212.jpg 300w, https:\/\/test393.ergatesweb7.ovh\/wp-content\/uploads\/2022\/05\/claus-esglesies-cerdanya-mapa-768x541.jpg 768w, https:\/\/test393.ergatesweb7.ovh\/wp-content\/uploads\/2022\/05\/claus-esglesies-cerdanya-mapa-705x497.jpg 705w, https:\/\/test393.ergatesweb7.ovh\/wp-content\/uploads\/2022\/05\/claus-esglesies-cerdanya-mapa.jpg 1241w\" sizes=\"(max-width: 1030px) 100vw, 1030px\" \/><\/div><\/div><\/div><\/p><\/div>\n<div  class='hr av-29w8bf-59a49fd0d27b796d805f42e008075971 hr-default  avia-builder-el-8  el_after_av_one_half  el_before_av_textblock '><span class='hr-inner '><span class=\"hr-inner-style\"><\/span><\/span><\/div>\n<section  class='av_textblock_section av-k7qdxzq2-783236692ba2f8c268e55bb860ac7274 '   itemscope=\"itemscope\" itemtype=\"https:\/\/schema.org\/CreativeWork\" ><div class='avia_textblock'  itemprop=\"text\" ><p><strong>Terms and conditions:<\/strong><\/p>\n<p>Visits always start at 11 am.<\/p>\n<p>The price for the visit is \u20ac 12 for those over 8 years old (free visit for children under this age).<strong>Tickets will be paid in cash to the guide before the visit begins<\/strong> .<\/p>\n<p>The visit under a minimum of 5 people over 8 years old. If this minimum is not reached, the visit will be canceled and the registrants will be informed.<\/p>\n<p>The visit is by private car.<\/p>\n<p>The meeting point of the Solana route is in the church of Santa Maria d&#8217;All (village of All). <a href=\"https:\/\/goo.gl\/maps\/wwK5bD5imLBsmPeN8\" target=\"_blank\" rel=\"noopener noreferrer\">Click here to see the map<\/a> .<\/p>\n<p>The meeting point of the Obaga route is in the church of Santa Maria de Tall\u00f3 (next to Bellver de Cerdanya). <a href=\"https:\/\/goo.gl\/maps\/f7vZ7pKNiRdFr2AD6\" target=\"_blank\" rel=\"noopener noreferrer\">Click here to see the map<\/a> .<\/p>\n<p>The meeting point of the Portalades route is in the church of Sant Esteve de Guils de Cerdanya. <a href=\"https:\/\/goo.gl\/maps\/abkQ2aruT2ChT9TF9\" target=\"_blank\" rel=\"noopener\">Click here to see the map<\/a> .<\/p>\n<p>The Obaga route is not recommended for people with reduced mobility as access to the church of Pedra is difficult.<\/p>\n<\/div><\/section>\n\n<style type=\"text\/css\" data-created_by=\"avia_inline_auto\" id=\"style-css-av-29w8bf-6030ebc4bdc36e0b64a6a6e7976d3301\">\n#top .hr.hr-invisible.av-29w8bf-6030ebc4bdc36e0b64a6a6e7976d3301{\nheight:50px;\n}\n<\/style>\n<div  class='hr av-29w8bf-6030ebc4bdc36e0b64a6a6e7976d3301 hr-invisible  avia-builder-el-10  el_after_av_textblock  el_before_av_textblock '><span class='hr-inner '><span class=\"hr-inner-style\"><\/span><\/span><\/div>\n<section  class='av_textblock_section av-k7qdxzq2-2eb0a9cce99830007a650d899e75c512 '   itemscope=\"itemscope\" itemtype=\"https:\/\/schema.org\/CreativeWork\" ><div class='avia_textblock'  itemprop=\"text\" ><p>Personalized and small group tours can be arranged, with prices and dates to be determined. <a href=\"https:\/\/www.cerdanya.org\/en\/useful-information\/contact\/\">Contact with us.<\/a><\/p>\n<\/div><\/section>\n<div  class='hr av-29w8bf-59a49fd0d27b796d805f42e008075971 hr-default  avia-builder-el-12  el_after_av_textblock  el_before_av_image '><span class='hr-inner '><span class=\"hr-inner-style\"><\/span><\/span><\/div>\n\n<style type=\"text\/css\" data-created_by=\"avia_inline_auto\" id=\"style-css-av-k8z3jzlp-c0e7c1822b09e703661c2e3041272112\">\n.avia-image-container.av-k8z3jzlp-c0e7c1822b09e703661c2e3041272112 img.avia_image{\nbox-shadow:none;\n}\n.avia-image-container.av-k8z3jzlp-c0e7c1822b09e703661c2e3041272112 .av-image-caption-overlay-center{\ncolor:#ffffff;\n}\n<\/style>\n<div  class='avia-image-container av-k8z3jzlp-c0e7c1822b09e703661c2e3041272112 av-styling- avia-align-center  avia-builder-el-13  el_after_av_hr  avia-builder-el-last '   itemprop=\"image\" itemscope=\"itemscope\" itemtype=\"https:\/\/schema.org\/ImageObject\" ><div class=\"avia-image-container-inner\"><div class=\"avia-image-overlay-wrap\"><img decoding=\"async\" fetchpriority=\"high\" class='wp-image-36352 avia-img-lazy-loading-not-36352 avia_image ' src=\"https:\/\/test393.ergatesweb7.ovh\/wp-content\/uploads\/2022\/05\/claus-esglesies-cerdanya.jpg\" alt='' title='claus-esglesies-cerdanya'  height=\"875\" width=\"1241\"  itemprop=\"thumbnailUrl\" srcset=\"https:\/\/test393.ergatesweb7.ovh\/wp-content\/uploads\/2022\/05\/claus-esglesies-cerdanya.jpg 1241w, https:\/\/test393.ergatesweb7.ovh\/wp-content\/uploads\/2022\/05\/claus-esglesies-cerdanya-300x212.jpg 300w, https:\/\/test393.ergatesweb7.ovh\/wp-content\/uploads\/2022\/05\/claus-esglesies-cerdanya-1030x726.jpg 1030w, https:\/\/test393.ergatesweb7.ovh\/wp-content\/uploads\/2022\/05\/claus-esglesies-cerdanya-768x541.jpg 768w, https:\/\/test393.ergatesweb7.ovh\/wp-content\/uploads\/2022\/05\/claus-esglesies-cerdanya-705x497.jpg 705w\" sizes=\"(max-width: 1241px) 100vw, 1241px\" \/><\/div><\/div><\/div>\n","protected":false},"excerpt":{"rendered":"","protected":false},"author":3,"featured_media":20043,"parent":32008,"menu_order":30,"comment_status":"closed","ping_status":"closed","template":"","meta":{"footnotes":""},"class_list":["post-31974","page","type-page","status-publish","has-post-thumbnail","hentry"],"_links":{"self":[{"href":"https:\/\/test393.ergatesweb7.ovh\/en\/wp-json\/wp\/v2\/pages\/31974","targetHints":{"allow":["GET"]}}],"collection":[{"href":"https:\/\/test393.ergatesweb7.ovh\/en\/wp-json\/wp\/v2\/pages"}],"about":[{"href":"https:\/\/test393.ergatesweb7.ovh\/en\/wp-json\/wp\/v2\/types\/page"}],"author":[{"embeddable":true,"href":"https:\/\/test393.ergatesweb7.ovh\/en\/wp-json\/wp\/v2\/users\/3"}],"replies":[{"embeddable":true,"href":"https:\/\/test393.ergatesweb7.ovh\/en\/wp-json\/wp\/v2\/comments?post=31974"}],"version-history":[{"count":8,"href":"https:\/\/test393.ergatesweb7.ovh\/en\/wp-json\/wp\/v2\/pages\/31974\/revisions"}],"predecessor-version":[{"id":36461,"href":"https:\/\/test393.ergatesweb7.ovh\/en\/wp-json\/wp\/v2\/pages\/31974\/revisions\/36461"}],"up":[{"embeddable":true,"href":"https:\/\/test393.ergatesweb7.ovh\/en\/wp-json\/wp\/v2\/pages\/32008"}],"wp:featuredmedia":[{"embeddable":true,"href":"https:\/\/test393.ergatesweb7.ovh\/en\/wp-json\/wp\/v2\/media\/20043"}],"wp:attachment":[{"href":"https:\/\/test393.ergatesweb7.ovh\/en\/wp-json\/wp\/v2\/media?parent=31974"}],"curies":[{"name":"wp","href":"https:\/\/api.w.org\/{rel}","templated":true}]}}