{"id":31884,"date":"2022-04-25T18:24:05","date_gmt":"2022-04-25T16:24:05","guid":{"rendered":"https:\/\/www.cerdanya.org\/cooperation-programs\/epiremed\/"},"modified":"2022-04-28T21:25:58","modified_gmt":"2022-04-28T19:25:58","slug":"epiremed","status":"publish","type":"page","link":"https:\/\/test393.ergatesweb7.ovh\/en\/useful-information\/cooperation-programs\/epiremed\/","title":{"rendered":"EPirEMed"},"content":{"rendered":"\n<style type=\"text\/css\" data-created_by=\"avia_inline_auto\" id=\"style-css-av-6iggm1-a349a212ecd0ab1b269f03278623d0a5\">\n.flex_column.av-6iggm1-a349a212ecd0ab1b269f03278623d0a5{\nborder-radius:0px 0px 0px 0px;\npadding:0px 0px 0px 0px;\n}\n<\/style>\n<div  class='flex_column av-6iggm1-a349a212ecd0ab1b269f03278623d0a5 av_one_full  avia-builder-el-0  el_before_av_one_full  avia-builder-el-first  first flex_column_div av-zero-column-padding  '     ><style type=\"text\/css\" data-created_by=\"avia_inline_auto\" id=\"style-css-av-kgqg23wp-db1c920f40c0aee8d83c71425154a269\">\n.avia-image-container.av-kgqg23wp-db1c920f40c0aee8d83c71425154a269 img.avia_image{\nbox-shadow:none;\n}\n.avia-image-container.av-kgqg23wp-db1c920f40c0aee8d83c71425154a269 .av-image-caption-overlay-center{\ncolor:#ffffff;\n}\n<\/style>\n<div  class='avia-image-container av-kgqg23wp-db1c920f40c0aee8d83c71425154a269 av-styling- avia-align-center  avia-builder-el-1  avia-builder-el-no-sibling '   itemprop=\"image\" itemscope=\"itemscope\" itemtype=\"https:\/\/schema.org\/ImageObject\" ><div class=\"avia-image-container-inner\"><div class=\"avia-image-overlay-wrap\"><img decoding=\"async\" fetchpriority=\"high\" class='wp-image-22490 avia-img-lazy-loading-not-22490 avia_image ' src=\"https:\/\/test393.ergatesweb7.ovh\/wp-content\/uploads\/2021\/04\/epiremed-capcalera-1030x556.png\" alt='' title='epiremed-capcalera'  height=\"556\" width=\"1030\"  itemprop=\"thumbnailUrl\" srcset=\"https:\/\/test393.ergatesweb7.ovh\/wp-content\/uploads\/2021\/04\/epiremed-capcalera-1030x556.png 1030w, https:\/\/test393.ergatesweb7.ovh\/wp-content\/uploads\/2021\/04\/epiremed-capcalera-300x162.png 300w, https:\/\/test393.ergatesweb7.ovh\/wp-content\/uploads\/2021\/04\/epiremed-capcalera-768x415.png 768w, https:\/\/test393.ergatesweb7.ovh\/wp-content\/uploads\/2021\/04\/epiremed-capcalera-705x381.png 705w, https:\/\/test393.ergatesweb7.ovh\/wp-content\/uploads\/2021\/04\/epiremed-capcalera.png 1500w\" sizes=\"(max-width: 1030px) 100vw, 1030px\" \/><\/div><\/div><\/div><\/div>\n\n<style type=\"text\/css\" data-created_by=\"avia_inline_auto\" id=\"style-css-av-fjh7gp-94188cae6ee7962faa073f9613de614f\">\n.flex_column.av-fjh7gp-94188cae6ee7962faa073f9613de614f{\nborder-radius:0px 0px 0px 0px;\npadding:0px 0px 0px 0px;\n}\n<\/style>\n<div  class='flex_column av-fjh7gp-94188cae6ee7962faa073f9613de614f av_one_full  avia-builder-el-2  el_after_av_one_full  el_before_av_one_full  first flex_column_div av-zero-column-padding  column-top-margin'     ><section  class='av_textblock_section av-kgqmry61-c61d1233e6e4e692edabe08c8275dfcf '   itemscope=\"itemscope\" itemtype=\"https:\/\/schema.org\/CreativeWork\" ><div class='avia_textblock'  itemprop=\"text\" ><p><strong>EPirEMed is a cross-border cooperation project that aims to take a step forward in the tourist integration of the territories of the Eastern Pyrenees on both sides of the border between France and Catalonia.<\/strong><\/p>\n<\/div><\/section><\/div>\n\n<style type=\"text\/css\" data-created_by=\"avia_inline_auto\" id=\"style-css-av-e91lzt-ebb67014451f970ed85781b4d7827513\">\n.flex_column.av-e91lzt-ebb67014451f970ed85781b4d7827513{\nborder-radius:0px 0px 0px 0px;\npadding:0px 0px 0px 0px;\n}\n<\/style>\n<div  class='flex_column av-e91lzt-ebb67014451f970ed85781b4d7827513 av_one_full  avia-builder-el-4  el_after_av_one_full  el_before_av_one_full  first flex_column_div av-zero-column-padding  column-top-margin'     ><section  class='av_textblock_section av-kgqn0z03-690e072d6d02f8b65ee3ce45c8b9754c '   itemscope=\"itemscope\" itemtype=\"https:\/\/schema.org\/CreativeWork\" ><div class='avia_textblock'  itemprop=\"text\" ><p>Through collaboration between the main public and private tourism entities, new cross-border tourism products are being created and a joint national and international marketing and promotion strategy is being developed.<\/p>\n<p>EPirEMed selects the range of services, products and experiences to be promoted based on sustainability, quality and added value for both tourists and the territory, linking rural and mountain tourism with sustainable transport alternatives.<\/p>\n<\/div><\/section><\/div>\n\n<style type=\"text\/css\" data-created_by=\"avia_inline_auto\" id=\"style-css-av-cid3fd-31ce23ba0b32f56eca8a2f77c730953f\">\n.flex_column.av-cid3fd-31ce23ba0b32f56eca8a2f77c730953f{\nborder-radius:0px 0px 0px 0px;\npadding:0px 0px 0px 0px;\n}\n<\/style>\n<div  class='flex_column av-cid3fd-31ce23ba0b32f56eca8a2f77c730953f av_one_full  avia-builder-el-6  el_after_av_one_full  el_before_av_one_full  first flex_column_div av-zero-column-padding  column-top-margin'     ><style type=\"text\/css\" data-created_by=\"avia_inline_auto\" id=\"style-css-av-kn5rr3yz-1141830a210a2c2c34827d32ce968a98\">\n.avia-image-container.av-kn5rr3yz-1141830a210a2c2c34827d32ce968a98 img.avia_image{\nbox-shadow:none;\n}\n.avia-image-container.av-kn5rr3yz-1141830a210a2c2c34827d32ce968a98 .av-image-caption-overlay-center{\ncolor:#ffffff;\n}\n<\/style>\n<div  class='avia-image-container av-kn5rr3yz-1141830a210a2c2c34827d32ce968a98 av-styling- av-img-linked avia-align-center  avia-builder-el-7  avia-builder-el-no-sibling '   itemprop=\"image\" itemscope=\"itemscope\" itemtype=\"https:\/\/schema.org\/ImageObject\" ><div class=\"avia-image-container-inner\"><div class=\"avia-image-overlay-wrap\"><a href=\"https:\/\/epiremed.eu\" class='avia_image '  target=\"_blank\"  rel=\"noopener noreferrer\" aria-label='imatge-epiremed'><img decoding=\"async\" fetchpriority=\"high\" class='wp-image-22483 avia-img-lazy-loading-not-22483 avia_image ' src=\"https:\/\/test393.ergatesweb7.ovh\/wp-content\/uploads\/2021\/04\/imatge-epiremed.png\" alt='' title='imatge-epiremed'  height=\"583\" width=\"937\"  itemprop=\"thumbnailUrl\" srcset=\"https:\/\/test393.ergatesweb7.ovh\/wp-content\/uploads\/2021\/04\/imatge-epiremed.png 937w, https:\/\/test393.ergatesweb7.ovh\/wp-content\/uploads\/2021\/04\/imatge-epiremed-300x187.png 300w, https:\/\/test393.ergatesweb7.ovh\/wp-content\/uploads\/2021\/04\/imatge-epiremed-768x478.png 768w, https:\/\/test393.ergatesweb7.ovh\/wp-content\/uploads\/2021\/04\/imatge-epiremed-705x439.png 705w\" sizes=\"(max-width: 937px) 100vw, 937px\" \/><\/a><\/div><\/div><\/div><\/div>\n\n<style type=\"text\/css\" data-created_by=\"avia_inline_auto\" id=\"style-css-av-13dctl-4ae56e9b0a86896d819c201e55d430e3\">\n.flex_column.av-13dctl-4ae56e9b0a86896d819c201e55d430e3{\nborder-radius:0px 0px 0px 0px;\npadding:0px 0px 0px 0px;\n}\n<\/style>\n<div  class='flex_column av-13dctl-4ae56e9b0a86896d819c201e55d430e3 av_one_full  avia-builder-el-8  el_after_av_one_full  el_before_av_one_full  first flex_column_div av-zero-column-padding  column-top-margin'     ><p>\n<style type=\"text\/css\" data-created_by=\"avia_inline_auto\" id=\"style-css-av-141tb9-ccf7a0027b24c17c1c8efe145bb89d5d\">\n#top .av-special-heading.av-141tb9-ccf7a0027b24c17c1c8efe145bb89d5d{\npadding-bottom:10px;\n}\nbody .av-special-heading.av-141tb9-ccf7a0027b24c17c1c8efe145bb89d5d .av-special-heading-tag .heading-char{\nfont-size:25px;\n}\n.av-special-heading.av-141tb9-ccf7a0027b24c17c1c8efe145bb89d5d .av-subheading{\nfont-size:15px;\n}\n<\/style>\n<div  class='av-special-heading av-141tb9-ccf7a0027b24c17c1c8efe145bb89d5d av-special-heading-h3  avia-builder-el-9  el_before_av_textblock  avia-builder-el-first '><h3 class='av-special-heading-tag '  itemprop=\"headline\"  >EPirEMed territory<\/h3><div class=\"special-heading-border\"><div class=\"special-heading-inner-border\"><\/div><\/div><\/div><br \/>\n<section  class='av_textblock_section av-kgqn0z03-690e072d6d02f8b65ee3ce45c8b9754c '   itemscope=\"itemscope\" itemtype=\"https:\/\/schema.org\/CreativeWork\" ><div class='avia_textblock'  itemprop=\"text\" ><p>The EPirEMed project is made up of 13 French and 12 Catalan territories.<\/p>\n<p><u>Priority territories <\/u><\/p>\n<p>Cerdanya, Ripoll\u00e8s, La Garrotxa and Alt Empord\u00e0.<\/p>\n<p>Les Alb\u00e8res, Le Vallespir, Les Aspres, Le Roussillon, La C\u00f4te Radieuse, La C\u00f4te Vermeille and Le Rib\u00e9ral.<\/p>\n<p><u>Complementary territories present in the Pyrenees brand <\/u><\/p>\n<p>Alt Urgell, Pallars Sobir\u00e0, Pallars Juss\u00e0, Alta Ribagor\u00e7a, Val d&#8217;Aran, Solson\u00e8s, Bergued\u00e0 and La Noguera.<\/p>\n<p>La Hute Cerdagne, Le Capcir, Le Conflent, La Salanque, Les Fenouill\u00e8des and Les Corbi\u00e8res.<\/p>\n<\/div><\/section><br \/>\n\n<style type=\"text\/css\" data-created_by=\"avia_inline_auto\" id=\"style-css-av-8tyqs5-da10f6554ea757ed3f30ac47b3c4609d\">\n#top .av-special-heading.av-8tyqs5-da10f6554ea757ed3f30ac47b3c4609d{\npadding-bottom:10px;\n}\nbody .av-special-heading.av-8tyqs5-da10f6554ea757ed3f30ac47b3c4609d .av-special-heading-tag .heading-char{\nfont-size:25px;\n}\n.av-special-heading.av-8tyqs5-da10f6554ea757ed3f30ac47b3c4609d .av-subheading{\nfont-size:15px;\n}\n<\/style>\n<div  class='av-special-heading av-8tyqs5-da10f6554ea757ed3f30ac47b3c4609d av-special-heading-h3  avia-builder-el-11  el_after_av_textblock  el_before_av_textblock '><h3 class='av-special-heading-tag '  itemprop=\"headline\"  >Goal<\/h3><div class=\"special-heading-border\"><div class=\"special-heading-inner-border\"><\/div><\/div><\/div><br \/>\n<section  class='av_textblock_section av-kgqg6ukj-d417e4e7d82b8dc3a50909861fba9c98 '   itemscope=\"itemscope\" itemtype=\"https:\/\/schema.org\/CreativeWork\" ><div class='avia_textblock'  itemprop=\"text\" ><p>The main objective is the creation and promotion of sustainable and cross-border tourist experiences (TST) in the EPirEMed territory.<\/p>\n<p>TST experiences can be created and marketed in a coordinated way by different TST SMEs, or as a single tourism package by the receiving agencies and DMC.<\/p>\n<p>The promotion will be of the main and complementary sustainable tourist services and products present in the EPirEMed territory.<\/p>\n<p>We currently have 12 cross-border tourism experiences and nearly 500 SMEs present in the territory, detailing the sustainable tourism services and products they offer.<\/p>\n<\/div><\/section><br \/>\n\n<style type=\"text\/css\" data-created_by=\"avia_inline_auto\" id=\"style-css-av-7akcxx-ec01761dffa60b694cef4a87309f62f2\">\n#top .av-special-heading.av-7akcxx-ec01761dffa60b694cef4a87309f62f2{\npadding-bottom:10px;\n}\nbody .av-special-heading.av-7akcxx-ec01761dffa60b694cef4a87309f62f2 .av-special-heading-tag .heading-char{\nfont-size:25px;\n}\n.av-special-heading.av-7akcxx-ec01761dffa60b694cef4a87309f62f2 .av-subheading{\nfont-size:15px;\n}\n<\/style>\n<div  class='av-special-heading av-7akcxx-ec01761dffa60b694cef4a87309f62f2 av-special-heading-h3  avia-builder-el-13  el_after_av_textblock  el_before_av_textblock '><h3 class='av-special-heading-tag '  itemprop=\"headline\"  >Participating companies<\/h3><div class=\"special-heading-border\"><div class=\"special-heading-inner-border\"><\/div><\/div><\/div><br \/>\n<section  class='av_textblock_section av-kgqg6ukj-d417e4e7d82b8dc3a50909861fba9c98 '   itemscope=\"itemscope\" itemtype=\"https:\/\/schema.org\/CreativeWork\" ><div class='avia_textblock'  itemprop=\"text\" ><p>The EPirEMed project is open to small and medium-sized companies (transport, accommodation, food, activities, information and intermediation &#8230;), committed to sustainability and quality, suppliers of products \/ tourist experiences in the EPirEMed territories.<\/p>\n<p>Companies that have a seal or a certification of sustainability or tourist quality will be able to benefit from a differentiated positioning in the EPirEMed promotion platform.<\/p>\n<p>Companies that are actively and effectively involved in the development of sustainable cross-border tourism (TST) experiences will enjoy a priority position in the EPirEMed promotion platforms.<\/p>\n<\/div><\/section><br \/>\n\n<style type=\"text\/css\" data-created_by=\"avia_inline_auto\" id=\"style-css-av-j9kl1-242cf20c9a5f3459b7f88963b6a74213\">\n#top .av-special-heading.av-j9kl1-242cf20c9a5f3459b7f88963b6a74213{\npadding-bottom:10px;\n}\nbody .av-special-heading.av-j9kl1-242cf20c9a5f3459b7f88963b6a74213 .av-special-heading-tag .heading-char{\nfont-size:25px;\n}\n.av-special-heading.av-j9kl1-242cf20c9a5f3459b7f88963b6a74213 .av-subheading{\nfont-size:15px;\n}\n<\/style>\n<div  class='av-special-heading av-j9kl1-242cf20c9a5f3459b7f88963b6a74213 av-special-heading-h3  avia-builder-el-15  el_after_av_textblock  el_before_av_textblock '><h3 class='av-special-heading-tag '  itemprop=\"headline\"  >Benefits for participating companies<\/h3><div class=\"special-heading-border\"><div class=\"special-heading-inner-border\"><\/div><\/div><\/div><br \/>\n<section  class='av_textblock_section av-kgqg6ukj-d417e4e7d82b8dc3a50909861fba9c98 '   itemscope=\"itemscope\" itemtype=\"https:\/\/schema.org\/CreativeWork\" ><div class='avia_textblock'  itemprop=\"text\" ><p>Participating in the EPirEMed project provides high added value:<\/p>\n<p><u>Visibility<\/u> :<\/p>\n<p>Presence at <a href=\"http:\/\/www.epiremed.eu\" target=\"_blank\" rel=\"noopener\">www.epiremed.eu<\/a> in 4 languages (Catalan, Spanish, French and English) with the services and experiences.<\/p>\n<p>Possibility of being selected to integrate the 12 new created Cross-Border Sustainable Tourism Products (TSET).<\/p>\n<p><u>Marketing support and collaboration<\/u> <strong>:<\/strong> <\/p>\n<p>Orientation of its activity towards sustainable development.<\/p>\n<p>Contact and exchange of experiences with French SMEs in the Pyrenees.<\/p>\n<p><u>Training and improving competitiveness<\/u> :<\/p>\n<p>Access to training workshops (creation of experiences and sustainable tourism products, communication and marketing &#8230;).<\/p>\n<p><u>Information and market intelligence<\/u> :<\/p>\n<p>Access to market intelligence studies generated within the framework of the project.<\/p>\n<p>Use a predefined package of videos and photos.<\/p>\n<p><u>Joint promotion<\/u> :<\/p>\n<p>Appearance in the promotional media of the 12 TST created products.<\/p>\n<p>Invitation to project promotion events.<\/p>\n<\/div><\/section><br \/>\n\n<style type=\"text\/css\" data-created_by=\"avia_inline_auto\" id=\"style-css-av-42fz45-b6f8dea61ef2049f789233591aef9a9e\">\n#top .av-special-heading.av-42fz45-b6f8dea61ef2049f789233591aef9a9e{\npadding-bottom:10px;\n}\nbody .av-special-heading.av-42fz45-b6f8dea61ef2049f789233591aef9a9e .av-special-heading-tag .heading-char{\nfont-size:25px;\n}\n.av-special-heading.av-42fz45-b6f8dea61ef2049f789233591aef9a9e .av-subheading{\nfont-size:15px;\n}\n<\/style>\n<div  class='av-special-heading av-42fz45-b6f8dea61ef2049f789233591aef9a9e av-special-heading-h3  avia-builder-el-17  el_after_av_textblock  el_before_av_image '><h3 class='av-special-heading-tag '  itemprop=\"headline\"  >Potential topics<\/h3><div class=\"special-heading-border\"><div class=\"special-heading-inner-border\"><\/div><\/div><\/div><br \/>\n\n<style type=\"text\/css\" data-created_by=\"avia_inline_auto\" id=\"style-css-av-kmgkw9fj-ca55eaccb9e9a6d347ce9814b72fe9e9\">\n.avia-image-container.av-kmgkw9fj-ca55eaccb9e9a6d347ce9814b72fe9e9 img.avia_image{\nbox-shadow:none;\n}\n.avia-image-container.av-kmgkw9fj-ca55eaccb9e9a6d347ce9814b72fe9e9 .av-image-caption-overlay-center{\ncolor:#ffffff;\n}\n<\/style>\n<div  class='avia-image-container av-kmgkw9fj-ca55eaccb9e9a6d347ce9814b72fe9e9 av-styling- avia-align-center  avia-builder-el-18  el_after_av_heading  el_before_av_heading '   itemprop=\"image\" itemscope=\"itemscope\" itemtype=\"https:\/\/schema.org\/ImageObject\" ><div class=\"avia-image-container-inner\"><div class=\"avia-image-overlay-wrap\"><img decoding=\"async\" fetchpriority=\"high\" class='wp-image-22495 avia-img-lazy-loading-not-22495 avia_image ' src=\"https:\/\/test393.ergatesweb7.ovh\/wp-content\/uploads\/2021\/04\/tematiques-epiremed-1-1030x433.png\" alt='' title='tematiques-epiremed'  height=\"433\" width=\"1030\"  itemprop=\"thumbnailUrl\" srcset=\"https:\/\/test393.ergatesweb7.ovh\/wp-content\/uploads\/2021\/04\/tematiques-epiremed-1-1030x433.png 1030w, https:\/\/test393.ergatesweb7.ovh\/wp-content\/uploads\/2021\/04\/tematiques-epiremed-1-300x126.png 300w, https:\/\/test393.ergatesweb7.ovh\/wp-content\/uploads\/2021\/04\/tematiques-epiremed-1-768x323.png 768w, https:\/\/test393.ergatesweb7.ovh\/wp-content\/uploads\/2021\/04\/tematiques-epiremed-1-705x296.png 705w, https:\/\/test393.ergatesweb7.ovh\/wp-content\/uploads\/2021\/04\/tematiques-epiremed-1.png 1459w\" sizes=\"(max-width: 1030px) 100vw, 1030px\" \/><\/div><\/div><\/div><br \/>\n\n<style type=\"text\/css\" data-created_by=\"avia_inline_auto\" id=\"style-css-av-kr0d37hr-a838346fd54d7ffeed8a891a40d4aca3\">\n#top .av-special-heading.av-kr0d37hr-a838346fd54d7ffeed8a891a40d4aca3{\npadding-bottom:10px;\n}\nbody .av-special-heading.av-kr0d37hr-a838346fd54d7ffeed8a891a40d4aca3 .av-special-heading-tag .heading-char{\nfont-size:25px;\n}\n.av-special-heading.av-kr0d37hr-a838346fd54d7ffeed8a891a40d4aca3 .av-subheading{\nfont-size:15px;\n}\n<\/style>\n<div  class='av-special-heading av-kr0d37hr-a838346fd54d7ffeed8a891a40d4aca3 av-special-heading-h3  avia-builder-el-19  el_after_av_image  el_before_av_textblock '><h3 class='av-special-heading-tag '  itemprop=\"headline\"  >Project financing<\/h3><div class=\"special-heading-border\"><div class=\"special-heading-inner-border\"><\/div><\/div><\/div><br \/>\n<section  class='av_textblock_section av-kgqn0z03-690e072d6d02f8b65ee3ce45c8b9754c '   itemscope=\"itemscope\" itemtype=\"https:\/\/schema.org\/CreativeWork\" ><div class='avia_textblock'  itemprop=\"text\" ><p>It has an overall budget of more than 1.4 million euros, 65% co-financed by the European Regional Development Fund (ERDF) through the Spain-France-Andorra Interreg VA Program (POCTEFA 2014 &#8211; 2020).<\/p>\n<p>The aim of <a href=\"https:\/\/www.poctefa.eu\" target=\"_blank\" rel=\"noopener\">POCTEFA<\/a> is to strengthen the economic and social integration of the Spain-France-Andorra border area. Its support focuses on the development of cross-border economic, social and environmental activities through joint strategies for sustainable territorial development.<\/p>\n<\/div><\/section><br \/>\n\n<style type=\"text\/css\" data-created_by=\"avia_inline_auto\" id=\"style-css-av-2z7icl-9b27fa261c7bd2255eeeba88ec4cc190\">\n#top .av-special-heading.av-2z7icl-9b27fa261c7bd2255eeeba88ec4cc190{\npadding-bottom:10px;\n}\nbody .av-special-heading.av-2z7icl-9b27fa261c7bd2255eeeba88ec4cc190 .av-special-heading-tag .heading-char{\nfont-size:25px;\n}\n.av-special-heading.av-2z7icl-9b27fa261c7bd2255eeeba88ec4cc190 .av-subheading{\nfont-size:15px;\n}\n<\/style>\n<div  class='av-special-heading av-2z7icl-9b27fa261c7bd2255eeeba88ec4cc190 av-special-heading-h3  avia-builder-el-21  el_after_av_textblock  el_before_av_textblock '><h3 class='av-special-heading-tag '  itemprop=\"headline\"  >Project partners<\/h3><div class=\"special-heading-border\"><div class=\"special-heading-inner-border\"><\/div><\/div><\/div><br \/>\n<section  class='av_textblock_section av-kgqg6ukj-d417e4e7d82b8dc3a50909861fba9c98 '   itemscope=\"itemscope\" itemtype=\"https:\/\/schema.org\/CreativeWork\" ><div class='avia_textblock'  itemprop=\"text\" ><p>The EPirEMed project is promoted by a group of Catalan and French partners, led by Ferrocarrils de la Generalitat de Catalunya.<\/p>\n<\/div><\/section><br \/>\n\n<style type=\"text\/css\" data-created_by=\"avia_inline_auto\" id=\"style-css-av-kr0d9wfr-670c7a757f4fd8a8327d66cc11144ef3\">\n#top .av-special-heading.av-kr0d9wfr-670c7a757f4fd8a8327d66cc11144ef3{\npadding-bottom:10px;\n}\nbody .av-special-heading.av-kr0d9wfr-670c7a757f4fd8a8327d66cc11144ef3 .av-special-heading-tag .heading-char{\nfont-size:25px;\n}\n.av-special-heading.av-kr0d9wfr-670c7a757f4fd8a8327d66cc11144ef3 .av-subheading{\nfont-size:15px;\n}\n<\/style>\n<div  class='av-special-heading av-kr0d9wfr-670c7a757f4fd8a8327d66cc11144ef3 av-special-heading-h3  avia-builder-el-23  el_after_av_textblock  el_before_av_textblock '><h3 class='av-special-heading-tag '  itemprop=\"headline\"  >Completion period: <\/h3><div class=\"special-heading-border\"><div class=\"special-heading-inner-border\"><\/div><\/div><\/div><br \/>\n<section  class='av_textblock_section av-kgqg6ukj-d417e4e7d82b8dc3a50909861fba9c98 '   itemscope=\"itemscope\" itemtype=\"https:\/\/schema.org\/CreativeWork\" ><div class='avia_textblock'  itemprop=\"text\" ><p>From January 1 to November 30, 2021<\/p>\n<\/div><\/section><br \/>\n\n<style type=\"text\/css\" data-created_by=\"avia_inline_auto\" id=\"style-css-av-kr0d9wfr-7260fdc2c3ed40986732682066432e44\">\n#top .av-special-heading.av-kr0d9wfr-7260fdc2c3ed40986732682066432e44{\npadding-bottom:10px;\n}\nbody .av-special-heading.av-kr0d9wfr-7260fdc2c3ed40986732682066432e44 .av-special-heading-tag .heading-char{\nfont-size:25px;\n}\n.av-special-heading.av-kr0d9wfr-7260fdc2c3ed40986732682066432e44 .av-subheading{\nfont-size:15px;\n}\n<\/style>\n<div  class='av-special-heading av-kr0d9wfr-7260fdc2c3ed40986732682066432e44 av-special-heading-h3  avia-builder-el-25  el_after_av_textblock  el_before_av_textblock '><h3 class='av-special-heading-tag '  itemprop=\"headline\"  >Contact<\/h3><div class=\"special-heading-border\"><div class=\"special-heading-inner-border\"><\/div><\/div><\/div><br \/>\n<section  class='av_textblock_section av-kgqg6ukj-d417e4e7d82b8dc3a50909861fba9c98 '   itemscope=\"itemscope\" itemtype=\"https:\/\/schema.org\/CreativeWork\" ><div class='avia_textblock'  itemprop=\"text\" ><p>Montse L\u00f3pez &#8211; <a href=\"mailto:turisme@cerdanya.org\" target=\"_blank\" rel=\"noopener\">turisme@cerdanya.org<\/a><\/p>\n<\/div><\/section><\/p><\/div>\n<style type=\"text\/css\" data-created_by=\"avia_inline_auto\" id=\"style-css-av-25xeth-01a1c4b465fb596ed4ea09a7a1a9765e\">\n.flex_column.av-25xeth-01a1c4b465fb596ed4ea09a7a1a9765e{\nborder-radius:0px 0px 0px 0px;\npadding:0px 0px 0px 0px;\n}\n<\/style>\n<div  class='flex_column av-25xeth-01a1c4b465fb596ed4ea09a7a1a9765e av_one_full  avia-builder-el-27  el_after_av_one_full  el_before_av_one_full  first flex_column_div av-zero-column-padding  column-top-margin'     ><p>\n<style type=\"text\/css\" data-created_by=\"avia_inline_auto\" id=\"style-css-av-kq6josrs-8174b4797f21606ea28f5cb530156e95\">\n#top .av-special-heading.av-kq6josrs-8174b4797f21606ea28f5cb530156e95{\npadding-bottom:10px;\n}\nbody .av-special-heading.av-kq6josrs-8174b4797f21606ea28f5cb530156e95 .av-special-heading-tag .heading-char{\nfont-size:25px;\n}\n.av-special-heading.av-kq6josrs-8174b4797f21606ea28f5cb530156e95 .av-subheading{\nfont-size:15px;\n}\n<\/style>\n<div  class='av-special-heading av-kq6josrs-8174b4797f21606ea28f5cb530156e95 av-special-heading-h3  avia-builder-el-28  el_before_av_video  avia-builder-el-first '><h3 class='av-special-heading-tag '  itemprop=\"headline\"  >Project presentation<\/h3><div class=\"special-heading-border\"><div class=\"special-heading-inner-border\"><\/div><\/div><\/div><br \/>\n<div  class='avia-video av-kq6joxlw-74e44f077f3eb26041e0040b90097da5 avia-video-16-9 av-no-preview-image avia-video-load-always av-lazyload-immediate av-lazyload-video-embed'  itemprop=\"video\" itemtype=\"https:\/\/schema.org\/VideoObject\"  data-original_url='https:\/\/www.youtube.com\/watch?v=518ME1-fk58&t=12s'><script type='text\/html' class='av-video-tmpl'><div class='avia-iframe-wrap'><iframe loading=\"lazy\" title=\"Presentaci\u00f3 EPirEMed, 11 de febrer de 2021\" width=\"1333\" height=\"1000\" src=\"https:\/\/www.youtube.com\/embed\/518ME1-fk58?start=12&feature=oembed&autoplay=0&loop=0&controls=1&mute=0\" frameborder=\"0\" allow=\"accelerometer; autoplay; clipboard-write; encrypted-media; gyroscope; picture-in-picture\" allowfullscreen><\/iframe><\/div><\/script><div class='av-click-to-play-overlay'><div class=\"avia_playpause_icon\"><\/div><\/div><\/div><\/p><\/div><\/p>\n\n<style type=\"text\/css\" data-created_by=\"avia_inline_auto\" id=\"style-css-av-267obt-cdcb00842f2f5e6fef1bee5fecfe0e19\">\n.flex_column.av-267obt-cdcb00842f2f5e6fef1bee5fecfe0e19{\nborder-radius:0px 0px 0px 0px;\npadding:0px 0px 0px 0px;\n}\n<\/style>\n<div  class='flex_column av-267obt-cdcb00842f2f5e6fef1bee5fecfe0e19 av_one_full  avia-builder-el-30  el_after_av_one_full  avia-builder-el-last  first flex_column_div av-zero-column-padding  column-top-margin'     ><style type=\"text\/css\" data-created_by=\"avia_inline_auto\" id=\"style-css-av-kmgkw9fj-89ba93c814d8dcfc62eb4a52bc877dec\">\n.avia-image-container.av-kmgkw9fj-89ba93c814d8dcfc62eb4a52bc877dec img.avia_image{\nbox-shadow:none;\n}\n.avia-image-container.av-kmgkw9fj-89ba93c814d8dcfc62eb4a52bc877dec .av-image-caption-overlay-center{\ncolor:#ffffff;\n}\n<\/style>\n<div  class='avia-image-container av-kmgkw9fj-89ba93c814d8dcfc62eb4a52bc877dec av-styling- avia-align-center  avia-builder-el-31  avia-builder-el-no-sibling '   itemprop=\"image\" itemscope=\"itemscope\" itemtype=\"https:\/\/schema.org\/ImageObject\" ><div class=\"avia-image-container-inner\"><div class=\"avia-image-overlay-wrap\"><img decoding=\"async\" fetchpriority=\"high\" class='wp-image-22481 avia-img-lazy-loading-not-22481 avia_image ' src=\"https:\/\/test393.ergatesweb7.ovh\/wp-content\/uploads\/2021\/04\/logos-epiremed.png\" alt='' title='logos-epiremed'  height=\"196\" width=\"933\"  itemprop=\"thumbnailUrl\" srcset=\"https:\/\/test393.ergatesweb7.ovh\/wp-content\/uploads\/2021\/04\/logos-epiremed.png 933w, https:\/\/test393.ergatesweb7.ovh\/wp-content\/uploads\/2021\/04\/logos-epiremed-300x63.png 300w, https:\/\/test393.ergatesweb7.ovh\/wp-content\/uploads\/2021\/04\/logos-epiremed-768x161.png 768w, https:\/\/test393.ergatesweb7.ovh\/wp-content\/uploads\/2021\/04\/logos-epiremed-705x148.png 705w\" sizes=\"(max-width: 933px) 100vw, 933px\" \/><\/div><\/div><\/div><\/div>\n","protected":false},"excerpt":{"rendered":"","protected":false},"author":3,"featured_media":0,"parent":31880,"menu_order":0,"comment_status":"closed","ping_status":"closed","template":"","meta":{"footnotes":""},"class_list":["post-31884","page","type-page","status-publish","hentry"],"_links":{"self":[{"href":"https:\/\/test393.ergatesweb7.ovh\/en\/wp-json\/wp\/v2\/pages\/31884","targetHints":{"allow":["GET"]}}],"collection":[{"href":"https:\/\/test393.ergatesweb7.ovh\/en\/wp-json\/wp\/v2\/pages"}],"about":[{"href":"https:\/\/test393.ergatesweb7.ovh\/en\/wp-json\/wp\/v2\/types\/page"}],"author":[{"embeddable":true,"href":"https:\/\/test393.ergatesweb7.ovh\/en\/wp-json\/wp\/v2\/users\/3"}],"replies":[{"embeddable":true,"href":"https:\/\/test393.ergatesweb7.ovh\/en\/wp-json\/wp\/v2\/comments?post=31884"}],"version-history":[{"count":3,"href":"https:\/\/test393.ergatesweb7.ovh\/en\/wp-json\/wp\/v2\/pages\/31884\/revisions"}],"predecessor-version":[{"id":33230,"href":"https:\/\/test393.ergatesweb7.ovh\/en\/wp-json\/wp\/v2\/pages\/31884\/revisions\/33230"}],"up":[{"embeddable":true,"href":"https:\/\/test393.ergatesweb7.ovh\/en\/wp-json\/wp\/v2\/pages\/31880"}],"wp:attachment":[{"href":"https:\/\/test393.ergatesweb7.ovh\/en\/wp-json\/wp\/v2\/media?parent=31884"}],"curies":[{"name":"wp","href":"https:\/\/api.w.org\/{rel}","templated":true}]}}