{"id":31728,"date":"2022-04-25T16:39:45","date_gmt":"2022-04-25T14:39:45","guid":{"rendered":"https:\/\/www.cerdanya.org\/sant-marti-daranser\/"},"modified":"2022-04-28T22:54:35","modified_gmt":"2022-04-28T20:54:35","slug":"sant-marti-daranser","status":"publish","type":"page","link":"https:\/\/test393.ergatesweb7.ovh\/en\/what-to-do\/cultural-tourism\/cultural-heritage\/lles-de-cerdanya\/sant-marti-daranser\/","title":{"rendered":"Sant Mart\u00ed d&#8217;Ar\u00e0nser"},"content":{"rendered":"\n<style type=\"text\/css\" data-created_by=\"avia_inline_auto\" id=\"style-css-av-36rb4oj-ba4d95154227ed0d8a771e7152bf9e9e\">\n.flex_column.av-36rb4oj-ba4d95154227ed0d8a771e7152bf9e9e{\nborder-radius:0px 0px 0px 0px;\npadding:0px 0px 0px 0px;\n}\n<\/style>\n<div  class='flex_column av-36rb4oj-ba4d95154227ed0d8a771e7152bf9e9e av_one_half  avia-builder-el-0  el_before_av_one_half  avia-builder-el-first  first flex_column_div av-zero-column-padding  '     ><p>\n<style type=\"text\/css\" data-created_by=\"avia_inline_auto\" id=\"style-css-av-3igf0wt-985064f3038d84b58e2c41b85e3742cf\">\n#top .av-special-heading.av-3igf0wt-985064f3038d84b58e2c41b85e3742cf{\npadding-bottom:10px;\n}\nbody .av-special-heading.av-3igf0wt-985064f3038d84b58e2c41b85e3742cf .av-special-heading-tag .heading-char{\nfont-size:25px;\n}\n.av-special-heading.av-3igf0wt-985064f3038d84b58e2c41b85e3742cf .av-subheading{\nfont-size:15px;\n}\n<\/style>\n<div  class='av-special-heading av-3igf0wt-985064f3038d84b58e2c41b85e3742cf av-special-heading-h5  avia-builder-el-1  el_before_av_textblock  avia-builder-el-first '><h5 class='av-special-heading-tag '  itemprop=\"headline\"  >Description<\/h5><div class=\"special-heading-border\"><div class=\"special-heading-inner-border\"><\/div><\/div><\/div><br \/>\n<section  class='av_textblock_section av-ksyomoyl-25f1f3c8b1a0a9b03a6473be4799410f '   itemscope=\"itemscope\" itemtype=\"https:\/\/schema.org\/CreativeWork\" ><div class='avia_textblock'  itemprop=\"text\" ><p>Renovated building in the 18th century, it is an example of the religious architecture of the Baroque period with a rural character in our region.<\/p>\n<p>It is a rectangular church topped on the east by a square apse and the square bell tower with three different bodies. The central body has four semicircular arched windows and the upper body four clocks. The door is located at the end of the nave and the exterior of the building is engraved with the date of construction of the building, 1729. Of note is the iron door pin decorated with circles. One of the most outstanding elements is the altarpiece, which is divided into three bodies framed in columns that house the images, the main one of which corresponds to Sant Mart\u00ed. It is a work painted in gold and decorated on the top and sides with volutes. The nave is decorated with golden baroque murals on a white background, as are the toral arch, the arches of the side chapels and the ribbing of the vaults.<\/p>\n<\/div><\/section><\/p><\/div>\n\n<style type=\"text\/css\" data-created_by=\"avia_inline_auto\" id=\"style-css-av-2coqnf7-fe66bdd07c1c8428c9bfcd41c861e712\">\n.flex_column.av-2coqnf7-fe66bdd07c1c8428c9bfcd41c861e712{\nborder-radius:0px 0px 0px 0px;\npadding:0px 0px 0px 0px;\n}\n<\/style>\n<div  class='flex_column av-2coqnf7-fe66bdd07c1c8428c9bfcd41c861e712 av_one_half  avia-builder-el-3  el_after_av_one_half  el_before_av_one_full  flex_column_div av-zero-column-padding  '     ><style type=\"text\/css\" data-created_by=\"avia_inline_auto\" id=\"style-css-av-29ooh4j-ce37d0100d4783ede2dcdfb80522b429\">\n#top .avia-gallery.av-29ooh4j-ce37d0100d4783ede2dcdfb80522b429 .avia-gallery-thumb a{\nwidth:20%;\n}\n<\/style>\n<div  class='avia-gallery av-29ooh4j-ce37d0100d4783ede2dcdfb80522b429 avia_animate_when_visible  avia-builder-el-4  avia-builder-el-no-sibling  avia_lazyload av-slideshow-ui av-loop-manual-endless av-control-hidden av-navigate-arrows av-navigate-dots hover-effect av-control-hidden avia-gallery-animate avia-gallery-1'  itemprop=\"image\" itemscope=\"itemscope\" itemtype=\"https:\/\/schema.org\/ImageObject\" ><meta itemprop=\"contentURL\" content=\"https:\/\/test393.ergatesweb7.ovh\/en\/what-to-do\/cultural-tourism\/cultural-heritage\/lles-de-cerdanya\/sant-marti-daranser\/\"><div class='avia-gallery-big-wrapper'><a class='avia-gallery-big fakeLightbox lightbox avia-gallery-big-crop-thumb ' href=\"https:\/\/test393.ergatesweb7.ovh\/wp-content\/uploads\/2021\/12\/sant-marti-aranser-pica-baptismal-687x1030.jpg\" data-srcset=\"https:\/\/test393.ergatesweb7.ovh\/wp-content\/uploads\/2021\/12\/sant-marti-aranser-pica-baptismal-687x1030.jpg 687w, https:\/\/test393.ergatesweb7.ovh\/wp-content\/uploads\/2021\/12\/sant-marti-aranser-pica-baptismal-200x300.jpg 200w, https:\/\/test393.ergatesweb7.ovh\/wp-content\/uploads\/2021\/12\/sant-marti-aranser-pica-baptismal-768x1152.jpg 768w, https:\/\/test393.ergatesweb7.ovh\/wp-content\/uploads\/2021\/12\/sant-marti-aranser-pica-baptismal-470x705.jpg 470w, https:\/\/test393.ergatesweb7.ovh\/wp-content\/uploads\/2021\/12\/sant-marti-aranser-pica-baptismal.jpg 1000w\" data-sizes=\"(max-width: 687px) 100vw, 687px\"  data-onclick='1' title='Esgl\u00e9sia de Sant Mart\u00ed d&#8217;Ar\u00e0nser' ><span class='avia-gallery-big-inner'  itemprop=\"thumbnailUrl\" ><img decoding=\"async\" fetchpriority=\"high\" class=\"wp-image-23703 avia-img-lazy-loading-not-23703\"  width=\"495\" height=\"400\" src=\"https:\/\/test393.ergatesweb7.ovh\/wp-content\/uploads\/2021\/12\/sant-marti-aranser-pica-baptismal-495x400.jpg\" title='sant-marti-aranser-pica-baptismal' alt='' srcset=\"https:\/\/test393.ergatesweb7.ovh\/wp-content\/uploads\/2021\/12\/sant-marti-aranser-pica-baptismal-495x400.jpg 495w, https:\/\/test393.ergatesweb7.ovh\/wp-content\/uploads\/2021\/12\/sant-marti-aranser-pica-baptismal-845x684.jpg 845w\" sizes=\"(max-width: 495px) 100vw, 495px\" \/><span class='avia-gallery-caption'>Esgl\u00e9sia de Sant Mart\u00ed d&#8217;Ar\u00e0nser<\/span><\/span><\/a><\/div><div class='avia-gallery-thumb'><a href=\"https:\/\/test393.ergatesweb7.ovh\/wp-content\/uploads\/2021\/12\/sant-marti-aranser-pica-baptismal-687x1030.jpg\" data-srcset=\"https:\/\/test393.ergatesweb7.ovh\/wp-content\/uploads\/2021\/12\/sant-marti-aranser-pica-baptismal-687x1030.jpg 687w, https:\/\/test393.ergatesweb7.ovh\/wp-content\/uploads\/2021\/12\/sant-marti-aranser-pica-baptismal-200x300.jpg 200w, https:\/\/test393.ergatesweb7.ovh\/wp-content\/uploads\/2021\/12\/sant-marti-aranser-pica-baptismal-768x1152.jpg 768w, https:\/\/test393.ergatesweb7.ovh\/wp-content\/uploads\/2021\/12\/sant-marti-aranser-pica-baptismal-470x705.jpg 470w, https:\/\/test393.ergatesweb7.ovh\/wp-content\/uploads\/2021\/12\/sant-marti-aranser-pica-baptismal.jpg 1000w\" data-sizes=\"(max-width: 687px) 100vw, 687px\" data-rel='gallery-1' data-prev-img='https:\/\/test393.ergatesweb7.ovh\/wp-content\/uploads\/2021\/12\/sant-marti-aranser-pica-baptismal-495x400.jpg' class='first_thumb lightbox ' data-onclick='1' title='Esgl\u00e9sia de Sant Mart\u00ed d&#8217;Ar\u00e0nser'  itemprop=\"thumbnailUrl\"  ><img decoding=\"async\" fetchpriority=\"high\" class=\"wp-image-23703 avia-img-lazy-loading-not-23703\"  data-avia-tooltip='Esgl\u00e9sia de Sant Mart\u00ed d&#8217;Ar\u00e0nser' src=\"https:\/\/test393.ergatesweb7.ovh\/wp-content\/uploads\/2021\/12\/sant-marti-aranser-pica-baptismal-495x400.jpg\" width=\"495\" height=\"400\"  title='sant-marti-aranser-pica-baptismal' alt='' srcset=\"https:\/\/test393.ergatesweb7.ovh\/wp-content\/uploads\/2021\/12\/sant-marti-aranser-pica-baptismal-495x400.jpg 495w, https:\/\/test393.ergatesweb7.ovh\/wp-content\/uploads\/2021\/12\/sant-marti-aranser-pica-baptismal-845x684.jpg 845w\" sizes=\"(max-width: 495px) 100vw, 495px\" \/><div class='big-prev-fake'><img decoding=\"async\" loading=\"lazy\" class=\"wp-image-23703 avia-img-lazy-loading-23703\"  width=\"495\" height=\"400\" src=\"https:\/\/test393.ergatesweb7.ovh\/wp-content\/uploads\/2021\/12\/sant-marti-aranser-pica-baptismal-495x400.jpg\" title='sant-marti-aranser-pica-baptismal' alt='' srcset=\"https:\/\/test393.ergatesweb7.ovh\/wp-content\/uploads\/2021\/12\/sant-marti-aranser-pica-baptismal-495x400.jpg 495w, https:\/\/test393.ergatesweb7.ovh\/wp-content\/uploads\/2021\/12\/sant-marti-aranser-pica-baptismal-845x684.jpg 845w\" sizes=\"auto, (max-width: 495px) 100vw, 495px\" \/><\/div><\/a><\/div><\/div><\/div>\n\n<style type=\"text\/css\" data-created_by=\"avia_inline_auto\" id=\"style-css-av-13qih77-00e4eae9d0b6c138f9ba0e0aa3d8fb95\">\n.flex_column.av-13qih77-00e4eae9d0b6c138f9ba0e0aa3d8fb95{\nborder-radius:0px 0px 0px 0px;\npadding:0px 0px 0px 0px;\n}\n<\/style>\n<div  class='flex_column av-13qih77-00e4eae9d0b6c138f9ba0e0aa3d8fb95 av_one_full  avia-builder-el-5  el_after_av_one_half  el_before_av_one_full  first flex_column_div av-zero-column-padding  column-top-margin'     ><style type=\"text\/css\" data-created_by=\"avia_inline_auto\" id=\"style-css-av-kwp2dp8f-f55138033d46035ff7ae47226ad7fa00\">\n#top .hr.hr-invisible.av-kwp2dp8f-f55138033d46035ff7ae47226ad7fa00{\nheight:20px;\n}\n<\/style>\n<div  class='hr av-kwp2dp8f-f55138033d46035ff7ae47226ad7fa00 hr-invisible  avia-builder-el-6  avia-builder-el-no-sibling '><span class='hr-inner '><span class=\"hr-inner-style\"><\/span><\/span><\/div><\/div>\n\n<style type=\"text\/css\" data-created_by=\"avia_inline_auto\" id=\"style-css-av-3yv5b9v-d3e899977985ff1849f179a52966191f\">\n.flex_column.av-3yv5b9v-d3e899977985ff1849f179a52966191f{\nborder-radius:0px 0px 0px 0px;\npadding:0px 0px 0px 0px;\n}\n<\/style>\n<div  class='flex_column av-3yv5b9v-d3e899977985ff1849f179a52966191f av_one_full  avia-builder-el-7  el_after_av_one_full  el_before_av_one_full  first flex_column_div av-zero-column-padding  column-top-margin'     ><p>\n<style type=\"text\/css\" data-created_by=\"avia_inline_auto\" id=\"style-css-av-2tc98d-78a6c8144047462ced906d0fc3e952b4\">\n#top .av-special-heading.av-2tc98d-78a6c8144047462ced906d0fc3e952b4{\npadding-bottom:10px;\n}\nbody .av-special-heading.av-2tc98d-78a6c8144047462ced906d0fc3e952b4 .av-special-heading-tag .heading-char{\nfont-size:25px;\n}\n.av-special-heading.av-2tc98d-78a6c8144047462ced906d0fc3e952b4 .av-subheading{\nfont-size:15px;\n}\n<\/style>\n<div  class='av-special-heading av-2tc98d-78a6c8144047462ced906d0fc3e952b4 av-special-heading-h5  avia-builder-el-8  el_before_av_image  avia-builder-el-first '><h5 class='av-special-heading-tag '  itemprop=\"headline\"  >Virtual tour<\/h5><div class=\"special-heading-border\"><div class=\"special-heading-inner-border\"><\/div><\/div><\/div><br \/>\n\n<style type=\"text\/css\" data-created_by=\"avia_inline_auto\" id=\"style-css-av-kwov5uzo-64306925d83edc61eb455bd8c9e1921b\">\n.avia-image-container.av-kwov5uzo-64306925d83edc61eb455bd8c9e1921b img.avia_image{\nbox-shadow:none;\n}\n.avia-image-container.av-kwov5uzo-64306925d83edc61eb455bd8c9e1921b .av-image-caption-overlay-center{\ncolor:#ffffff;\n}\n<\/style>\n<div  class='avia-image-container av-kwov5uzo-64306925d83edc61eb455bd8c9e1921b av-styling- av-img-linked avia-align-center  avia-builder-el-9  el_after_av_heading  avia-builder-el-last '   itemprop=\"image\" itemscope=\"itemscope\" itemtype=\"https:\/\/schema.org\/ImageObject\" ><div class=\"avia-image-container-inner\"><div class=\"avia-image-overlay-wrap\"><a href=\"https:\/\/www.cerdanya.org\/tour-virtual\/sant-marti-aranser\" class='avia_image '  aria-label='sant-marti-aranser-link-tour-virtual'><img decoding=\"async\" fetchpriority=\"high\" class='wp-image-24666 avia-img-lazy-loading-not-24666 avia_image ' src=\"https:\/\/test393.ergatesweb7.ovh\/wp-content\/uploads\/2021\/12\/sant-marti-aranser-link-tour-virtual.jpg\" alt='' title='sant-marti-aranser-link-tour-virtual'  height=\"515\" width=\"1030\"  itemprop=\"thumbnailUrl\" srcset=\"https:\/\/test393.ergatesweb7.ovh\/wp-content\/uploads\/2021\/12\/sant-marti-aranser-link-tour-virtual.jpg 1030w, https:\/\/test393.ergatesweb7.ovh\/wp-content\/uploads\/2021\/12\/sant-marti-aranser-link-tour-virtual-300x150.jpg 300w, https:\/\/test393.ergatesweb7.ovh\/wp-content\/uploads\/2021\/12\/sant-marti-aranser-link-tour-virtual-768x384.jpg 768w, https:\/\/test393.ergatesweb7.ovh\/wp-content\/uploads\/2021\/12\/sant-marti-aranser-link-tour-virtual-705x353.jpg 705w\" sizes=\"(max-width: 1030px) 100vw, 1030px\" \/><\/a><\/div><\/div><\/div><\/p><\/div>\n<style type=\"text\/css\" data-created_by=\"avia_inline_auto\" id=\"style-css-av-s3dbbn-0e722fbfd78ee340bbf8cc0e77ceb3ab\">\n.flex_column.av-s3dbbn-0e722fbfd78ee340bbf8cc0e77ceb3ab{\nborder-radius:0px 0px 0px 0px;\npadding:0px 0px 0px 0px;\n}\n<\/style>\n<div  class='flex_column av-s3dbbn-0e722fbfd78ee340bbf8cc0e77ceb3ab av_one_full  avia-builder-el-10  el_after_av_one_full  el_before_av_one_half  first flex_column_div av-zero-column-padding  column-top-margin'     ><style type=\"text\/css\" data-created_by=\"avia_inline_auto\" id=\"style-css-av-kwp2dp8f-f55138033d46035ff7ae47226ad7fa00\">\n#top .hr.hr-invisible.av-kwp2dp8f-f55138033d46035ff7ae47226ad7fa00{\nheight:20px;\n}\n<\/style>\n<div  class='hr av-kwp2dp8f-f55138033d46035ff7ae47226ad7fa00 hr-invisible  avia-builder-el-11  avia-builder-el-no-sibling '><span class='hr-inner '><span class=\"hr-inner-style\"><\/span><\/span><\/div><\/div><\/p>\n\n<style type=\"text\/css\" data-created_by=\"avia_inline_auto\" id=\"style-css-av-1ng0qsz-c645341a775a36fc9a94b413daec359d\">\n.flex_column.av-1ng0qsz-c645341a775a36fc9a94b413daec359d{\nborder-radius:0px 0px 0px 0px;\npadding:0px 0px 0px 0px;\n}\n<\/style>\n<div  class='flex_column av-1ng0qsz-c645341a775a36fc9a94b413daec359d av_one_half  avia-builder-el-12  el_after_av_one_full  el_before_av_one_half  first flex_column_div av-zero-column-padding  column-top-margin'     ><p>\n<style type=\"text\/css\" data-created_by=\"avia_inline_auto\" id=\"style-css-av-2fmliu5-921a15cd6b79fe06cdd2b4f948e9c306\">\n#top .av-special-heading.av-2fmliu5-921a15cd6b79fe06cdd2b4f948e9c306{\npadding-bottom:10px;\n}\nbody .av-special-heading.av-2fmliu5-921a15cd6b79fe06cdd2b4f948e9c306 .av-special-heading-tag .heading-char{\nfont-size:25px;\n}\n.av-special-heading.av-2fmliu5-921a15cd6b79fe06cdd2b4f948e9c306 .av-subheading{\nfont-size:15px;\n}\n<\/style>\n<div  class='av-special-heading av-2fmliu5-921a15cd6b79fe06cdd2b4f948e9c306 av-special-heading-h5  avia-builder-el-13  el_before_av_textblock  avia-builder-el-first '><h5 class='av-special-heading-tag '  itemprop=\"headline\"  >Descriptive audio of the church<\/h5><div class=\"special-heading-border\"><div class=\"special-heading-inner-border\"><\/div><\/div><\/div><br \/>\n<section  class='av_textblock_section av-kwp1c696-f012e88fe66fc0b1775c95ccfc237f7e '   itemscope=\"itemscope\" itemtype=\"https:\/\/schema.org\/CreativeWork\" ><div class='avia_textblock'  itemprop=\"text\" ><p>Listen to the phrase to knoe what the church of Sant Mart\u00ed d&#8217;Ar\u00e0nser is like.<\/p>\n<\/div><\/section><br \/>\n<div id=\"av_player-1\" class=\"av-player av-player-container av-kwp1gaol-fc6c4040781e7dae89e9de85a5eabb3b avia-playerstyle-classic av_player-1  avia-builder-el-15  el_after_av_textblock  el_before_av_player  first avia-playlist-no-loop avia-playlist-hide-cover\"><div class=\"av-player-player-container\"><div class=\"wp-playlist wp-audio-playlist wp-playlist-light\">\n\t\t\t<div class=\"wp-playlist-current-item\"><\/div>\n\t\t<audio controls=\"controls\" preload=\"none\" width=\"1478\"\n\t\t\t><\/audio>\n\t<div class=\"wp-playlist-next\"><\/div>\n\t<div class=\"wp-playlist-prev\"><\/div>\n\t<noscript>\n\t<ol>\n\t\t<li><a href='https:\/\/test393.ergatesweb7.ovh\/wp-content\/uploads\/2021\/12\/CAT-ST-MARTI-ARANSER.mp3'>CATAL\u00c0<\/a><\/li>\t<\/ol>\n\t<\/noscript>\n\t<script type=\"application\/json\" class=\"wp-playlist-script\">{\"type\":\"audio\",\"tracklist\":true,\"tracknumbers\":true,\"images\":true,\"artists\":true,\"tracks\":[{\"src\":\"https:\/\/test393.ergatesweb7.ovh\/wp-content\/uploads\/2021\/12\/CAT-ST-MARTI-ARANSER.mp3\",\"type\":\"audio\/mpeg\",\"title\":\"CATAL\\u00c0\",\"caption\":\"\",\"description\":\"Sant Mart\\u00ed d'Ar\\u00e0nser. Locuci\\u00f3 en catal\\u00e0.\",\"meta\":{\"artist\":\"Turisme Cerdanya\",\"genre\":\"Video\",\"year\":\"2021\",\"length_formatted\":\"1:05\"},\"image\":{\"src\":\"https:\/\/test393.ergatesweb7.ovh\/wp-includes\/images\/media\/audio.svg\",\"width\":48,\"height\":64},\"thumb\":{\"src\":\"https:\/\/test393.ergatesweb7.ovh\/wp-includes\/images\/media\/audio.svg\",\"width\":48,\"height\":64}}]}<\/script>\n<\/div>\n\t<\/div><\/div><br \/>\n<div id=\"av_player-2\" class=\"av-player av-player-container av-kwp1gaol-fc6c4040781e7dae89e9de85a5eabb3b avia-playerstyle-classic av_player-2  avia-builder-el-16  el_after_av_player  el_before_av_player  avia-playlist-no-loop avia-playlist-hide-cover\"><div class=\"av-player-player-container\"><div class=\"wp-playlist wp-audio-playlist wp-playlist-light\">\n\t\t\t<div class=\"wp-playlist-current-item\"><\/div>\n\t\t<audio controls=\"controls\" preload=\"none\" width=\"1478\"\n\t\t\t><\/audio>\n\t<div class=\"wp-playlist-next\"><\/div>\n\t<div class=\"wp-playlist-prev\"><\/div>\n\t<noscript>\n\t<ol>\n\t\t<li><a href='https:\/\/test393.ergatesweb7.ovh\/wp-content\/uploads\/2021\/12\/ES-ST-MARTI-ARANSER.mp3'>CASTELL\u00c0<\/a><\/li>\t<\/ol>\n\t<\/noscript>\n\t<script type=\"application\/json\" class=\"wp-playlist-script\">{\"type\":\"audio\",\"tracklist\":true,\"tracknumbers\":true,\"images\":true,\"artists\":true,\"tracks\":[{\"src\":\"https:\/\/test393.ergatesweb7.ovh\/wp-content\/uploads\/2021\/12\/ES-ST-MARTI-ARANSER.mp3\",\"type\":\"audio\/mpeg\",\"title\":\"CASTELL\\u00c0\",\"caption\":\"\",\"description\":\"Sant Mart\\u00ed d'Ar\\u00e0nser. Locuci\\u00f3 en castell\\u00e0.\",\"meta\":{\"artist\":\"Turisme Cerdanya\",\"genre\":\"Video\",\"year\":\"2021\",\"length_formatted\":\"1:08\"},\"image\":{\"src\":\"https:\/\/test393.ergatesweb7.ovh\/wp-includes\/images\/media\/audio.svg\",\"width\":48,\"height\":64},\"thumb\":{\"src\":\"https:\/\/test393.ergatesweb7.ovh\/wp-includes\/images\/media\/audio.svg\",\"width\":48,\"height\":64}}]}<\/script>\n<\/div>\n\t<\/div><\/div><br \/>\n<div id=\"av_player-3\" class=\"av-player av-player-container av-kwp1gaol-fc6c4040781e7dae89e9de85a5eabb3b avia-playerstyle-classic av_player-3  avia-builder-el-17  el_after_av_player  el_before_av_player  avia-playlist-no-loop avia-playlist-hide-cover\"><div class=\"av-player-player-container\"><div class=\"wp-playlist wp-audio-playlist wp-playlist-light\">\n\t\t\t<div class=\"wp-playlist-current-item\"><\/div>\n\t\t<audio controls=\"controls\" preload=\"none\" width=\"1478\"\n\t\t\t><\/audio>\n\t<div class=\"wp-playlist-next\"><\/div>\n\t<div class=\"wp-playlist-prev\"><\/div>\n\t<noscript>\n\t<ol>\n\t\t<li><a href='https:\/\/test393.ergatesweb7.ovh\/wp-content\/uploads\/2021\/12\/UK-ST-MARTI-ARANSER.mp3'>ANGL\u00c8S<\/a><\/li>\t<\/ol>\n\t<\/noscript>\n\t<script type=\"application\/json\" class=\"wp-playlist-script\">{\"type\":\"audio\",\"tracklist\":true,\"tracknumbers\":true,\"images\":true,\"artists\":true,\"tracks\":[{\"src\":\"https:\/\/test393.ergatesweb7.ovh\/wp-content\/uploads\/2021\/12\/UK-ST-MARTI-ARANSER.mp3\",\"type\":\"audio\/mpeg\",\"title\":\"ANGL\\u00c8S\",\"caption\":\"\",\"description\":\"Sant Mart\\u00ed d'Ar\\u00e0nser. Locuci\\u00f3 en angl\\u00e8s.\",\"meta\":{\"artist\":\"Turisme Cerdanya\",\"year\":\"2021\",\"length_formatted\":\"1:16\"},\"image\":{\"src\":\"https:\/\/test393.ergatesweb7.ovh\/wp-includes\/images\/media\/audio.svg\",\"width\":48,\"height\":64},\"thumb\":{\"src\":\"https:\/\/test393.ergatesweb7.ovh\/wp-includes\/images\/media\/audio.svg\",\"width\":48,\"height\":64}}]}<\/script>\n<\/div>\n\t<\/div><\/div><br \/>\n<div id=\"av_player-4\" class=\"av-player av-player-container av-kwp1gaol-fc6c4040781e7dae89e9de85a5eabb3b avia-playerstyle-classic av_player-4  avia-builder-el-18  el_after_av_player  avia-builder-el-last  avia-playlist-no-loop avia-playlist-hide-cover\"><div class=\"av-player-player-container\"><div class=\"wp-playlist wp-audio-playlist wp-playlist-light\">\n\t\t\t<div class=\"wp-playlist-current-item\"><\/div>\n\t\t<audio controls=\"controls\" preload=\"none\" width=\"1478\"\n\t\t\t><\/audio>\n\t<div class=\"wp-playlist-next\"><\/div>\n\t<div class=\"wp-playlist-prev\"><\/div>\n\t<noscript>\n\t<ol>\n\t\t<li><a href='https:\/\/test393.ergatesweb7.ovh\/wp-content\/uploads\/2021\/12\/FR-ST-MARTI-ARANSER.mp3'>FRANC\u00c8S<\/a><\/li>\t<\/ol>\n\t<\/noscript>\n\t<script type=\"application\/json\" class=\"wp-playlist-script\">{\"type\":\"audio\",\"tracklist\":true,\"tracknumbers\":true,\"images\":true,\"artists\":true,\"tracks\":[{\"src\":\"https:\/\/test393.ergatesweb7.ovh\/wp-content\/uploads\/2021\/12\/FR-ST-MARTI-ARANSER.mp3\",\"type\":\"audio\/mpeg\",\"title\":\"FRANC\\u00c8S\",\"caption\":\"\",\"description\":\"Sant Mart\\u00ed d'Ar\\u00e0nser. Locuci\\u00f3 en franc\\u00e8s.\",\"meta\":{\"artist\":\"Turisme Cerdanya\",\"genre\":\"Video\",\"year\":\"2021\",\"length_formatted\":\"1:09\"},\"image\":{\"src\":\"https:\/\/test393.ergatesweb7.ovh\/wp-includes\/images\/media\/audio.svg\",\"width\":48,\"height\":64},\"thumb\":{\"src\":\"https:\/\/test393.ergatesweb7.ovh\/wp-includes\/images\/media\/audio.svg\",\"width\":48,\"height\":64}}]}<\/script>\n<\/div>\n\t<\/div><\/div><\/p><\/div>\n\n<style type=\"text\/css\" data-created_by=\"avia_inline_auto\" id=\"style-css-av-qn9vw3-e99e7990c644c63e9fba89d761c58cbe\">\n.flex_column.av-qn9vw3-e99e7990c644c63e9fba89d761c58cbe{\nborder-radius:0px 0px 0px 0px;\npadding:0px 0px 0px 0px;\n}\n<\/style>\n<div  class='flex_column av-qn9vw3-e99e7990c644c63e9fba89d761c58cbe av_one_half  avia-builder-el-19  el_after_av_one_half  avia-builder-el-last  flex_column_div av-zero-column-padding  column-top-margin'     ><p>\n<style type=\"text\/css\" data-created_by=\"avia_inline_auto\" id=\"style-css-av-vi96kz-ffca9acbf0fe18d07e2d5eba497e1508\">\n#top .av-special-heading.av-vi96kz-ffca9acbf0fe18d07e2d5eba497e1508{\npadding-bottom:10px;\n}\nbody .av-special-heading.av-vi96kz-ffca9acbf0fe18d07e2d5eba497e1508 .av-special-heading-tag .heading-char{\nfont-size:25px;\n}\n.av-special-heading.av-vi96kz-ffca9acbf0fe18d07e2d5eba497e1508 .av-subheading{\nfont-size:15px;\n}\n<\/style>\n<div  class='av-special-heading av-vi96kz-ffca9acbf0fe18d07e2d5eba497e1508 av-special-heading-h5  avia-builder-el-20  el_before_av_textblock  avia-builder-el-first '><h5 class='av-special-heading-tag '  itemprop=\"headline\"  >Legends<\/h5><div class=\"special-heading-border\"><div class=\"special-heading-inner-border\"><\/div><\/div><\/div><br \/>\n<section  class='av_textblock_section av-kwp1c696-f012e88fe66fc0b1775c95ccfc237f7e '   itemscope=\"itemscope\" itemtype=\"https:\/\/schema.org\/CreativeWork\" ><div class='avia_textblock'  itemprop=\"text\" ><p>Do you want to know the legends of our region ?<\/p>\n<\/div><\/section><br \/>\n<div  class='avia-button-wrap avia-button-center  avia-builder-el-22  el_after_av_textblock  avia-builder-el-last '>\n<style type=\"text\/css\" data-created_by=\"avia_inline_auto\" id=\"style-css-av-kx5yxy43-9325c892f176d261efa1a292f8407d88\">\n#top #wrap_all .avia-button.av-kx5yxy43-9325c892f176d261efa1a292f8407d88{\ncolor:#ffffff;\ntransition:all 0.4s ease-in-out;\n}\n#top #wrap_all .avia-button.av-kx5yxy43-9325c892f176d261efa1a292f8407d88:hover{\ncolor:#ffffff;\ntransition:all 0.4s ease-in-out;\n}\n#top #wrap_all .avia-button.av-kx5yxy43-9325c892f176d261efa1a292f8407d88 .avia-svg-icon svg:first-child{\nfill:#ffffff;\nstroke:#ffffff;\n}\n#top #wrap_all .avia-button.av-kx5yxy43-9325c892f176d261efa1a292f8407d88:hover .avia-svg-icon svg:first-child{\nfill:#ffffff;\nstroke:#ffffff;\n}\n<\/style>\n<a href='https:\/\/www.cerdanya.org\/en\/discover\/culture\/legends\/' class='avia-color-theme-color avia-button avia-button-fullwidth av-kx5yxy43-9325c892f176d261efa1a292f8407d88 avia-icon_select-no avia-color-theme-color'   aria-label=\"Click here to read the legends.\"><span class='avia_iconbox_title' >Click here to read the legends.<\/span><span class='avia_button_background avia-button avia-button-fullwidth avia-color-theme-color-highlight'><\/span><\/a><\/div><\/p><\/div>\n","protected":false},"excerpt":{"rendered":"","protected":false},"author":3,"featured_media":24874,"parent":31822,"menu_order":40,"comment_status":"closed","ping_status":"closed","template":"","meta":{"footnotes":""},"class_list":["post-31728","page","type-page","status-publish","has-post-thumbnail","hentry"],"_links":{"self":[{"href":"https:\/\/test393.ergatesweb7.ovh\/en\/wp-json\/wp\/v2\/pages\/31728","targetHints":{"allow":["GET"]}}],"collection":[{"href":"https:\/\/test393.ergatesweb7.ovh\/en\/wp-json\/wp\/v2\/pages"}],"about":[{"href":"https:\/\/test393.ergatesweb7.ovh\/en\/wp-json\/wp\/v2\/types\/page"}],"author":[{"embeddable":true,"href":"https:\/\/test393.ergatesweb7.ovh\/en\/wp-json\/wp\/v2\/users\/3"}],"replies":[{"embeddable":true,"href":"https:\/\/test393.ergatesweb7.ovh\/en\/wp-json\/wp\/v2\/comments?post=31728"}],"version-history":[{"count":10,"href":"https:\/\/test393.ergatesweb7.ovh\/en\/wp-json\/wp\/v2\/pages\/31728\/revisions"}],"predecessor-version":[{"id":35056,"href":"https:\/\/test393.ergatesweb7.ovh\/en\/wp-json\/wp\/v2\/pages\/31728\/revisions\/35056"}],"up":[{"embeddable":true,"href":"https:\/\/test393.ergatesweb7.ovh\/en\/wp-json\/wp\/v2\/pages\/31822"}],"wp:featuredmedia":[{"embeddable":true,"href":"https:\/\/test393.ergatesweb7.ovh\/en\/wp-json\/wp\/v2\/media\/24874"}],"wp:attachment":[{"href":"https:\/\/test393.ergatesweb7.ovh\/en\/wp-json\/wp\/v2\/media?parent=31728"}],"curies":[{"name":"wp","href":"https:\/\/api.w.org\/{rel}","templated":true}]}}